{"id":19151,"date":"2025-02-12T10:44:53","date_gmt":"2025-02-12T15:44:53","guid":{"rendered":"https:\/\/globalexcel.com\/?page_id=19151"},"modified":"2025-02-12T11:19:37","modified_gmt":"2025-02-12T16:19:37","slug":"declaration-contre-lesclavage-moderne","status":"publish","type":"page","link":"https:\/\/globalexcel.com\/fr\/declaration-contre-lesclavage-moderne\/","title":{"rendered":"D\u00e9claration contre l&rsquo;esclavage moderne"},"content":{"rendered":"\t\t<div data-elementor-type=\"wp-page\" data-elementor-id=\"19151\" class=\"elementor elementor-19151 elementor-19150\" data-elementor-post-type=\"page\">\n\t\t\t\t<div class=\"elementor-element elementor-element-787fc88 e-flex e-con-boxed e-con e-parent\" data-id=\"787fc88\" data-element_type=\"container\" data-settings=\"{&quot;background_background&quot;:&quot;classic&quot;}\">\n\t\t\t\t\t<div class=\"e-con-inner\">\n\t\t\t\t\t<\/div>\n\t\t\t\t<\/div>\n\t\t<div class=\"elementor-element elementor-element-52d7841 e-flex e-con-boxed e-con e-parent\" data-id=\"52d7841\" data-element_type=\"container\">\n\t\t\t\t\t<div class=\"e-con-inner\">\n\t\t\t\t<div class=\"elementor-element elementor-element-27bf2b0 elementor-widget__width-inherit elementor-widget elementor-widget-global elementor-global-13862 elementor-global-1930 elementor-widget-breadcrumbs\" data-id=\"27bf2b0\" data-element_type=\"widget\" data-widget_type=\"breadcrumbs.default\">\n\t\t\t\t<div class=\"elementor-widget-container\">\n\t\t\t\t\t<p id=\"breadcrumbs\"><span><span><a href=\"https:\/\/globalexcel.com\/\">Accueil<\/a><\/span><\/span><\/p>\t\t\t\t<\/div>\n\t\t\t\t<\/div>\n\t\t\t\t<div class=\"elementor-element elementor-element-06a7f79 elementor-widget__width-inherit elementor-invisible elementor-widget elementor-widget-heading\" data-id=\"06a7f79\" data-element_type=\"widget\" data-settings=\"{&quot;_animation&quot;:&quot;fadeInUp&quot;}\" data-widget_type=\"heading.default\">\n\t\t\t\t<div class=\"elementor-widget-container\">\n\t\t\t\t\t<h1 class=\"elementor-heading-title elementor-size-default\">D\u00e9claration contre l'esclavage moderne 2024<\/h1>\t\t\t\t<\/div>\n\t\t\t\t<\/div>\n\t\t<div class=\"elementor-element elementor-element-1db23fa e-con-full e-flex e-con e-child\" data-id=\"1db23fa\" data-element_type=\"container\">\n\t\t\t\t<div class=\"elementor-element elementor-element-a86e5ff elementor-widget__width-inherit elementor-invisible elementor-widget elementor-widget-text-editor\" data-id=\"a86e5ff\" data-element_type=\"widget\" data-settings=\"{&quot;_animation&quot;:&quot;fadeInUp&quot;,&quot;_animation_delay&quot;:200}\" data-widget_type=\"text-editor.default\">\n\t\t\t\t<div class=\"elementor-widget-container\">\n\t\t\t\t\t\t\t\t\t<h2>Gestion Global Excel inc. (\u00ab Global Excel \u00bb) et ses filiales s&rsquo;engagent \u00e0 pr\u00e9venir les actes d&rsquo;esclavage moderne et de traite de personnes dans le cadre de ses activit\u00e9s et de ses cha\u00eenes d&rsquo;approvisionnement. <\/h2>\n\t\t\t\t\t\t\t\t<\/div>\n\t\t\t\t<\/div>\n\t\t\t\t<div class=\"elementor-element elementor-element-8db3864 elementor-invisible elementor-widget elementor-widget-text-editor\" data-id=\"8db3864\" data-element_type=\"widget\" data-settings=\"{&quot;_animation&quot;:&quot;fadeInUp&quot;,&quot;_animation_delay&quot;:400}\" data-widget_type=\"text-editor.default\">\n\t\t\t\t<div class=\"elementor-widget-container\">\n\t\t\t\t\t\t\t\t\t<h3>Structure organisationnelle, activit\u00e9s et cha\u00eenes d&rsquo;approvisionnement<\/h3>\n<p>Global Excel est l&rsquo;un des principaux tiers administrateurs ind\u00e9pendants d&rsquo;assurance voyage, d&rsquo;assurance \u00e0 destination et d&rsquo;assurance maladie pour expatri\u00e9s au monde. Global Excel administre des polices d&rsquo;assurance pour de nombreux fournisseurs d&rsquo;assurance du monde entier et dirige des filiales dans diff\u00e9rentes r\u00e9gions, notamment les \u00c9tats-Unis, le Mexique, l\u2019Europe et l\u2019Asie-Pacifique. <\/p>\n<p>Bas\u00e9e \u00e0 Sherbrooke, au Qu\u00e9bec, et \u00e0 Windsor, en Ontario (par l&rsquo;entremise de sa filiale Active Care Management (2018) Inc.), Global Excel emploie plus de 1 300 personnes au Canada.<\/p>\n<p>Toutes les filiales et soci\u00e9t\u00e9s affili\u00e9es de Global Excel participent et se conforment \u00e0 nos processus et strat\u00e9gies visant \u00e0 pr\u00e9venir les actes d&rsquo;esclavage moderne et de traite de personnes au sein de leurs entreprises et de leurs cha\u00eenes d&rsquo;approvisionnement.<\/p>\n<p>Les achats de Global Excel inclus dans ses cha\u00eenes d&rsquo;approvisionnement se font principalement aupr\u00e8s de fournisseurs de services et non de biens. Lorsque Global Excel ach\u00e8te des biens pour ses activit\u00e9s commerciales, elle le fait aupr\u00e8s de fournisseurs \u00e9tablis au Canada ou aux \u00c9tats-Unis. La main-d&rsquo;\u0153uvre de Global Excel est compos\u00e9e en grande partie d&#8217;employ\u00e9s de bureau.  <\/p>\n<h3>Risques li\u00e9s \u00e0 l&rsquo;esclavage moderne<\/h3>\n<p>Global Excel a \u00e9valu\u00e9 les risques d&rsquo;esclavage moderne et de traite de personnes dans diverses sections de ses cha\u00eenes d&rsquo;approvisionnement. Les types de biens qu\u2019ach\u00e8te Global Excel comprennent notamment l\u2019\u00e9lectronique, le mobilier de bureau et le mat\u00e9riel promotionnel. Les types de services qu\u2019elle retient comprennent notamment les agences de recrutement, les services de d\u00e9localisation et la sous-traitance.  <\/p>\n<h3>Pratiques<\/h3>\n<p>Global Excel a mis en \u0153uvre des politiques et des pratiques pertinentes pour aider \u00e0 att\u00e9nuer les activit\u00e9s ill\u00e9gales dans ses cha\u00eenes d&rsquo;approvisionnement. En ce qui concerne l&rsquo;esclavage moderne, ces politiques et pratiques s&rsquo;appliquent non seulement aux biens, mais aussi aux parties de nos cha\u00eenes d&rsquo;approvisionnement qui sont li\u00e9es aux services. Comme la lutte contre l&rsquo;esclavage moderne est un processus continu, Global Excel revoit r\u00e9guli\u00e8rement ces politiques et pratiques afin de cerner les lacunes, de d\u00e9terminer s&rsquo;il y a lieu d&rsquo;apporter des am\u00e9liorations et d\u2019assurer que l&rsquo;esclavage moderne est activement exclu de ses cha\u00eenes d&rsquo;approvisionnement.  <\/p>\n<p>En r\u00e9sum\u00e9, les politiques de Global Excel pour lutter contre l&rsquo;esclavage moderne incluent les suivantes : <br \/>Sensibiliser le personnel concern\u00e9 aux politiques et proc\u00e9dures existantes et \u00e0 l&rsquo;importance de lutter contre l&rsquo;esclavage moderne dans nos cha\u00eenes d&rsquo;approvisionnement; <br \/>\u00c9tablir des proc\u00e9dures de v\u00e9rification de nos cha\u00eenes d&rsquo;approvisionnement; <br \/>Veiller \u00e0 ce que nos partenaires et fournisseurs soient inform\u00e9s de notre position sur l&rsquo;esclavage moderne et de nos attentes en mati\u00e8re d&rsquo;adh\u00e9sion \u00e0 ces normes; et <br \/>R\u00e9viser les politiques de nos partenaires et fournisseurs, le cas \u00e9ch\u00e9ant.<\/p>\n<h3>Diligence raisonnable et contr\u00f4les internes<\/h3>\n<p>Plus pr\u00e9cis\u00e9ment, Global Excel a mis en place les politiques suivantes pour que sa cha\u00eene d&rsquo;approvisionnement soit exempte d&rsquo;esclavage moderne :<\/p>\n<ul>\n<li>Exiger que tous les chefs de service qui participent \u00e0 l&rsquo;approvisionnement en biens et services soient au courant de nos obligations l\u00e9gales en mati\u00e8re de lutte contre l&rsquo;esclavage moderne et qu&rsquo;ils soient inform\u00e9s de nos politiques et de nos efforts en mati\u00e8re de pr\u00e9vention;<\/li>\n<li>\u00c9valuer l&rsquo;origine des biens et services achet\u00e9s \u00e0 l&rsquo;\u00e9tranger par Global Excel, dans la mesure du possible, afin de mesurer correctement le risque d&rsquo;esclavage moderne ou de traite des personnes au moment de leur cr\u00e9ation;<\/li>\n<li>Prendre diverses mesures pour v\u00e9rifier les fournisseurs de biens et de services afin de d\u00e9celer les probl\u00e8mes et les risques li\u00e9s \u00e0 l&rsquo;esclavage moderne et \u00e0 la traite des personnes. Ces mesures peuvent inclure des recherches sur la r\u00e9putation des fournisseurs potentiels et\/ou l&rsquo;exigence d&rsquo;attestations sur ces questions (et d&rsquo;autres) de la part des fournisseurs potentiels avant qu&rsquo;ils ne soient approuv\u00e9s; <\/li>\n<li>Veiller \u00e0 ce que notre \u00e9quipe juridique et de conformit\u00e9 soit inform\u00e9e d\u2019importants fournisseurs et ait proc\u00e9d\u00e9 \u00e0 une v\u00e9rification appropri\u00e9e de ceux-ci;<\/li>\n<li>Veiller \u00e0 ce que tous les contrats avec les fournisseurs contiennent, dans la mesure du possible, des clauses suffisantes pour garantir l&rsquo;absence d&rsquo;esclavage moderne, de traite de personnes et d&rsquo;autres activit\u00e9s ill\u00e9gales dans nos cha\u00eenes d&rsquo;approvisionnement;<\/li>\n<li>Effectuer des contr\u00f4les annuels sur tous les fournisseurs cl\u00e9s afin de garantir l&rsquo;int\u00e9grit\u00e9 de nos cha\u00eenes d&rsquo;approvisionnement \u00e0 cet \u00e9gard; et<\/li>\n<li>Maintenir une politique de d\u00e9nonciation afin de permettre aux employ\u00e9s de faire part de leurs pr\u00e9occupations sur ces questions et sur d&rsquo;autres sujets sans craindre de repr\u00e9sailles.<\/li>\n<\/ul>\n<h3>\u00c9tapes ult\u00e9rieures<\/h3>\n<p>La priorit\u00e9 de Global Excel pour l&rsquo;exercice 2024-2025 sera de mettre en \u0153uvre toutes nos politiques r\u00e9f\u00e9renc\u00e9es avec exactitude et efficacit\u00e9. \u00c0 l&rsquo;interne, ces politiques et proc\u00e9dures seront examin\u00e9es par notre comit\u00e9 de gouvernance, de risque et de conformit\u00e9 lors de ses r\u00e9unions trimestrielles. Les membres concern\u00e9s du comit\u00e9 (ceux de nos services juridiques et de conformit\u00e9) doivent fournir aux autres membres des mises \u00e0 jour sur nos efforts et identifier les d\u00e9fis et les lacunes qui sont apparus et qui n\u00e9cessitent des mesures correctives.  <\/p>\n<p>Les mesures pr\u00e9cises \u00e0 prendre pour l&rsquo;ann\u00e9e 2024-2025 comprennent :<\/p>\n<ul>\n<li>La mise en \u0153uvre d&rsquo;une formation sp\u00e9cifique sur nos pratiques de lutte contre l\u2019esclavage moderne pour les employ\u00e9s directement impliqu\u00e9s dans les achats et les relations avec les fournisseurs;<\/li>\n<li>Examen permanent de nos relations contractuelles, en particulier le renouvellement des contrats existants, afin de s&rsquo;assurer que la formulation appropri\u00e9e et actualis\u00e9e a \u00e9t\u00e9 incluse.<\/li>\n<li>L&rsquo;examen continu de nos relations contractuelles, en particulier le renouvellement des contrats existants pour assurer l\u2019utilisation du libell\u00e9 appropri\u00e9 et actualis\u00e9;<\/li>\n<\/ul>\n\t\t\t\t\t\t\t\t<\/div>\n\t\t\t\t<\/div>\n\t\t\t\t<\/div>\n\t\t\t\t\t<\/div>\n\t\t\t\t<\/div>\n\t\t\t\t<\/div>\n\t\t","protected":false},"excerpt":{"rendered":"<p>D\u00e9claration contre l&rsquo;esclavage moderne 2024 Gestion Global Excel inc. (\u00ab Global Excel \u00bb) et ses filiales s&rsquo;engagent \u00e0 pr\u00e9venir les actes d&rsquo;esclavage moderne et de traite de personnes dans le cadre de ses activit\u00e9s et de ses cha\u00eenes d&rsquo;approvisionnement. Structure organisationnelle, activit\u00e9s et cha\u00eenes d&rsquo;approvisionnement Global Excel est l&rsquo;un des principaux tiers administrateurs ind\u00e9pendants d&rsquo;assurance [&hellip;]<\/p>\n","protected":false},"author":3,"featured_media":0,"parent":0,"menu_order":0,"comment_status":"closed","ping_status":"closed","template":"","meta":{"_acf_changed":false,"inline_featured_image":false,"footnotes":""},"class_list":["post-19151","page","type-page","status-publish","hentry"],"acf":[],"yoast_head":"<!-- This site is optimized with the Yoast SEO plugin v26.4 - https:\/\/yoast.com\/wordpress\/plugins\/seo\/ -->\n<title>D\u00e9claration contre l&#039;esclavage moderne - Global Excel Management Inc.<\/title>\n<meta name=\"robots\" content=\"index, follow, max-snippet:-1, max-image-preview:large, max-video-preview:-1\" \/>\n<link rel=\"canonical\" href=\"https:\/\/globalexcel.com\/fr\/declaration-contre-lesclavage-moderne\/\" \/>\n<meta property=\"og:locale\" content=\"fr_FR\" \/>\n<meta property=\"og:type\" content=\"article\" \/>\n<meta property=\"og:title\" content=\"D\u00e9claration contre l&#039;esclavage moderne - Global Excel Management Inc.\" \/>\n<meta property=\"og:description\" content=\"D\u00e9claration contre l&rsquo;esclavage moderne 2024 Gestion Global Excel inc. (\u00ab Global Excel \u00bb) et ses filiales s&rsquo;engagent \u00e0 pr\u00e9venir les actes d&rsquo;esclavage moderne et de traite de personnes dans le cadre de ses activit\u00e9s et de ses cha\u00eenes d&rsquo;approvisionnement. Structure organisationnelle, activit\u00e9s et cha\u00eenes d&rsquo;approvisionnement Global Excel est l&rsquo;un des principaux tiers administrateurs ind\u00e9pendants d&rsquo;assurance [&hellip;]\" \/>\n<meta property=\"og:url\" content=\"https:\/\/globalexcel.com\/fr\/declaration-contre-lesclavage-moderne\/\" \/>\n<meta property=\"og:site_name\" content=\"Global Excel Management Inc.\" \/>\n<meta property=\"article:modified_time\" content=\"2025-02-12T16:19:37+00:00\" \/>\n<meta name=\"twitter:card\" content=\"summary_large_image\" \/>\n<meta name=\"twitter:label1\" content=\"Dur\u00e9e de lecture estim\u00e9e\" \/>\n\t<meta name=\"twitter:data1\" content=\"5 minutes\" \/>\n<script type=\"application\/ld+json\" class=\"yoast-schema-graph\">{\"@context\":\"https:\/\/schema.org\",\"@graph\":[{\"@type\":\"WebPage\",\"@id\":\"https:\/\/globalexcel.com\/fr\/declaration-contre-lesclavage-moderne\/\",\"url\":\"https:\/\/globalexcel.com\/fr\/declaration-contre-lesclavage-moderne\/\",\"name\":\"D\u00e9claration contre l'esclavage moderne - Global Excel Management Inc.\",\"isPartOf\":{\"@id\":\"https:\/\/globalexcel.com\/#website\"},\"datePublished\":\"2025-02-12T15:44:53+00:00\",\"dateModified\":\"2025-02-12T16:19:37+00:00\",\"breadcrumb\":{\"@id\":\"https:\/\/globalexcel.com\/fr\/declaration-contre-lesclavage-moderne\/#breadcrumb\"},\"inLanguage\":\"fr-FR\",\"potentialAction\":[{\"@type\":\"ReadAction\",\"target\":[\"https:\/\/globalexcel.com\/fr\/declaration-contre-lesclavage-moderne\/\"]}]},{\"@type\":\"BreadcrumbList\",\"@id\":\"https:\/\/globalexcel.com\/fr\/declaration-contre-lesclavage-moderne\/#breadcrumb\",\"itemListElement\":[{\"@type\":\"ListItem\",\"position\":1,\"name\":\"Accueil\",\"item\":\"https:\/\/globalexcel.com\/\"},{\"@type\":\"ListItem\",\"position\":2,\"name\":\"D\u00e9claration contre l&#8217;esclavage moderne\"}]},{\"@type\":\"WebSite\",\"@id\":\"https:\/\/globalexcel.com\/#website\",\"url\":\"https:\/\/globalexcel.com\/\",\"name\":\"Global Excel Management Inc.\",\"description\":\"Votre partenaire dans la gestion des co\u00fbts de sant\u00e9\",\"publisher\":{\"@id\":\"https:\/\/globalexcel.com\/#organization\"},\"potentialAction\":[{\"@type\":\"SearchAction\",\"target\":{\"@type\":\"EntryPoint\",\"urlTemplate\":\"https:\/\/globalexcel.com\/?s={search_term_string}\"},\"query-input\":{\"@type\":\"PropertyValueSpecification\",\"valueRequired\":true,\"valueName\":\"search_term_string\"}}],\"inLanguage\":\"fr-FR\"},{\"@type\":\"Organization\",\"@id\":\"https:\/\/globalexcel.com\/#organization\",\"name\":\"Global Excel Management Inc.\",\"url\":\"https:\/\/globalexcel.com\/\",\"logo\":{\"@type\":\"ImageObject\",\"inLanguage\":\"fr-FR\",\"@id\":\"https:\/\/globalexcel.com\/#\/schema\/logo\/image\/\",\"url\":\"https:\/\/globalexcel.com\/wp-content\/uploads\/gemLogoColor.svg\",\"contentUrl\":\"https:\/\/globalexcel.com\/wp-content\/uploads\/gemLogoColor.svg\",\"caption\":\"Global Excel Management Inc.\"},\"image\":{\"@id\":\"https:\/\/globalexcel.com\/#\/schema\/logo\/image\/\"}}]}<\/script>\n<!-- \/ Yoast SEO plugin. -->","yoast_head_json":{"title":"D\u00e9claration contre l'esclavage moderne - Global Excel Management Inc.","robots":{"index":"index","follow":"follow","max-snippet":"max-snippet:-1","max-image-preview":"max-image-preview:large","max-video-preview":"max-video-preview:-1"},"canonical":"https:\/\/globalexcel.com\/fr\/declaration-contre-lesclavage-moderne\/","og_locale":"fr_FR","og_type":"article","og_title":"D\u00e9claration contre l'esclavage moderne - Global Excel Management Inc.","og_description":"D\u00e9claration contre l&rsquo;esclavage moderne 2024 Gestion Global Excel inc. (\u00ab Global Excel \u00bb) et ses filiales s&rsquo;engagent \u00e0 pr\u00e9venir les actes d&rsquo;esclavage moderne et de traite de personnes dans le cadre de ses activit\u00e9s et de ses cha\u00eenes d&rsquo;approvisionnement. Structure organisationnelle, activit\u00e9s et cha\u00eenes d&rsquo;approvisionnement Global Excel est l&rsquo;un des principaux tiers administrateurs ind\u00e9pendants d&rsquo;assurance [&hellip;]","og_url":"https:\/\/globalexcel.com\/fr\/declaration-contre-lesclavage-moderne\/","og_site_name":"Global Excel Management Inc.","article_modified_time":"2025-02-12T16:19:37+00:00","twitter_card":"summary_large_image","twitter_misc":{"Dur\u00e9e de lecture estim\u00e9e":"5 minutes"},"schema":{"@context":"https:\/\/schema.org","@graph":[{"@type":"WebPage","@id":"https:\/\/globalexcel.com\/fr\/declaration-contre-lesclavage-moderne\/","url":"https:\/\/globalexcel.com\/fr\/declaration-contre-lesclavage-moderne\/","name":"D\u00e9claration contre l'esclavage moderne - Global Excel Management Inc.","isPartOf":{"@id":"https:\/\/globalexcel.com\/#website"},"datePublished":"2025-02-12T15:44:53+00:00","dateModified":"2025-02-12T16:19:37+00:00","breadcrumb":{"@id":"https:\/\/globalexcel.com\/fr\/declaration-contre-lesclavage-moderne\/#breadcrumb"},"inLanguage":"fr-FR","potentialAction":[{"@type":"ReadAction","target":["https:\/\/globalexcel.com\/fr\/declaration-contre-lesclavage-moderne\/"]}]},{"@type":"BreadcrumbList","@id":"https:\/\/globalexcel.com\/fr\/declaration-contre-lesclavage-moderne\/#breadcrumb","itemListElement":[{"@type":"ListItem","position":1,"name":"Accueil","item":"https:\/\/globalexcel.com\/"},{"@type":"ListItem","position":2,"name":"D\u00e9claration contre l&#8217;esclavage moderne"}]},{"@type":"WebSite","@id":"https:\/\/globalexcel.com\/#website","url":"https:\/\/globalexcel.com\/","name":"Global Excel Management Inc.","description":"Votre partenaire dans la gestion des co\u00fbts de sant\u00e9","publisher":{"@id":"https:\/\/globalexcel.com\/#organization"},"potentialAction":[{"@type":"SearchAction","target":{"@type":"EntryPoint","urlTemplate":"https:\/\/globalexcel.com\/?s={search_term_string}"},"query-input":{"@type":"PropertyValueSpecification","valueRequired":true,"valueName":"search_term_string"}}],"inLanguage":"fr-FR"},{"@type":"Organization","@id":"https:\/\/globalexcel.com\/#organization","name":"Global Excel Management Inc.","url":"https:\/\/globalexcel.com\/","logo":{"@type":"ImageObject","inLanguage":"fr-FR","@id":"https:\/\/globalexcel.com\/#\/schema\/logo\/image\/","url":"https:\/\/globalexcel.com\/wp-content\/uploads\/gemLogoColor.svg","contentUrl":"https:\/\/globalexcel.com\/wp-content\/uploads\/gemLogoColor.svg","caption":"Global Excel Management Inc."},"image":{"@id":"https:\/\/globalexcel.com\/#\/schema\/logo\/image\/"}}]}},"_links":{"self":[{"href":"https:\/\/globalexcel.com\/fr\/wp-json\/wp\/v2\/pages\/19151","targetHints":{"allow":["GET"]}}],"collection":[{"href":"https:\/\/globalexcel.com\/fr\/wp-json\/wp\/v2\/pages"}],"about":[{"href":"https:\/\/globalexcel.com\/fr\/wp-json\/wp\/v2\/types\/page"}],"author":[{"embeddable":true,"href":"https:\/\/globalexcel.com\/fr\/wp-json\/wp\/v2\/users\/3"}],"replies":[{"embeddable":true,"href":"https:\/\/globalexcel.com\/fr\/wp-json\/wp\/v2\/comments?post=19151"}],"version-history":[{"count":7,"href":"https:\/\/globalexcel.com\/fr\/wp-json\/wp\/v2\/pages\/19151\/revisions"}],"predecessor-version":[{"id":19182,"href":"https:\/\/globalexcel.com\/fr\/wp-json\/wp\/v2\/pages\/19151\/revisions\/19182"}],"wp:attachment":[{"href":"https:\/\/globalexcel.com\/fr\/wp-json\/wp\/v2\/media?parent=19151"}],"curies":[{"name":"wp","href":"https:\/\/api.w.org\/{rel}","templated":true}]}}