{"id":13611,"date":"2023-08-04T09:13:39","date_gmt":"2023-08-04T13:13:39","guid":{"rendered":"https:\/\/brand.switch.makemagik.com\/recherche-de-fournisseurs\/"},"modified":"2024-05-14T11:38:28","modified_gmt":"2024-05-14T15:38:28","slug":"recherche-de-fournisseurs","status":"publish","type":"page","link":"https:\/\/globalexcel.com\/fr\/recherche-de-fournisseurs\/","title":{"rendered":"Recherche de fournisseurs"},"content":{"rendered":"\t\t<div data-elementor-type=\"wp-page\" data-elementor-id=\"13611\" class=\"elementor elementor-13611 elementor-7424\" data-elementor-post-type=\"page\">\n\t\t\t\t<div class=\"elementor-element elementor-element-2090d07 hero-height e-flex e-con-boxed e-con e-parent\" data-id=\"2090d07\" data-element_type=\"container\" data-settings=\"{&quot;background_background&quot;:&quot;classic&quot;}\">\n\t\t\t\t\t<div class=\"e-con-inner\">\n\t\t\t\t\t<\/div>\n\t\t\t\t<\/div>\n\t\t<div class=\"elementor-element elementor-element-29886ce e-flex e-con-boxed e-con e-parent\" data-id=\"29886ce\" data-element_type=\"container\">\n\t\t\t\t\t<div class=\"e-con-inner\">\n\t\t\t\t<div class=\"elementor-element elementor-element-c877953 elementor-widget__width-inherit elementor-widget elementor-widget-global elementor-global-13862 elementor-global-1930 elementor-widget-breadcrumbs\" data-id=\"c877953\" data-element_type=\"widget\" data-widget_type=\"breadcrumbs.default\">\n\t\t\t\t<div class=\"elementor-widget-container\">\n\t\t\t\t\t<p id=\"breadcrumbs\"><span><span><a href=\"https:\/\/globalexcel.com\/\">Accueil<\/a><\/span><\/span><\/p>\t\t\t\t<\/div>\n\t\t\t\t<\/div>\n\t\t\t\t<div class=\"elementor-element elementor-element-c42e094 elementor-invisible elementor-widget elementor-widget-heading\" data-id=\"c42e094\" data-element_type=\"widget\" data-settings=\"{&quot;_animation&quot;:&quot;fadeInUp&quot;}\" data-widget_type=\"heading.default\">\n\t\t\t\t<div class=\"elementor-widget-container\">\n\t\t\t\t\t<h1 class=\"elementor-heading-title elementor-size-default\">Recherche de fournisseurs<\/h1>\t\t\t\t<\/div>\n\t\t\t\t<\/div>\n\t\t\t\t<div class=\"elementor-element elementor-element-f815218 elementor-widget__width-inherit elementor-invisible elementor-widget elementor-widget-text-editor\" data-id=\"f815218\" data-element_type=\"widget\" data-settings=\"{&quot;_animation&quot;:&quot;fadeInUp&quot;,&quot;_animation_delay&quot;:200}\" data-widget_type=\"text-editor.default\">\n\t\t\t\t<div class=\"elementor-widget-container\">\n\t\t\t\t\t\t\t\t\t<h2>Trouvez un m\u00e9decin pr\u00e8s de chez vous<\/h2>\n\t\t\t\t\t\t\t\t<\/div>\n\t\t\t\t<\/div>\n\t\t\t\t<div class=\"elementor-element elementor-element-3a97e5b e-n-tabs-mobile elementor-invisible elementor-widget elementor-widget-n-tabs\" data-id=\"3a97e5b\" data-element_type=\"widget\" data-settings=\"{&quot;_animation&quot;:&quot;fadeInUp&quot;,&quot;tabs_justify_horizontal_laptop&quot;:&quot;stretch&quot;,&quot;tabs_justify_horizontal_mobile&quot;:&quot;start&quot;,&quot;tabs_justify_horizontal&quot;:&quot;stretch&quot;,&quot;horizontal_scroll&quot;:&quot;disable&quot;}\" data-widget_type=\"nested-tabs.default\">\n\t\t\t\t<div class=\"elementor-widget-container\">\n\t\t\t\t\t\t\t<div class=\"e-n-tabs\" data-widget-number=\"61439579\" aria-label=\"Onglets. Ouvrez des \u00e9l\u00e9ments avec Entrer ou Espace, fermez-les avec Echape et naviguez \u00e0 l&#039;aide des touches fl\u00e9ch\u00e9es.\">\n\t\t\t<div class=\"e-n-tabs-heading\" role=\"tablist\">\n\t\t\t\t\t<button id=\"e-n-tab-title-614395791\" class=\"e-n-tab-title\" aria-selected=\"true\" data-tab-index=\"1\" role=\"tab\" tabindex=\"0\" aria-controls=\"e-n-tab-content-614395791\" style=\"--n-tabs-title-order: 1;\">\n\t\t\t\t\t\t<span class=\"e-n-tab-title-text\">\n\t\t\t\tM\u00e9decins\t\t\t<\/span>\n\t\t<\/button>\n\t\t\t\t<button id=\"e-n-tab-title-614395792\" class=\"e-n-tab-title\" aria-selected=\"false\" data-tab-index=\"2\" role=\"tab\" tabindex=\"-1\" aria-controls=\"e-n-tab-content-614395792\" style=\"--n-tabs-title-order: 2;\">\n\t\t\t\t\t\t<span class=\"e-n-tab-title-text\">\n\t\t\t\tH\u00f4pitaux\t\t\t<\/span>\n\t\t<\/button>\n\t\t\t\t<button id=\"e-n-tab-title-614395793\" class=\"e-n-tab-title\" aria-selected=\"false\" data-tab-index=\"3\" role=\"tab\" tabindex=\"-1\" aria-controls=\"e-n-tab-content-614395793\" style=\"--n-tabs-title-order: 3;\">\n\t\t\t\t\t\t<span class=\"e-n-tab-title-text\">\n\t\t\t\tFournisseurs internationaux\t\t\t<\/span>\n\t\t<\/button>\n\t\t\t\t<button id=\"e-n-tab-title-614395794\" class=\"e-n-tab-title\" aria-selected=\"false\" data-tab-index=\"4\" role=\"tab\" tabindex=\"-1\" aria-controls=\"e-n-tab-content-614395794\" style=\"--n-tabs-title-order: 4;\">\n\t\t\t\t\t\t<span class=\"e-n-tab-title-text\">\n\t\t\t\tAetna Passport Client\t\t\t<\/span>\n\t\t<\/button>\n\t\t\t\t<button id=\"e-n-tab-title-614395795\" class=\"e-n-tab-title\" aria-selected=\"false\" data-tab-index=\"5\" role=\"tab\" tabindex=\"-1\" aria-controls=\"e-n-tab-content-614395795\" style=\"--n-tabs-title-order: 5;\">\n\t\t\t\t\t\t<span class=\"e-n-tab-title-text\">\n\t\t\t\tFirst Health Network\t\t\t<\/span>\n\t\t<\/button>\n\t\t\t\t<button id=\"e-n-tab-title-614395796\" class=\"e-n-tab-title\" aria-selected=\"false\" data-tab-index=\"6\" role=\"tab\" tabindex=\"-1\" aria-controls=\"e-n-tab-content-614395796\" style=\"--n-tabs-title-order: 6;\">\n\t\t\t\t\t\t<span class=\"e-n-tab-title-text\">\n\t\t\t\tR\u00e9seau dentaire\t\t\t<\/span>\n\t\t<\/button>\n\t\t\t\t\t<\/div>\n\t\t\t<div class=\"e-n-tabs-content\">\n\t\t\t\t<div id=\"e-n-tab-content-614395791\" role=\"tabpanel\" aria-labelledby=\"e-n-tab-title-614395791\" data-tab-index=\"1\" style=\"--n-tabs-title-order: 1;\" class=\"e-active elementor-element elementor-element-98cb1f2 e-con-full e-flex e-con e-child\" data-id=\"98cb1f2\" data-element_type=\"container\">\n\t\t<div class=\"elementor-element elementor-element-e5c74b5 e-con-full e-flex e-con e-child\" data-id=\"e5c74b5\" data-element_type=\"container\">\n\t\t\t\t<div class=\"elementor-element elementor-element-055ee90 elementor-widget__width-inherit elementor-hidden-mobile elementor-widget elementor-widget-html\" data-id=\"055ee90\" data-element_type=\"widget\" data-widget_type=\"html.default\">\n\t\t\t\t<div class=\"elementor-widget-container\">\n\t\t\t\t\t<iframe src=\"https:\/\/providersearchweb.omhc.com\/publicsearch\/PractitionerSearch.aspx\" width=\"100%\" height=\"900\" frameborder=\"0\">\n<\/iframe>\t\t\t\t<\/div>\n\t\t\t\t<\/div>\n\t\t\t\t<div class=\"elementor-element elementor-element-88e777c elementor-widget__width-inherit elementor-hidden-desktop elementor-hidden-laptop elementor-hidden-tablet elementor-widget elementor-widget-html\" data-id=\"88e777c\" data-element_type=\"widget\" data-widget_type=\"html.default\">\n\t\t\t\t<div class=\"elementor-widget-container\">\n\t\t\t\t\t<iframe src=\"https:\/\/providersearchweb.omhc.com\/publicsearch\/PractitionerSearch.aspx\" width=\"100%\" height=\"300\" frameborder=\"0\">\n<\/iframe>\t\t\t\t<\/div>\n\t\t\t\t<\/div>\n\t\t\t\t<\/div>\n\t\t\t\t<\/div>\n\t\t<div id=\"e-n-tab-content-614395792\" role=\"tabpanel\" aria-labelledby=\"e-n-tab-title-614395792\" data-tab-index=\"2\" style=\"--n-tabs-title-order: 2;\" class=\" elementor-element elementor-element-7c64154 e-con-full e-flex e-con e-child\" data-id=\"7c64154\" data-element_type=\"container\">\n\t\t<div class=\"elementor-element elementor-element-d61836b e-con-full e-flex e-con e-child\" data-id=\"d61836b\" data-element_type=\"container\">\n\t\t\t\t<div class=\"elementor-element elementor-element-535bb87 elementor-widget__width-inherit elementor-hidden-mobile elementor-widget elementor-widget-html\" data-id=\"535bb87\" data-element_type=\"widget\" data-widget_type=\"html.default\">\n\t\t\t\t<div class=\"elementor-widget-container\">\n\t\t\t\t\t<iframe src=\"https:\/\/providersearchweb.omhc.com\/publicsearch\/FacilitySearch.aspx\" width=\"100%\" height=\"900\" frameborder=\"0\" allowfullscreen=\"allowfullscreen\">\n<\/iframe>\t\t\t\t<\/div>\n\t\t\t\t<\/div>\n\t\t\t\t<div class=\"elementor-element elementor-element-3f356fe elementor-widget__width-inherit elementor-hidden-desktop elementor-hidden-laptop elementor-hidden-tablet elementor-widget elementor-widget-html\" data-id=\"3f356fe\" data-element_type=\"widget\" data-widget_type=\"html.default\">\n\t\t\t\t<div class=\"elementor-widget-container\">\n\t\t\t\t\t<iframe src=\"https:\/\/providersearchweb.omhc.com\/publicsearch\/FacilitySearch.aspx\" width=\"100%\" height=\"300\" frameborder=\"0\" allowfullscreen=\"allowfullscreen\">\n<\/iframe>\t\t\t\t<\/div>\n\t\t\t\t<\/div>\n\t\t\t\t<\/div>\n\t\t\t\t<\/div>\n\t\t<div id=\"e-n-tab-content-614395793\" role=\"tabpanel\" aria-labelledby=\"e-n-tab-title-614395793\" data-tab-index=\"3\" style=\"--n-tabs-title-order: 3;\" class=\" elementor-element elementor-element-54a27af e-con-full e-flex e-con e-child\" data-id=\"54a27af\" data-element_type=\"container\">\n\t\t<div class=\"elementor-element elementor-element-66defea e-con-full e-flex e-con e-child\" data-id=\"66defea\" data-element_type=\"container\">\n\t\t\t\t<div class=\"elementor-element elementor-element-d8d2b01 elementor-widget__width-inherit elementor-widget elementor-widget-html\" data-id=\"d8d2b01\" data-element_type=\"widget\" data-widget_type=\"html.default\">\n\t\t\t\t<div class=\"elementor-widget-container\">\n\t\t\t\t\t<iframe src=\"https:\/\/providersearchweb.omhc.com\/InternationalProviders\/home.aspx\" width=\"100%\" height=\"2000\" frameborder=\"0\" allowfullscreen=\"allowfullscreen\">\n<\/iframe>\t\t\t\t<\/div>\n\t\t\t\t<\/div>\n\t\t\t\t<\/div>\n\t\t\t\t<\/div>\n\t\t<div id=\"e-n-tab-content-614395794\" role=\"tabpanel\" aria-labelledby=\"e-n-tab-title-614395794\" data-tab-index=\"4\" style=\"--n-tabs-title-order: 4;\" class=\" elementor-element elementor-element-3b66b5c e-con-full e-flex e-con e-child\" data-id=\"3b66b5c\" data-element_type=\"container\">\n\t\t<div class=\"elementor-element elementor-element-bc09df5 e-con-full e-flex e-con e-child\" data-id=\"bc09df5\" data-element_type=\"container\">\n\t\t\t\t<div class=\"elementor-element elementor-element-f316aac elementor-widget elementor-widget-text-editor\" data-id=\"f316aac\" data-element_type=\"widget\" data-widget_type=\"text-editor.default\">\n\t\t\t\t<div class=\"elementor-widget-container\">\n\t\t\t\t\t\t\t\t\t<p>Veuillez <a href=\"http:\/\/www.aetna.com\/dse\/search?site_id=passport&amp;langpref=en&amp;tabKey=tab1&amp;site_id=passport&amp;this_page=enter_welcome.jsp&amp;langpref=en\" target=\"_blank\" rel=\"noopener noreferrer\">cliquer ici<\/a> pour acc\u00e9der \u00e0 <strong>AETNA Passport Client<\/strong>.<\/p>\n\t\t\t\t\t\t\t\t<\/div>\n\t\t\t\t<\/div>\n\t\t\t\t<\/div>\n\t\t\t\t<\/div>\n\t\t<div id=\"e-n-tab-content-614395795\" role=\"tabpanel\" aria-labelledby=\"e-n-tab-title-614395795\" data-tab-index=\"5\" style=\"--n-tabs-title-order: 5;\" class=\" elementor-element elementor-element-ab09231 e-con-full e-flex e-con e-child\" data-id=\"ab09231\" data-element_type=\"container\">\n\t\t<div class=\"elementor-element elementor-element-1b8fe5c e-con-full e-flex e-con e-child\" data-id=\"1b8fe5c\" data-element_type=\"container\">\n\t\t\t\t<div class=\"elementor-element elementor-element-001a91c elementor-widget elementor-widget-text-editor\" data-id=\"001a91c\" data-element_type=\"widget\" data-widget_type=\"text-editor.default\">\n\t\t\t\t<div class=\"elementor-widget-container\">\n\t\t\t\t\t\t\t\t\t<p>Veuillez <a href=\"https:\/\/www.firsthealthinternational.com\/LocateProvider\/CustomPage\" target=\"_blank\" rel=\"noopener noreferrer\">cliquer ici<\/a> pour acc\u00e9der au <strong>First Health Network<\/strong>.<\/p>\n\t\t\t\t\t\t\t\t<\/div>\n\t\t\t\t<\/div>\n\t\t\t\t<\/div>\n\t\t\t\t<\/div>\n\t\t<div id=\"e-n-tab-content-614395796\" role=\"tabpanel\" aria-labelledby=\"e-n-tab-title-614395796\" data-tab-index=\"6\" style=\"--n-tabs-title-order: 6;\" class=\" elementor-element elementor-element-f549035 e-flex e-con-boxed e-con e-child\" data-id=\"f549035\" data-element_type=\"container\">\n\t\t\t\t\t<div class=\"e-con-inner\">\n\t\t<div class=\"elementor-element elementor-element-808381b e-con-full e-flex e-con e-child\" data-id=\"808381b\" data-element_type=\"container\">\n\t\t\t\t<div class=\"elementor-element elementor-element-8467f3a elementor-widget__width-inherit elementor-widget elementor-widget-html\" data-id=\"8467f3a\" data-element_type=\"widget\" data-widget_type=\"html.default\">\n\t\t\t\t<div class=\"elementor-widget-container\">\n\t\t\t\t\t<iframe src=\"https:\/\/www.sslws.net\/ProviderSearch\/Search.aspx?logo=oly&amp;s=oly\" width=\"100%\" height=\"500\" frameborder=\"0\" allowfullscreen=\"allowfullscreen\">\n<\/iframe>\t\t\t\t<\/div>\n\t\t\t\t<\/div>\n\t\t\t\t<\/div>\n\t\t\t\t\t<\/div>\n\t\t\t\t<\/div>\n\t\t\t\t\t<\/div>\n\t\t<\/div>\n\t\t\t\t\t\t<\/div>\n\t\t\t\t<\/div>\n\t\t\t\t\t<\/div>\n\t\t\t\t<\/div>\n\t\t\t\t<\/div>\n\t\t","protected":false},"excerpt":{"rendered":"<p>Recherche de fournisseurs Trouvez un m\u00e9decin pr\u00e8s de chez vous M\u00e9decins H\u00f4pitaux Fournisseurs internationaux Aetna Passport Client First Health Network R\u00e9seau dentaire Veuillez cliquer ici pour acc\u00e9der \u00e0 AETNA Passport Client. Veuillez cliquer ici pour acc\u00e9der au First Health Network. Veuillez cliquer ici pour acc\u00e9der \u00e0 AETNA Passport Client. Veuillez cliquer ici pour acc\u00e9der au [&hellip;]<\/p>\n","protected":false},"author":3,"featured_media":12361,"parent":0,"menu_order":0,"comment_status":"closed","ping_status":"closed","template":"","meta":{"_acf_changed":false,"inline_featured_image":false,"footnotes":""},"class_list":["post-13611","page","type-page","status-publish","has-post-thumbnail","hentry"],"acf":[],"yoast_head":"<!-- This site is optimized with the Yoast SEO plugin v26.4 - https:\/\/yoast.com\/wordpress\/plugins\/seo\/ -->\n<title>Recherche de fournisseurs - Global Excel Management Inc.<\/title>\n<meta name=\"robots\" content=\"index, follow, max-snippet:-1, max-image-preview:large, max-video-preview:-1\" \/>\n<link rel=\"canonical\" href=\"https:\/\/globalexcel.com\/fr\/recherche-de-fournisseurs\/\" \/>\n<meta property=\"og:locale\" content=\"fr_FR\" \/>\n<meta property=\"og:type\" content=\"article\" \/>\n<meta property=\"og:title\" content=\"Recherche de fournisseurs - Global Excel Management Inc.\" \/>\n<meta property=\"og:description\" content=\"Recherche de fournisseurs Trouvez un m\u00e9decin pr\u00e8s de chez vous M\u00e9decins H\u00f4pitaux Fournisseurs internationaux Aetna Passport Client First Health Network R\u00e9seau dentaire Veuillez cliquer ici pour acc\u00e9der \u00e0 AETNA Passport Client. Veuillez cliquer ici pour acc\u00e9der au First Health Network. Veuillez cliquer ici pour acc\u00e9der \u00e0 AETNA Passport Client. Veuillez cliquer ici pour acc\u00e9der au [&hellip;]\" \/>\n<meta property=\"og:url\" content=\"https:\/\/globalexcel.com\/fr\/recherche-de-fournisseurs\/\" \/>\n<meta property=\"og:site_name\" content=\"Global Excel Management Inc.\" \/>\n<meta property=\"article:modified_time\" content=\"2024-05-14T15:38:28+00:00\" \/>\n<meta property=\"og:image\" content=\"https:\/\/globalexcel.com\/wp-content\/uploads\/2023\/02\/Hero01-scaled.jpg\" \/>\n\t<meta property=\"og:image:width\" content=\"2560\" \/>\n\t<meta property=\"og:image:height\" content=\"1519\" \/>\n\t<meta property=\"og:image:type\" content=\"image\/jpeg\" \/>\n<meta name=\"twitter:card\" content=\"summary_large_image\" \/>\n<script type=\"application\/ld+json\" class=\"yoast-schema-graph\">{\"@context\":\"https:\/\/schema.org\",\"@graph\":[{\"@type\":\"WebPage\",\"@id\":\"https:\/\/globalexcel.com\/fr\/recherche-de-fournisseurs\/\",\"url\":\"https:\/\/globalexcel.com\/fr\/recherche-de-fournisseurs\/\",\"name\":\"Recherche de fournisseurs - Global Excel Management Inc.\",\"isPartOf\":{\"@id\":\"https:\/\/globalexcel.com\/#website\"},\"primaryImageOfPage\":{\"@id\":\"https:\/\/globalexcel.com\/fr\/recherche-de-fournisseurs\/#primaryimage\"},\"image\":{\"@id\":\"https:\/\/globalexcel.com\/fr\/recherche-de-fournisseurs\/#primaryimage\"},\"thumbnailUrl\":\"https:\/\/globalexcel.com\/wp-content\/uploads\/2023\/02\/Hero01-scaled.jpg\",\"datePublished\":\"2023-08-04T13:13:39+00:00\",\"dateModified\":\"2024-05-14T15:38:28+00:00\",\"breadcrumb\":{\"@id\":\"https:\/\/globalexcel.com\/fr\/recherche-de-fournisseurs\/#breadcrumb\"},\"inLanguage\":\"fr-FR\",\"potentialAction\":[{\"@type\":\"ReadAction\",\"target\":[\"https:\/\/globalexcel.com\/fr\/recherche-de-fournisseurs\/\"]}]},{\"@type\":\"ImageObject\",\"inLanguage\":\"fr-FR\",\"@id\":\"https:\/\/globalexcel.com\/fr\/recherche-de-fournisseurs\/#primaryimage\",\"url\":\"https:\/\/globalexcel.com\/wp-content\/uploads\/2023\/02\/Hero01-scaled.jpg\",\"contentUrl\":\"https:\/\/globalexcel.com\/wp-content\/uploads\/2023\/02\/Hero01-scaled.jpg\",\"width\":2560,\"height\":1519},{\"@type\":\"BreadcrumbList\",\"@id\":\"https:\/\/globalexcel.com\/fr\/recherche-de-fournisseurs\/#breadcrumb\",\"itemListElement\":[{\"@type\":\"ListItem\",\"position\":1,\"name\":\"Accueil\",\"item\":\"https:\/\/globalexcel.com\/\"},{\"@type\":\"ListItem\",\"position\":2,\"name\":\"Recherche de fournisseurs\"}]},{\"@type\":\"WebSite\",\"@id\":\"https:\/\/globalexcel.com\/#website\",\"url\":\"https:\/\/globalexcel.com\/\",\"name\":\"Global Excel Management Inc.\",\"description\":\"Votre partenaire dans la gestion des co\u00fbts de sant\u00e9\",\"publisher\":{\"@id\":\"https:\/\/globalexcel.com\/#organization\"},\"potentialAction\":[{\"@type\":\"SearchAction\",\"target\":{\"@type\":\"EntryPoint\",\"urlTemplate\":\"https:\/\/globalexcel.com\/?s={search_term_string}\"},\"query-input\":{\"@type\":\"PropertyValueSpecification\",\"valueRequired\":true,\"valueName\":\"search_term_string\"}}],\"inLanguage\":\"fr-FR\"},{\"@type\":\"Organization\",\"@id\":\"https:\/\/globalexcel.com\/#organization\",\"name\":\"Global Excel Management Inc.\",\"url\":\"https:\/\/globalexcel.com\/\",\"logo\":{\"@type\":\"ImageObject\",\"inLanguage\":\"fr-FR\",\"@id\":\"https:\/\/globalexcel.com\/#\/schema\/logo\/image\/\",\"url\":\"https:\/\/globalexcel.com\/wp-content\/uploads\/gemLogoColor.svg\",\"contentUrl\":\"https:\/\/globalexcel.com\/wp-content\/uploads\/gemLogoColor.svg\",\"caption\":\"Global Excel Management Inc.\"},\"image\":{\"@id\":\"https:\/\/globalexcel.com\/#\/schema\/logo\/image\/\"}}]}<\/script>\n<!-- \/ Yoast SEO plugin. -->","yoast_head_json":{"title":"Recherche de fournisseurs - Global Excel Management Inc.","robots":{"index":"index","follow":"follow","max-snippet":"max-snippet:-1","max-image-preview":"max-image-preview:large","max-video-preview":"max-video-preview:-1"},"canonical":"https:\/\/globalexcel.com\/fr\/recherche-de-fournisseurs\/","og_locale":"fr_FR","og_type":"article","og_title":"Recherche de fournisseurs - Global Excel Management Inc.","og_description":"Recherche de fournisseurs Trouvez un m\u00e9decin pr\u00e8s de chez vous M\u00e9decins H\u00f4pitaux Fournisseurs internationaux Aetna Passport Client First Health Network R\u00e9seau dentaire Veuillez cliquer ici pour acc\u00e9der \u00e0 AETNA Passport Client. Veuillez cliquer ici pour acc\u00e9der au First Health Network. Veuillez cliquer ici pour acc\u00e9der \u00e0 AETNA Passport Client. Veuillez cliquer ici pour acc\u00e9der au [&hellip;]","og_url":"https:\/\/globalexcel.com\/fr\/recherche-de-fournisseurs\/","og_site_name":"Global Excel Management Inc.","article_modified_time":"2024-05-14T15:38:28+00:00","og_image":[{"width":2560,"height":1519,"url":"https:\/\/globalexcel.com\/wp-content\/uploads\/2023\/02\/Hero01-scaled.jpg","type":"image\/jpeg"}],"twitter_card":"summary_large_image","schema":{"@context":"https:\/\/schema.org","@graph":[{"@type":"WebPage","@id":"https:\/\/globalexcel.com\/fr\/recherche-de-fournisseurs\/","url":"https:\/\/globalexcel.com\/fr\/recherche-de-fournisseurs\/","name":"Recherche de fournisseurs - Global Excel Management Inc.","isPartOf":{"@id":"https:\/\/globalexcel.com\/#website"},"primaryImageOfPage":{"@id":"https:\/\/globalexcel.com\/fr\/recherche-de-fournisseurs\/#primaryimage"},"image":{"@id":"https:\/\/globalexcel.com\/fr\/recherche-de-fournisseurs\/#primaryimage"},"thumbnailUrl":"https:\/\/globalexcel.com\/wp-content\/uploads\/2023\/02\/Hero01-scaled.jpg","datePublished":"2023-08-04T13:13:39+00:00","dateModified":"2024-05-14T15:38:28+00:00","breadcrumb":{"@id":"https:\/\/globalexcel.com\/fr\/recherche-de-fournisseurs\/#breadcrumb"},"inLanguage":"fr-FR","potentialAction":[{"@type":"ReadAction","target":["https:\/\/globalexcel.com\/fr\/recherche-de-fournisseurs\/"]}]},{"@type":"ImageObject","inLanguage":"fr-FR","@id":"https:\/\/globalexcel.com\/fr\/recherche-de-fournisseurs\/#primaryimage","url":"https:\/\/globalexcel.com\/wp-content\/uploads\/2023\/02\/Hero01-scaled.jpg","contentUrl":"https:\/\/globalexcel.com\/wp-content\/uploads\/2023\/02\/Hero01-scaled.jpg","width":2560,"height":1519},{"@type":"BreadcrumbList","@id":"https:\/\/globalexcel.com\/fr\/recherche-de-fournisseurs\/#breadcrumb","itemListElement":[{"@type":"ListItem","position":1,"name":"Accueil","item":"https:\/\/globalexcel.com\/"},{"@type":"ListItem","position":2,"name":"Recherche de fournisseurs"}]},{"@type":"WebSite","@id":"https:\/\/globalexcel.com\/#website","url":"https:\/\/globalexcel.com\/","name":"Global Excel Management Inc.","description":"Votre partenaire dans la gestion des co\u00fbts de sant\u00e9","publisher":{"@id":"https:\/\/globalexcel.com\/#organization"},"potentialAction":[{"@type":"SearchAction","target":{"@type":"EntryPoint","urlTemplate":"https:\/\/globalexcel.com\/?s={search_term_string}"},"query-input":{"@type":"PropertyValueSpecification","valueRequired":true,"valueName":"search_term_string"}}],"inLanguage":"fr-FR"},{"@type":"Organization","@id":"https:\/\/globalexcel.com\/#organization","name":"Global Excel Management Inc.","url":"https:\/\/globalexcel.com\/","logo":{"@type":"ImageObject","inLanguage":"fr-FR","@id":"https:\/\/globalexcel.com\/#\/schema\/logo\/image\/","url":"https:\/\/globalexcel.com\/wp-content\/uploads\/gemLogoColor.svg","contentUrl":"https:\/\/globalexcel.com\/wp-content\/uploads\/gemLogoColor.svg","caption":"Global Excel Management Inc."},"image":{"@id":"https:\/\/globalexcel.com\/#\/schema\/logo\/image\/"}}]}},"_links":{"self":[{"href":"https:\/\/globalexcel.com\/fr\/wp-json\/wp\/v2\/pages\/13611","targetHints":{"allow":["GET"]}}],"collection":[{"href":"https:\/\/globalexcel.com\/fr\/wp-json\/wp\/v2\/pages"}],"about":[{"href":"https:\/\/globalexcel.com\/fr\/wp-json\/wp\/v2\/types\/page"}],"author":[{"embeddable":true,"href":"https:\/\/globalexcel.com\/fr\/wp-json\/wp\/v2\/users\/3"}],"replies":[{"embeddable":true,"href":"https:\/\/globalexcel.com\/fr\/wp-json\/wp\/v2\/comments?post=13611"}],"version-history":[{"count":2,"href":"https:\/\/globalexcel.com\/fr\/wp-json\/wp\/v2\/pages\/13611\/revisions"}],"predecessor-version":[{"id":13613,"href":"https:\/\/globalexcel.com\/fr\/wp-json\/wp\/v2\/pages\/13611\/revisions\/13613"}],"wp:featuredmedia":[{"embeddable":true,"href":"https:\/\/globalexcel.com\/fr\/wp-json\/wp\/v2\/media\/12361"}],"wp:attachment":[{"href":"https:\/\/globalexcel.com\/fr\/wp-json\/wp\/v2\/media?parent=13611"}],"curies":[{"name":"wp","href":"https:\/\/api.w.org\/{rel}","templated":true}]}}