{"id":13537,"date":"2023-08-09T08:25:37","date_gmt":"2023-08-09T12:25:37","guid":{"rendered":"https:\/\/brand.switch.makemagik.com\/conditions-dutilisation\/"},"modified":"2024-05-14T16:38:51","modified_gmt":"2024-05-14T20:38:51","slug":"conditions-dutilisation","status":"publish","type":"page","link":"https:\/\/globalexcel.com\/fr\/conditions-dutilisation\/","title":{"rendered":"Conditions d&rsquo;utilisation"},"content":{"rendered":"\t\t<div data-elementor-type=\"wp-page\" data-elementor-id=\"13537\" class=\"elementor elementor-13537 elementor-8326\" data-elementor-post-type=\"page\">\n\t\t\t\t<div class=\"elementor-element elementor-element-fa8615f hero-height e-flex e-con-boxed e-con e-parent\" data-id=\"fa8615f\" data-element_type=\"container\" data-settings=\"{&quot;background_background&quot;:&quot;classic&quot;}\">\n\t\t\t\t\t<div class=\"e-con-inner\">\n\t\t\t\t\t<\/div>\n\t\t\t\t<\/div>\n\t\t<div class=\"elementor-element elementor-element-240f0fd e-flex e-con-boxed e-con e-parent\" data-id=\"240f0fd\" data-element_type=\"container\">\n\t\t\t\t\t<div class=\"e-con-inner\">\n\t\t\t\t<div class=\"elementor-element elementor-element-ab7c7bc elementor-widget__width-inherit elementor-widget elementor-widget-global elementor-global-13862 elementor-global-1930 elementor-widget-breadcrumbs\" data-id=\"ab7c7bc\" data-element_type=\"widget\" data-widget_type=\"breadcrumbs.default\">\n\t\t\t\t<div class=\"elementor-widget-container\">\n\t\t\t\t\t<p id=\"breadcrumbs\"><span><span><a href=\"https:\/\/globalexcel.com\/\">Accueil<\/a><\/span><\/span><\/p>\t\t\t\t<\/div>\n\t\t\t\t<\/div>\n\t\t\t\t<div class=\"elementor-element elementor-element-00753ea elementor-widget__width-inherit elementor-invisible elementor-widget elementor-widget-heading\" data-id=\"00753ea\" data-element_type=\"widget\" data-settings=\"{&quot;_animation&quot;:&quot;fadeInUp&quot;}\" data-widget_type=\"heading.default\">\n\t\t\t\t<div class=\"elementor-widget-container\">\n\t\t\t\t\t<h1 class=\"elementor-heading-title elementor-size-default\">Conditions d'utilisation<\/h1>\t\t\t\t<\/div>\n\t\t\t\t<\/div>\n\t\t<div class=\"elementor-element elementor-element-425b08a e-con-full e-flex e-con e-child\" data-id=\"425b08a\" data-element_type=\"container\">\n\t\t\t\t<div class=\"elementor-element elementor-element-70110ed elementor-widget__width-inherit elementor-invisible elementor-widget elementor-widget-text-editor\" data-id=\"70110ed\" data-element_type=\"widget\" data-settings=\"{&quot;_animation&quot;:&quot;fadeInUp&quot;,&quot;_animation_delay&quot;:200}\" data-widget_type=\"text-editor.default\">\n\t\t\t\t<div class=\"elementor-widget-container\">\n\t\t\t\t\t\t\t\t\t<h2>Pour une assistance imm\u00e9diate \u00e0 nos assur\u00e9s, \u00e0 nos clients ou pour une assistance en cas de sinistre :<\/h2>\n\t\t\t\t\t\t\t\t<\/div>\n\t\t\t\t<\/div>\n\t\t\t\t<div class=\"elementor-element elementor-element-f8c35c1 elementor-widget__width-inherit elementor-widget elementor-widget-text-editor\" data-id=\"f8c35c1\" data-element_type=\"widget\" data-widget_type=\"text-editor.default\">\n\t\t\t\t<div class=\"elementor-widget-container\">\n\t\t\t\t\t\t\t\t\t<h3>Conditions d&rsquo;utilisation<\/h3>\n<p>En acc\u00e9dant au site Web de Global Excel, vous acceptez les conditions d&rsquo;utilisation suivantes. Par cons\u00e9quent, vous \u00eates li\u00e9 par les conditions \u00e9nonc\u00e9es sur la page en question ; en cas d&rsquo;utilisation abusive ou contraire aux conditions actuelles, Gestion Global Excel inc. (ci-apr\u00e8s \u00a0\u00bb GLOBAL EXCEL \u00ab\u00a0) prendra toutes les mesures n\u00e9cessaires pour faire respecter ses droits. Si vous n&rsquo;acceptez pas d&rsquo;\u00eatre li\u00e9 par les pr\u00e9sentes conditions g\u00e9n\u00e9rales, veuillez cesser imm\u00e9diatement d&rsquo;utiliser ce site web.<\/p>\n<p>GLOBAL EXCEL se r\u00e9serve le droit de modifier unilat\u00e9ralement cette convention d&rsquo;utilisation du site en tout temps et sans pr\u00e9avis. En cas de modification, en utilisant ce site web, vous acceptez d&rsquo;\u00eatre li\u00e9 par les nouvelles conditions \u00e9nonc\u00e9es dans cet accord.<\/p>\n<h3>Confidentialit\u00e9 des informations et s\u00e9curit\u00e9<\/h3>\n<p>Nous accordons une grande importance \u00e0 la protection de votre vie priv\u00e9e. Bien que nos efforts en mati\u00e8re de s\u00e9curit\u00e9 soient conformes aux pratiques de l&rsquo;industrie au Canada, il n&rsquo;est pas encore possible d&rsquo;assurer une protection totale de la vie priv\u00e9e, de la confidentialit\u00e9 et de la s\u00e9curit\u00e9 sur l&rsquo;internet et, par cons\u00e9quent, il n&rsquo;est pas possible de les garantir. Par cons\u00e9quent, sans limiter la port\u00e9e de toute autre clause de non-responsabilit\u00e9 contenue dans le pr\u00e9sent document, nous ne pouvons \u00eatre tenus responsables de tout pr\u00e9judice ou de toute perte r\u00e9sultant de la transmission d&rsquo;informations par le biais de ce site web, ni de tout pr\u00e9judice que vous ou toute autre partie pourriez subir en raison d&rsquo;une violation de la confidentialit\u00e9 ou de la s\u00e9curit\u00e9.<\/p>\n<h3>Conseils professionnels<\/h3>\n<p>En fournissant des informations sur ce site web, nous ne donnons aucun conseil juridique, d&rsquo;assurance, financier ou autre.<\/p>\n<h3>Propri\u00e9t\u00e9 intellectuelle<\/h3>\n<p><strong>Droit d&rsquo;auteur :<\/strong>  La pr\u00e9sentation et le contenu de ce site web, y compris les textes, les graphiques, les images, les logiciels et tout autre mat\u00e9riel contenu dans ce site (collectivement d\u00e9nomm\u00e9s \u00ab\u00a0mat\u00e9riel\u00a0\u00bb), sont prot\u00e9g\u00e9s par des droits d&rsquo;auteur. L&rsquo;utilisation non autoris\u00e9e du mat\u00e9riel peut constituer une violation du droit d&rsquo;auteur, du droit des marques et d&rsquo;autres lois. Toute reproduction, redistribution, retransmission ou modification du contenu de ce site web sans notre autorisation \u00e9crite expresse est interdite. Si vous violez l&rsquo;une de ces restrictions, votre autorisation d&rsquo;utiliser le mat\u00e9riel prend automatiquement fin et vous devez imm\u00e9diatement d\u00e9truire toutes les copies que vous en avez faites. .<br \/>Marques d\u00e9pos\u00e9es : Certains des logos, marques, noms, dessins, titres, mots, phrases ou slogans utilis\u00e9s sur ce site Web constituent des marques de commerce de GLOBAL EXCEL ou sont utilis\u00e9s sous licence. Tout t\u00e9l\u00e9chargement, copie ou modification non autoris\u00e9 du contenu de ce site Web peut donc constituer une violation des lois f\u00e9d\u00e9rales ou de common law sur les marques de commerce et\/ou les droits d&rsquo;auteur. Tous les autres noms de produits ou services mentionn\u00e9s sur notre site sont des marques d\u00e9pos\u00e9es par leurs propri\u00e9taires respectifs. .<\/p>\n<p>Sans limiter la g\u00e9n\u00e9ralit\u00e9 de ce qui pr\u00e9c\u00e8de, les \u00e9l\u00e9ments suivants constituent des marques de commerce de GLOBAL EXCEL :<br \/>\u2020Global Excel (nom et mod\u00e8le)<br \/>*La cl\u00e9 des affaires pour les Am\u00e9riques<br \/>*Partenaires pour : Am\u00e9rique<br \/>*Partenaires pour : vous<br \/>\u2020 est une marque d\u00e9pos\u00e9e de Global Excel Management Inc.<br \/>*sont des marques de commerce de Global Excel Management Inc.<\/p>\n<h3>Exactitude des informations<\/h3>\n<p>Toutes les informations figurant sur ce site web sont susceptibles d&rsquo;\u00eatre modifi\u00e9es sans pr\u00e9avis. Nous ne garantissons pas que les informations trouv\u00e9es sur ce site soient exactes ou \u00e0 jour. Nous ne sommes pas responsables de la confiance pr\u00e9judiciable que vous accordez \u00e0 ce site web ou \u00e0 son contenu. L&rsquo;utilisation de ce site web se fait \u00ab\u00a0en l&rsquo;\u00e9tat\u00a0\u00bb et enti\u00e8rement \u00e0 vos risques et p\u00e9rils.<\/p>\n<h3>Services<\/h3>\n<p>Les descriptions de services fournies sur ce site web le sont uniquement \u00e0 titre d&rsquo;information g\u00e9n\u00e9rale et ne sont pas propos\u00e9es dans une juridiction ou un pays o\u00f9 une telle offre ou de tels services seraient contraires \u00e0 la l\u00e9gislation ou \u00e0 la r\u00e9glementation locale. Les informations fournies sur le site ne constituent pas une offre. Les services d\u00e9crits sur ce site web peuvent \u00eatre r\u00e9gis par les prestations, les conditions et les exclusions figurant dans le libell\u00e9 de votre police d&rsquo;assurance.<\/p>\n<h3>Pas de responsabilit\u00e9<\/h3>\n<p>L&rsquo;utilisation de ce site se fait enti\u00e8rement \u00e0 vos risques et p\u00e9rils. GLOBAL EXCEL, ses soci\u00e9t\u00e9s affili\u00e9es et leurs repr\u00e9sentants ne seront en aucun cas responsables de tout pr\u00e9judice, perte ou dommage, quelle qu&rsquo;en soit la cause, d\u00e9coulant de votre utilisation de ce site Web, y compris les dommages directs, indirects, sp\u00e9ciaux, aux tiers ou cons\u00e9cutifs. Nous ne serons pas responsables de la confiance pr\u00e9judiciable que vous pourriez accorder au site web ou \u00e0 son contenu.<\/p>\n<h3>Hyperliens<\/h3>\n<p>Les sites accessibles par des liens hypertextes figurant sur ce site web ont \u00e9t\u00e9 d\u00e9velopp\u00e9s ind\u00e9pendamment par d&rsquo;autres. Nous ne garantissons pas l&rsquo;exactitude des informations contenues dans ces autres sites. Nous ne faisons aucune d\u00e9claration quant au contenu de ces autres sites. Nous ne cautionnons ni n&rsquo;approuvons les opinions exprim\u00e9es sur ces autres sites. Les commanditaires de ces sites ne sont pas affili\u00e9s \u00e0 GLOBAL EXCEL ou \u00e0 ses soci\u00e9t\u00e9s affili\u00e9es.<\/p>\n<h3>Licence limit\u00e9e<\/h3>\n<p>Il vous est interdit de distribuer le texte ou les graphiques de ce site Web \u00e0 d&rsquo;autres fins sans l&rsquo;autorisation \u00e9crite expresse de GLOBAL EXCEL. Il vous est \u00e9galement interdit de dupliquer, de modifier ou de r\u00e9utiliser cette information sur votre propre site Web sans l&rsquo;autorisation \u00e9crite expresse de GLOBAL EXCEL. Vous pouvez toutefois imprimer des copies de l&rsquo;information pour votre usage personnel ou stocker les fichiers sur votre propre ordinateur pour votre usage personnel. .<br \/>Vous pouvez inclure un lien vers ce site web sur votre propre site, \u00e0 condition que le lien renvoie \u00e0 sa page d&rsquo;accueil.<\/p>\n<h3>Comp\u00e9tence<\/h3>\n<p>Le si\u00e8ge social de GLOBAL EXCEL est situ\u00e9 \u00e0 Sherbrooke, dans la province de Qu\u00e9bec, au Canada. Les lois de la province de Qu\u00e9bec et les lois f\u00e9d\u00e9rales du Canada qui y sont applicables r\u00e9gissent l&rsquo;interpr\u00e9tation, la validit\u00e9 et l&rsquo;effet du pr\u00e9sent accord et de toute utilisation de ce site web. Par la pr\u00e9sente, vous consentez et vous vous soumettez \u00e0 la comp\u00e9tence non exclusive des tribunaux de la province de Qu\u00e9bec pour toute action ou proc\u00e9dure intent\u00e9e en vertu du pr\u00e9sent accord ou li\u00e9e \u00e0 celui-ci ou \u00e0 votre utilisation de ce site web.<\/p>\n\t\t\t\t\t\t\t\t<\/div>\n\t\t\t\t<\/div>\n\t\t\t\t<\/div>\n\t\t\t\t\t<\/div>\n\t\t\t\t<\/div>\n\t\t\t\t<\/div>\n\t\t","protected":false},"excerpt":{"rendered":"<p>Conditions d&rsquo;utilisation Pour une assistance imm\u00e9diate \u00e0 nos assur\u00e9s, \u00e0 nos clients ou pour une assistance en cas de sinistre : Conditions d&rsquo;utilisation En acc\u00e9dant au site Web de Global Excel, vous acceptez les conditions d&rsquo;utilisation suivantes. Par cons\u00e9quent, vous \u00eates li\u00e9 par les conditions \u00e9nonc\u00e9es sur la page en question ; en cas d&rsquo;utilisation [&hellip;]<\/p>\n","protected":false},"author":3,"featured_media":0,"parent":0,"menu_order":0,"comment_status":"closed","ping_status":"closed","template":"","meta":{"_acf_changed":false,"inline_featured_image":false,"footnotes":""},"class_list":["post-13537","page","type-page","status-publish","hentry"],"acf":[],"yoast_head":"<!-- This site is optimized with the Yoast SEO plugin v26.4 - https:\/\/yoast.com\/wordpress\/plugins\/seo\/ -->\n<title>Conditions d&#039;utilisation - Global Excel Management Inc.<\/title>\n<meta name=\"robots\" content=\"index, follow, max-snippet:-1, max-image-preview:large, max-video-preview:-1\" \/>\n<link rel=\"canonical\" href=\"https:\/\/globalexcel.com\/conditions-of-use\/\" \/>\n<meta property=\"og:locale\" content=\"fr_FR\" \/>\n<meta property=\"og:type\" content=\"article\" \/>\n<meta property=\"og:title\" content=\"Conditions d&#039;utilisation - Global Excel Management Inc.\" \/>\n<meta property=\"og:description\" content=\"Conditions d&rsquo;utilisation Pour une assistance imm\u00e9diate \u00e0 nos assur\u00e9s, \u00e0 nos clients ou pour une assistance en cas de sinistre : Conditions d&rsquo;utilisation En acc\u00e9dant au site Web de Global Excel, vous acceptez les conditions d&rsquo;utilisation suivantes. Par cons\u00e9quent, vous \u00eates li\u00e9 par les conditions \u00e9nonc\u00e9es sur la page en question ; en cas d&rsquo;utilisation [&hellip;]\" \/>\n<meta property=\"og:url\" content=\"https:\/\/globalexcel.com\/conditions-of-use\/\" \/>\n<meta property=\"og:site_name\" content=\"Global Excel Management Inc.\" \/>\n<meta property=\"article:modified_time\" content=\"2024-05-14T20:38:51+00:00\" \/>\n<meta name=\"twitter:card\" content=\"summary_large_image\" \/>\n<meta name=\"twitter:label1\" content=\"Dur\u00e9e de lecture estim\u00e9e\" \/>\n\t<meta name=\"twitter:data1\" content=\"6 minutes\" \/>\n<script type=\"application\/ld+json\" class=\"yoast-schema-graph\">{\"@context\":\"https:\/\/schema.org\",\"@graph\":[{\"@type\":\"WebPage\",\"@id\":\"https:\/\/globalexcel.com\/conditions-of-use\/\",\"url\":\"https:\/\/globalexcel.com\/conditions-of-use\/\",\"name\":\"Conditions d'utilisation - Global Excel Management Inc.\",\"isPartOf\":{\"@id\":\"https:\/\/globalexcel.com\/#website\"},\"datePublished\":\"2023-08-09T12:25:37+00:00\",\"dateModified\":\"2024-05-14T20:38:51+00:00\",\"breadcrumb\":{\"@id\":\"https:\/\/globalexcel.com\/conditions-of-use\/#breadcrumb\"},\"inLanguage\":\"fr-FR\",\"potentialAction\":[{\"@type\":\"ReadAction\",\"target\":[\"https:\/\/globalexcel.com\/conditions-of-use\/\"]}]},{\"@type\":\"BreadcrumbList\",\"@id\":\"https:\/\/globalexcel.com\/conditions-of-use\/#breadcrumb\",\"itemListElement\":[{\"@type\":\"ListItem\",\"position\":1,\"name\":\"Accueil\",\"item\":\"https:\/\/globalexcel.com\/\"},{\"@type\":\"ListItem\",\"position\":2,\"name\":\"Conditions d&#8217;utilisation\"}]},{\"@type\":\"WebSite\",\"@id\":\"https:\/\/globalexcel.com\/#website\",\"url\":\"https:\/\/globalexcel.com\/\",\"name\":\"Global Excel Management Inc.\",\"description\":\"Votre partenaire dans la gestion des co\u00fbts de sant\u00e9\",\"publisher\":{\"@id\":\"https:\/\/globalexcel.com\/#organization\"},\"potentialAction\":[{\"@type\":\"SearchAction\",\"target\":{\"@type\":\"EntryPoint\",\"urlTemplate\":\"https:\/\/globalexcel.com\/?s={search_term_string}\"},\"query-input\":{\"@type\":\"PropertyValueSpecification\",\"valueRequired\":true,\"valueName\":\"search_term_string\"}}],\"inLanguage\":\"fr-FR\"},{\"@type\":\"Organization\",\"@id\":\"https:\/\/globalexcel.com\/#organization\",\"name\":\"Global Excel Management Inc.\",\"url\":\"https:\/\/globalexcel.com\/\",\"logo\":{\"@type\":\"ImageObject\",\"inLanguage\":\"fr-FR\",\"@id\":\"https:\/\/globalexcel.com\/#\/schema\/logo\/image\/\",\"url\":\"https:\/\/globalexcel.com\/wp-content\/uploads\/gemLogoColor.svg\",\"contentUrl\":\"https:\/\/globalexcel.com\/wp-content\/uploads\/gemLogoColor.svg\",\"caption\":\"Global Excel Management Inc.\"},\"image\":{\"@id\":\"https:\/\/globalexcel.com\/#\/schema\/logo\/image\/\"}}]}<\/script>\n<!-- \/ Yoast SEO plugin. -->","yoast_head_json":{"title":"Conditions d'utilisation - Global Excel Management Inc.","robots":{"index":"index","follow":"follow","max-snippet":"max-snippet:-1","max-image-preview":"max-image-preview:large","max-video-preview":"max-video-preview:-1"},"canonical":"https:\/\/globalexcel.com\/conditions-of-use\/","og_locale":"fr_FR","og_type":"article","og_title":"Conditions d'utilisation - Global Excel Management Inc.","og_description":"Conditions d&rsquo;utilisation Pour une assistance imm\u00e9diate \u00e0 nos assur\u00e9s, \u00e0 nos clients ou pour une assistance en cas de sinistre : Conditions d&rsquo;utilisation En acc\u00e9dant au site Web de Global Excel, vous acceptez les conditions d&rsquo;utilisation suivantes. Par cons\u00e9quent, vous \u00eates li\u00e9 par les conditions \u00e9nonc\u00e9es sur la page en question ; en cas d&rsquo;utilisation [&hellip;]","og_url":"https:\/\/globalexcel.com\/conditions-of-use\/","og_site_name":"Global Excel Management Inc.","article_modified_time":"2024-05-14T20:38:51+00:00","twitter_card":"summary_large_image","twitter_misc":{"Dur\u00e9e de lecture estim\u00e9e":"6 minutes"},"schema":{"@context":"https:\/\/schema.org","@graph":[{"@type":"WebPage","@id":"https:\/\/globalexcel.com\/conditions-of-use\/","url":"https:\/\/globalexcel.com\/conditions-of-use\/","name":"Conditions d'utilisation - Global Excel Management Inc.","isPartOf":{"@id":"https:\/\/globalexcel.com\/#website"},"datePublished":"2023-08-09T12:25:37+00:00","dateModified":"2024-05-14T20:38:51+00:00","breadcrumb":{"@id":"https:\/\/globalexcel.com\/conditions-of-use\/#breadcrumb"},"inLanguage":"fr-FR","potentialAction":[{"@type":"ReadAction","target":["https:\/\/globalexcel.com\/conditions-of-use\/"]}]},{"@type":"BreadcrumbList","@id":"https:\/\/globalexcel.com\/conditions-of-use\/#breadcrumb","itemListElement":[{"@type":"ListItem","position":1,"name":"Accueil","item":"https:\/\/globalexcel.com\/"},{"@type":"ListItem","position":2,"name":"Conditions d&#8217;utilisation"}]},{"@type":"WebSite","@id":"https:\/\/globalexcel.com\/#website","url":"https:\/\/globalexcel.com\/","name":"Global Excel Management Inc.","description":"Votre partenaire dans la gestion des co\u00fbts de sant\u00e9","publisher":{"@id":"https:\/\/globalexcel.com\/#organization"},"potentialAction":[{"@type":"SearchAction","target":{"@type":"EntryPoint","urlTemplate":"https:\/\/globalexcel.com\/?s={search_term_string}"},"query-input":{"@type":"PropertyValueSpecification","valueRequired":true,"valueName":"search_term_string"}}],"inLanguage":"fr-FR"},{"@type":"Organization","@id":"https:\/\/globalexcel.com\/#organization","name":"Global Excel Management Inc.","url":"https:\/\/globalexcel.com\/","logo":{"@type":"ImageObject","inLanguage":"fr-FR","@id":"https:\/\/globalexcel.com\/#\/schema\/logo\/image\/","url":"https:\/\/globalexcel.com\/wp-content\/uploads\/gemLogoColor.svg","contentUrl":"https:\/\/globalexcel.com\/wp-content\/uploads\/gemLogoColor.svg","caption":"Global Excel Management Inc."},"image":{"@id":"https:\/\/globalexcel.com\/#\/schema\/logo\/image\/"}}]}},"_links":{"self":[{"href":"https:\/\/globalexcel.com\/fr\/wp-json\/wp\/v2\/pages\/13537","targetHints":{"allow":["GET"]}}],"collection":[{"href":"https:\/\/globalexcel.com\/fr\/wp-json\/wp\/v2\/pages"}],"about":[{"href":"https:\/\/globalexcel.com\/fr\/wp-json\/wp\/v2\/types\/page"}],"author":[{"embeddable":true,"href":"https:\/\/globalexcel.com\/fr\/wp-json\/wp\/v2\/users\/3"}],"replies":[{"embeddable":true,"href":"https:\/\/globalexcel.com\/fr\/wp-json\/wp\/v2\/comments?post=13537"}],"version-history":[{"count":5,"href":"https:\/\/globalexcel.com\/fr\/wp-json\/wp\/v2\/pages\/13537\/revisions"}],"predecessor-version":[{"id":14161,"href":"https:\/\/globalexcel.com\/fr\/wp-json\/wp\/v2\/pages\/13537\/revisions\/14161"}],"wp:attachment":[{"href":"https:\/\/globalexcel.com\/fr\/wp-json\/wp\/v2\/media?parent=13537"}],"curies":[{"name":"wp","href":"https:\/\/api.w.org\/{rel}","templated":true}]}}