{"id":13492,"date":"2023-08-04T10:16:57","date_gmt":"2023-08-04T14:16:57","guid":{"rendered":"https:\/\/brand.switch.makemagik.com\/programme-de-pharmacie\/"},"modified":"2024-06-07T09:17:42","modified_gmt":"2024-06-07T13:17:42","slug":"programme-de-pharmacie","status":"publish","type":"page","link":"https:\/\/globalexcel.com\/fr\/programme-de-pharmacie\/","title":{"rendered":"Programme de pharmacie"},"content":{"rendered":"\t\t<div data-elementor-type=\"wp-page\" data-elementor-id=\"13492\" class=\"elementor elementor-13492 elementor-7502\" data-elementor-post-type=\"page\">\n\t\t\t\t<div class=\"elementor-element elementor-element-2090d07 hero-height e-flex e-con-boxed e-con e-parent\" data-id=\"2090d07\" data-element_type=\"container\" data-settings=\"{&quot;background_background&quot;:&quot;classic&quot;}\">\n\t\t\t\t\t<div class=\"e-con-inner\">\n\t\t\t\t\t<\/div>\n\t\t\t\t<\/div>\n\t\t<div class=\"elementor-element elementor-element-29886ce e-flex e-con-boxed e-con e-parent\" data-id=\"29886ce\" data-element_type=\"container\">\n\t\t\t\t\t<div class=\"e-con-inner\">\n\t\t\t\t<div class=\"elementor-element elementor-element-c877953 elementor-widget__width-inherit elementor-widget elementor-widget-global elementor-global-13862 elementor-global-1930 elementor-widget-breadcrumbs\" data-id=\"c877953\" data-element_type=\"widget\" data-widget_type=\"breadcrumbs.default\">\n\t\t\t\t<div class=\"elementor-widget-container\">\n\t\t\t\t\t<p id=\"breadcrumbs\"><span><span><a href=\"https:\/\/globalexcel.com\/\">Accueil<\/a><\/span><\/span><\/p>\t\t\t\t<\/div>\n\t\t\t\t<\/div>\n\t\t\t\t<div class=\"elementor-element elementor-element-c42e094 elementor-invisible elementor-widget elementor-widget-heading\" data-id=\"c42e094\" data-element_type=\"widget\" data-settings=\"{&quot;_animation&quot;:&quot;fadeInUp&quot;}\" data-widget_type=\"heading.default\">\n\t\t\t\t<div class=\"elementor-widget-container\">\n\t\t\t\t\t<h1 class=\"elementor-heading-title elementor-size-default\">Programme de pharmacie<\/h1>\t\t\t\t<\/div>\n\t\t\t\t<\/div>\n\t\t\t\t<div class=\"elementor-element elementor-element-f815218 elementor-widget__width-inherit elementor-invisible elementor-widget elementor-widget-text-editor\" data-id=\"f815218\" data-element_type=\"widget\" data-settings=\"{&quot;_animation&quot;:&quot;fadeInUp&quot;,&quot;_animation_delay&quot;:200}\" data-widget_type=\"text-editor.default\">\n\t\t\t\t<div class=\"elementor-widget-container\">\n\t\t\t\t\t\t\t\t\t<h2>CVS Caremark<\/h2>\n\t\t\t\t\t\t\t\t<\/div>\n\t\t\t\t<\/div>\n\t\t\t\t<div class=\"elementor-element elementor-element-175c25b elementor-widget__width-initial elementor-invisible elementor-widget elementor-widget-text-editor\" data-id=\"175c25b\" data-element_type=\"widget\" data-settings=\"{&quot;_animation&quot;:&quot;fadeInUp&quot;,&quot;_animation_delay&quot;:550}\" data-widget_type=\"text-editor.default\">\n\t\t\t\t<div class=\"elementor-widget-container\">\n\t\t\t\t\t\t\t\t\t<p>Pour g\u00e9rer vos ordonnances, imprimer votre carte de membre CVS ou voir les possibilit\u00e9s d&rsquo;\u00e9conomies, ouvrez une session ou cr\u00e9ez un compte sur <a href=\"https:\/\/www.cvs.com\/\" target=\"_blank\" rel=\"noopener\"><strong>CVS.com<\/strong>.<\/a><\/p><p><a href=\"https:\/\/www.cvs.com\/account\/login\" target=\"_blank\" rel=\"noopener\"><strong>Cliquez ici pour cr\u00e9er un compte.<\/strong><\/a><\/p>\t\t\t\t\t\t\t\t<\/div>\n\t\t\t\t<\/div>\n\t\t<div class=\"elementor-element elementor-element-1bf135a e-flex e-con-boxed e-con e-child\" data-id=\"1bf135a\" data-element_type=\"container\">\n\t\t\t\t\t<div class=\"e-con-inner\">\n\t\t\t\t<div class=\"elementor-element elementor-element-63abc1a elementor-widget elementor-widget-button\" data-id=\"63abc1a\" data-element_type=\"widget\" data-widget_type=\"button.default\">\n\t\t\t\t<div class=\"elementor-widget-container\">\n\t\t\t\t\t\t\t\t\t<div class=\"elementor-button-wrapper\">\n\t\t\t\t\t<a class=\"elementor-button elementor-button-link elementor-size-sm\" href=\"https:\/\/www.caremark.com\/wps\/portal\/LOCAL_PHARMACY_UNAUTH\" target=\"_blank\">\n\t\t\t\t\t\t<span class=\"elementor-button-content-wrapper\">\n\t\t\t\t\t\t\t\t\t<span class=\"elementor-button-text\">Trouver une pharmacie<\/span>\n\t\t\t\t\t<\/span>\n\t\t\t\t\t<\/a>\n\t\t\t\t<\/div>\n\t\t\t\t\t\t\t\t<\/div>\n\t\t\t\t<\/div>\n\t\t\t\t<div class=\"elementor-element elementor-element-cc5ee35 elementor-widget elementor-widget-button\" data-id=\"cc5ee35\" data-element_type=\"widget\" data-widget_type=\"button.default\">\n\t\t\t\t<div class=\"elementor-widget-container\">\n\t\t\t\t\t\t\t\t\t<div class=\"elementor-button-wrapper\">\n\t\t\t\t\t<a class=\"elementor-button elementor-button-link elementor-size-sm\" href=\"https:\/\/www.caremark.com\/wps\/portal\/CHECK_DRUG_COST_UNAUTH\" target=\"_blank\">\n\t\t\t\t\t\t<span class=\"elementor-button-content-wrapper\">\n\t\t\t\t\t\t\t\t\t<span class=\"elementor-button-text\">Recherche de prix de m\u00e9dicaments<\/span>\n\t\t\t\t\t<\/span>\n\t\t\t\t\t<\/a>\n\t\t\t\t<\/div>\n\t\t\t\t\t\t\t\t<\/div>\n\t\t\t\t<\/div>\n\t\t\t\t\t<\/div>\n\t\t\t\t<\/div>\n\t\t\t\t\t<\/div>\n\t\t\t\t<\/div>\n\t\t\t\t<\/div>\n\t\t","protected":false},"excerpt":{"rendered":"<p>Programme de pharmacie CVS Caremark Pour g\u00e9rer vos ordonnances, imprimer votre carte de membre CVS ou voir les possibilit\u00e9s d&rsquo;\u00e9conomies, ouvrez une session ou cr\u00e9ez un compte sur CVS.com. Cliquez ici pour cr\u00e9er un compte. Trouver une pharmacie Recherche de prix de m\u00e9dicaments<\/p>\n","protected":false},"author":3,"featured_media":12361,"parent":0,"menu_order":0,"comment_status":"closed","ping_status":"closed","template":"","meta":{"_acf_changed":false,"inline_featured_image":false,"footnotes":""},"class_list":["post-13492","page","type-page","status-publish","has-post-thumbnail","hentry"],"acf":[],"yoast_head":"<!-- This site is optimized with the Yoast SEO plugin v26.4 - https:\/\/yoast.com\/wordpress\/plugins\/seo\/ -->\n<title>Programme de pharmacie - Global Excel Management Inc.<\/title>\n<meta name=\"robots\" content=\"index, follow, max-snippet:-1, max-image-preview:large, max-video-preview:-1\" \/>\n<link rel=\"canonical\" href=\"https:\/\/globalexcel.com\/fr\/programme-de-pharmacie\/\" \/>\n<meta property=\"og:locale\" content=\"fr_FR\" \/>\n<meta property=\"og:type\" content=\"article\" \/>\n<meta property=\"og:title\" content=\"Programme de pharmacie - Global Excel Management Inc.\" \/>\n<meta property=\"og:description\" content=\"Programme de pharmacie CVS Caremark Pour g\u00e9rer vos ordonnances, imprimer votre carte de membre CVS ou voir les possibilit\u00e9s d&rsquo;\u00e9conomies, ouvrez une session ou cr\u00e9ez un compte sur CVS.com. Cliquez ici pour cr\u00e9er un compte. Trouver une pharmacie Recherche de prix de m\u00e9dicaments\" \/>\n<meta property=\"og:url\" content=\"https:\/\/globalexcel.com\/fr\/programme-de-pharmacie\/\" \/>\n<meta property=\"og:site_name\" content=\"Global Excel Management Inc.\" \/>\n<meta property=\"article:modified_time\" content=\"2024-06-07T13:17:42+00:00\" \/>\n<meta property=\"og:image\" content=\"https:\/\/globalexcel.com\/wp-content\/uploads\/2023\/02\/Hero01-scaled.jpg\" \/>\n\t<meta property=\"og:image:width\" content=\"2560\" \/>\n\t<meta property=\"og:image:height\" content=\"1519\" \/>\n\t<meta property=\"og:image:type\" content=\"image\/jpeg\" \/>\n<meta name=\"twitter:card\" content=\"summary_large_image\" \/>\n<meta name=\"twitter:label1\" content=\"Dur\u00e9e de lecture estim\u00e9e\" \/>\n\t<meta name=\"twitter:data1\" content=\"1 minute\" \/>\n<script type=\"application\/ld+json\" class=\"yoast-schema-graph\">{\"@context\":\"https:\/\/schema.org\",\"@graph\":[{\"@type\":\"WebPage\",\"@id\":\"https:\/\/globalexcel.com\/fr\/programme-de-pharmacie\/\",\"url\":\"https:\/\/globalexcel.com\/fr\/programme-de-pharmacie\/\",\"name\":\"Programme de pharmacie - Global Excel Management Inc.\",\"isPartOf\":{\"@id\":\"https:\/\/globalexcel.com\/#website\"},\"primaryImageOfPage\":{\"@id\":\"https:\/\/globalexcel.com\/fr\/programme-de-pharmacie\/#primaryimage\"},\"image\":{\"@id\":\"https:\/\/globalexcel.com\/fr\/programme-de-pharmacie\/#primaryimage\"},\"thumbnailUrl\":\"https:\/\/globalexcel.com\/wp-content\/uploads\/2023\/02\/Hero01-scaled.jpg\",\"datePublished\":\"2023-08-04T14:16:57+00:00\",\"dateModified\":\"2024-06-07T13:17:42+00:00\",\"breadcrumb\":{\"@id\":\"https:\/\/globalexcel.com\/fr\/programme-de-pharmacie\/#breadcrumb\"},\"inLanguage\":\"fr-FR\",\"potentialAction\":[{\"@type\":\"ReadAction\",\"target\":[\"https:\/\/globalexcel.com\/fr\/programme-de-pharmacie\/\"]}]},{\"@type\":\"ImageObject\",\"inLanguage\":\"fr-FR\",\"@id\":\"https:\/\/globalexcel.com\/fr\/programme-de-pharmacie\/#primaryimage\",\"url\":\"https:\/\/globalexcel.com\/wp-content\/uploads\/2023\/02\/Hero01-scaled.jpg\",\"contentUrl\":\"https:\/\/globalexcel.com\/wp-content\/uploads\/2023\/02\/Hero01-scaled.jpg\",\"width\":2560,\"height\":1519},{\"@type\":\"BreadcrumbList\",\"@id\":\"https:\/\/globalexcel.com\/fr\/programme-de-pharmacie\/#breadcrumb\",\"itemListElement\":[{\"@type\":\"ListItem\",\"position\":1,\"name\":\"Accueil\",\"item\":\"https:\/\/globalexcel.com\/\"},{\"@type\":\"ListItem\",\"position\":2,\"name\":\"Programme de pharmacie\"}]},{\"@type\":\"WebSite\",\"@id\":\"https:\/\/globalexcel.com\/#website\",\"url\":\"https:\/\/globalexcel.com\/\",\"name\":\"Global Excel Management Inc.\",\"description\":\"Votre partenaire dans la gestion des co\u00fbts de sant\u00e9\",\"publisher\":{\"@id\":\"https:\/\/globalexcel.com\/#organization\"},\"potentialAction\":[{\"@type\":\"SearchAction\",\"target\":{\"@type\":\"EntryPoint\",\"urlTemplate\":\"https:\/\/globalexcel.com\/?s={search_term_string}\"},\"query-input\":{\"@type\":\"PropertyValueSpecification\",\"valueRequired\":true,\"valueName\":\"search_term_string\"}}],\"inLanguage\":\"fr-FR\"},{\"@type\":\"Organization\",\"@id\":\"https:\/\/globalexcel.com\/#organization\",\"name\":\"Global Excel Management Inc.\",\"url\":\"https:\/\/globalexcel.com\/\",\"logo\":{\"@type\":\"ImageObject\",\"inLanguage\":\"fr-FR\",\"@id\":\"https:\/\/globalexcel.com\/#\/schema\/logo\/image\/\",\"url\":\"https:\/\/globalexcel.com\/wp-content\/uploads\/gemLogoColor.svg\",\"contentUrl\":\"https:\/\/globalexcel.com\/wp-content\/uploads\/gemLogoColor.svg\",\"caption\":\"Global Excel Management Inc.\"},\"image\":{\"@id\":\"https:\/\/globalexcel.com\/#\/schema\/logo\/image\/\"}}]}<\/script>\n<!-- \/ Yoast SEO plugin. -->","yoast_head_json":{"title":"Programme de pharmacie - Global Excel Management Inc.","robots":{"index":"index","follow":"follow","max-snippet":"max-snippet:-1","max-image-preview":"max-image-preview:large","max-video-preview":"max-video-preview:-1"},"canonical":"https:\/\/globalexcel.com\/fr\/programme-de-pharmacie\/","og_locale":"fr_FR","og_type":"article","og_title":"Programme de pharmacie - Global Excel Management Inc.","og_description":"Programme de pharmacie CVS Caremark Pour g\u00e9rer vos ordonnances, imprimer votre carte de membre CVS ou voir les possibilit\u00e9s d&rsquo;\u00e9conomies, ouvrez une session ou cr\u00e9ez un compte sur CVS.com. Cliquez ici pour cr\u00e9er un compte. Trouver une pharmacie Recherche de prix de m\u00e9dicaments","og_url":"https:\/\/globalexcel.com\/fr\/programme-de-pharmacie\/","og_site_name":"Global Excel Management Inc.","article_modified_time":"2024-06-07T13:17:42+00:00","og_image":[{"width":2560,"height":1519,"url":"https:\/\/globalexcel.com\/wp-content\/uploads\/2023\/02\/Hero01-scaled.jpg","type":"image\/jpeg"}],"twitter_card":"summary_large_image","twitter_misc":{"Dur\u00e9e de lecture estim\u00e9e":"1 minute"},"schema":{"@context":"https:\/\/schema.org","@graph":[{"@type":"WebPage","@id":"https:\/\/globalexcel.com\/fr\/programme-de-pharmacie\/","url":"https:\/\/globalexcel.com\/fr\/programme-de-pharmacie\/","name":"Programme de pharmacie - Global Excel Management Inc.","isPartOf":{"@id":"https:\/\/globalexcel.com\/#website"},"primaryImageOfPage":{"@id":"https:\/\/globalexcel.com\/fr\/programme-de-pharmacie\/#primaryimage"},"image":{"@id":"https:\/\/globalexcel.com\/fr\/programme-de-pharmacie\/#primaryimage"},"thumbnailUrl":"https:\/\/globalexcel.com\/wp-content\/uploads\/2023\/02\/Hero01-scaled.jpg","datePublished":"2023-08-04T14:16:57+00:00","dateModified":"2024-06-07T13:17:42+00:00","breadcrumb":{"@id":"https:\/\/globalexcel.com\/fr\/programme-de-pharmacie\/#breadcrumb"},"inLanguage":"fr-FR","potentialAction":[{"@type":"ReadAction","target":["https:\/\/globalexcel.com\/fr\/programme-de-pharmacie\/"]}]},{"@type":"ImageObject","inLanguage":"fr-FR","@id":"https:\/\/globalexcel.com\/fr\/programme-de-pharmacie\/#primaryimage","url":"https:\/\/globalexcel.com\/wp-content\/uploads\/2023\/02\/Hero01-scaled.jpg","contentUrl":"https:\/\/globalexcel.com\/wp-content\/uploads\/2023\/02\/Hero01-scaled.jpg","width":2560,"height":1519},{"@type":"BreadcrumbList","@id":"https:\/\/globalexcel.com\/fr\/programme-de-pharmacie\/#breadcrumb","itemListElement":[{"@type":"ListItem","position":1,"name":"Accueil","item":"https:\/\/globalexcel.com\/"},{"@type":"ListItem","position":2,"name":"Programme de pharmacie"}]},{"@type":"WebSite","@id":"https:\/\/globalexcel.com\/#website","url":"https:\/\/globalexcel.com\/","name":"Global Excel Management Inc.","description":"Votre partenaire dans la gestion des co\u00fbts de sant\u00e9","publisher":{"@id":"https:\/\/globalexcel.com\/#organization"},"potentialAction":[{"@type":"SearchAction","target":{"@type":"EntryPoint","urlTemplate":"https:\/\/globalexcel.com\/?s={search_term_string}"},"query-input":{"@type":"PropertyValueSpecification","valueRequired":true,"valueName":"search_term_string"}}],"inLanguage":"fr-FR"},{"@type":"Organization","@id":"https:\/\/globalexcel.com\/#organization","name":"Global Excel Management Inc.","url":"https:\/\/globalexcel.com\/","logo":{"@type":"ImageObject","inLanguage":"fr-FR","@id":"https:\/\/globalexcel.com\/#\/schema\/logo\/image\/","url":"https:\/\/globalexcel.com\/wp-content\/uploads\/gemLogoColor.svg","contentUrl":"https:\/\/globalexcel.com\/wp-content\/uploads\/gemLogoColor.svg","caption":"Global Excel Management Inc."},"image":{"@id":"https:\/\/globalexcel.com\/#\/schema\/logo\/image\/"}}]}},"_links":{"self":[{"href":"https:\/\/globalexcel.com\/fr\/wp-json\/wp\/v2\/pages\/13492","targetHints":{"allow":["GET"]}}],"collection":[{"href":"https:\/\/globalexcel.com\/fr\/wp-json\/wp\/v2\/pages"}],"about":[{"href":"https:\/\/globalexcel.com\/fr\/wp-json\/wp\/v2\/types\/page"}],"author":[{"embeddable":true,"href":"https:\/\/globalexcel.com\/fr\/wp-json\/wp\/v2\/users\/3"}],"replies":[{"embeddable":true,"href":"https:\/\/globalexcel.com\/fr\/wp-json\/wp\/v2\/comments?post=13492"}],"version-history":[{"count":5,"href":"https:\/\/globalexcel.com\/fr\/wp-json\/wp\/v2\/pages\/13492\/revisions"}],"predecessor-version":[{"id":15640,"href":"https:\/\/globalexcel.com\/fr\/wp-json\/wp\/v2\/pages\/13492\/revisions\/15640"}],"wp:featuredmedia":[{"embeddable":true,"href":"https:\/\/globalexcel.com\/fr\/wp-json\/wp\/v2\/media\/12361"}],"wp:attachment":[{"href":"https:\/\/globalexcel.com\/fr\/wp-json\/wp\/v2\/media?parent=13492"}],"curies":[{"name":"wp","href":"https:\/\/api.w.org\/{rel}","templated":true}]}}