{"id":19153,"date":"2025-02-12T10:44:53","date_gmt":"2025-02-12T15:44:53","guid":{"rendered":"https:\/\/globalexcel.com\/?page_id=19153"},"modified":"2025-02-12T11:29:18","modified_gmt":"2025-02-12T16:29:18","slug":"declaracion-sobre-la-esclavitud-moderna","status":"publish","type":"page","link":"https:\/\/globalexcel.com\/es\/declaracion-sobre-la-esclavitud-moderna\/","title":{"rendered":"Declaraci\u00f3n sobre la Esclavitud Moderna"},"content":{"rendered":"\t\t<div data-elementor-type=\"wp-page\" data-elementor-id=\"19153\" class=\"elementor elementor-19153 elementor-19150\" data-elementor-post-type=\"page\">\n\t\t\t\t<div class=\"elementor-element elementor-element-787fc88 e-flex e-con-boxed e-con e-parent\" data-id=\"787fc88\" data-element_type=\"container\" data-settings=\"{&quot;background_background&quot;:&quot;classic&quot;}\">\n\t\t\t\t\t<div class=\"e-con-inner\">\n\t\t\t\t\t<\/div>\n\t\t\t\t<\/div>\n\t\t<div class=\"elementor-element elementor-element-52d7841 e-flex e-con-boxed e-con e-parent\" data-id=\"52d7841\" data-element_type=\"container\">\n\t\t\t\t\t<div class=\"e-con-inner\">\n\t\t\t\t<div class=\"elementor-element elementor-element-27bf2b0 elementor-widget__width-inherit elementor-widget elementor-widget-global elementor-global-13879 elementor-global-1930 elementor-widget-breadcrumbs\" data-id=\"27bf2b0\" data-element_type=\"widget\" data-widget_type=\"breadcrumbs.default\">\n\t\t\t\t<div class=\"elementor-widget-container\">\n\t\t\t\t\t<p id=\"breadcrumbs\"><span><span><a href=\"https:\/\/globalexcel.com\/\">inicio<\/a><\/span><\/span><\/p>\t\t\t\t<\/div>\n\t\t\t\t<\/div>\n\t\t\t\t<div class=\"elementor-element elementor-element-06a7f79 elementor-widget__width-inherit elementor-invisible elementor-widget elementor-widget-heading\" data-id=\"06a7f79\" data-element_type=\"widget\" data-settings=\"{&quot;_animation&quot;:&quot;fadeInUp&quot;}\" data-widget_type=\"heading.default\">\n\t\t\t\t<div class=\"elementor-widget-container\">\n\t\t\t\t\t<h1 class=\"elementor-heading-title elementor-size-default\">Declaraci\u00f3n sobre la Esclavitud Moderna 2024  <\/h1>\t\t\t\t<\/div>\n\t\t\t\t<\/div>\n\t\t<div class=\"elementor-element elementor-element-1db23fa e-con-full e-flex e-con e-child\" data-id=\"1db23fa\" data-element_type=\"container\">\n\t\t\t\t<div class=\"elementor-element elementor-element-a86e5ff elementor-widget__width-inherit elementor-invisible elementor-widget elementor-widget-text-editor\" data-id=\"a86e5ff\" data-element_type=\"widget\" data-settings=\"{&quot;_animation&quot;:&quot;fadeInUp&quot;,&quot;_animation_delay&quot;:200}\" data-widget_type=\"text-editor.default\">\n\t\t\t\t<div class=\"elementor-widget-container\">\n\t\t\t\t\t\t\t\t\t<h2>Global Excel Management Inc. (\u00abGlobal Excel\u00bb) y sus filiales se comprometen a evitar que se produzcan actos de esclavitud moderna y trata de seres humanos en sus negocios y cadenas de suministro.<\/h2>\t\t\t\t\t\t\t\t<\/div>\n\t\t\t\t<\/div>\n\t\t\t\t<div class=\"elementor-element elementor-element-8db3864 elementor-invisible elementor-widget elementor-widget-text-editor\" data-id=\"8db3864\" data-element_type=\"widget\" data-settings=\"{&quot;_animation&quot;:&quot;fadeInUp&quot;,&quot;_animation_delay&quot;:400}\" data-widget_type=\"text-editor.default\">\n\t\t\t\t<div class=\"elementor-widget-container\">\n\t\t\t\t\t\t\t\t\t<h3>Estructura organizativa, actividades y cadenas de suministro<\/h3><p>Global Excel es uno de los principales administradores independientes de seguros m\u00e9dicos de viaje, destino y expatriados del mundo. Global Excel administra p\u00f3lizas de seguros para numerosos proveedores de seguros de todo el mundo y controla filiales en distintas regiones de Estados Unidos, M\u00e9xico, Europa y Asia-Pac\u00edfico.<\/p><p>Opera desde Sherbrooke (Quebec) y Windsor (Ontario) a trav\u00e9s de su filial Active Care Management (2018) Inc. Gobal Excel emplea a m\u00e1s de 1300 personas en Canad\u00e1.<\/p><p>Todas las filiales y subsidiarias de Global Excel participan y cumplen con nuestros procesos y estrategias para evitar que se produzcan actos de esclavitud moderna y trata de seres humanos dentro de sus negocios y cadenas de suministro.<\/p><p>El gasto de Global Excel en sus cadenas de suministro se destina principalmente a proveedores de servicios y no de bienes. Cuando Global Excel adquiere bienes para sus operaciones, lo hace a proveedores con sede en Canad\u00e1 o Estados Unidos. La plantilla de Global Excel est\u00e1 compuesta mayoritariamente por personal de oficina.<\/p><h3>Riesgos de esclavitud moderna<\/h3><p>Global Excel ha evaluado el potencial de esclavitud moderna y trata de seres humanos en varias secciones de sus cadenas de suministro. En cuanto a la adquisici\u00f3n de bienes, incluye \u00e1reas como la electr\u00f3nica, el mobiliario de oficina y el material promocional. En cuanto a los servicios, incluye \u00e1reas como las agencias de empleo, los servicios deslocalizados y los subcontratistas.<\/p><h3>Pr\u00e1cticas<\/h3><p>Global Excel ha implementado pol\u00edticas y pr\u00e1cticas relevantes para ayudar a mitigar las actividades ilegales en sus cadenas de suministro. Al estar relacionadas con la esclavitud moderna, no s\u00f3lo se aplican a los bienes, sino tambi\u00e9n a las partes de nuestras cadenas de suministro relacionadas con los servicios. Dado que la lucha contra la esclavitud moderna es un proceso continuo, Global Excel revisa estas pol\u00edticas y pr\u00e1cticas con regularidad para identificar lagunas y determinar si hay mejoras que realizar para garantizar que se excluye activamente de nuestras cadenas de suministro.<\/p><p>En resumen, las pol\u00edticas de Global Excel para combatir la esclavitud moderna incluyen:<\/p><ul><li>Educar al personal pertinente sobre las pol\u00edticas y procedimientos existentes y la importancia de combatir la esclavitud moderna en nuestras cadenas de suministro;<\/li><li>Establecer procedimientos para investigar nuestras cadenas de suministro;<\/li><li>Garantizar que nuestros socios y proveedores conocen nuestra postura ante la esclavitud moderna y nuestras expectativas de cumplimiento de dichas normas.<\/li><li>Revisar las pol\u00edticas de nuestros socios y proveedores, cuando proceda. <\/li><\/ul><h3>Diligencia debida y controles internos<\/h3><p>M\u00e1s concretamente, Global Excel ha puesto en marcha las siguientes pol\u00edticas para mantener nuestra cadena de suministro libre de esclavitud moderna:<\/p><p>Exigir a todos los jefes de departamento implicados en la adquisici\u00f3n de bienes y servicios que conozcan nuestras obligaciones legales para combatir la esclavitud moderna y que reciban formaci\u00f3n sobre nuestras pol\u00edticas y esfuerzos de prevenci\u00f3n;<\/p><p>Evaluar el origen de los bienes y servicios adquiridos fuera de Canad\u00e1 por Global Excel, siempre que sea posible, para juzgar adecuadamente el riesgo de esclavitud moderna o trata de seres humanos en su creaci\u00f3n;<\/p><p>Adoptar diversas medidas para investigar a los proveedores de bienes y servicios con el fin de detectar problemas o riesgos relacionados con la esclavitud moderna y la trata de seres humanos. Estas medidas pueden incluir b\u00fasquedas de reputaci\u00f3n contra posibles proveedores y\/o exigir certificados sobre estos (y otros) temas a los posibles proveedores antes de aprobarlos;<\/p><p>Garantizar que nuestro equipo Jur\u00eddico est\u00e9 al corriente y garantice la investigaci\u00f3n adecuada de todos los proveedores importantes;<\/p><p>Garantizar que todos los contratos con proveedores, siempre que sea posible, contengan un lenguaje suficiente para garantizar la ausencia de esclavitud moderna, trata de seres humanos y otras actividades ilegales en nuestras cadenas de suministro;<\/p><p>Llevar a cabo controles regulares anuales de todos los proveedores clave para garantizar la integridad de nuestras cadenas de suministro en este sentido; y<\/p><p>Mantener una pol\u00edtica de denuncia de irregularidades para facilitar que los empleados puedan plantear sus preocupaciones sobre estas y otras cuestiones sin temor a represalias.<\/p><h3>Medidas continuadas<\/h3><p>La prioridad de Global Excel en el ejercicio fiscal 2024-2025 ser\u00e1 garantizar que todas nuestras pol\u00edticas mencionadas se apliquen de forma adecuada y eficaz. Internamente, estas pol\u00edticas y procedimientos ser\u00e1n revisados por nuestro Comit\u00e9 de Gobierno, Riesgo y Cumplimiento en sus reuniones trimestrales. Se espera que los miembros pertinentes del comit\u00e9 (de nuestros departamentos Jur\u00eddico y de Cumplimiento Normativo) proporcionen al comit\u00e9 informaci\u00f3n actualizada sobre nuestros esfuerzos e identifiquen los retos y lagunas que hayan surgido y que necesiten soluci\u00f3n.<\/p><p>Las acciones espec\u00edficas para el a\u00f1o 2024-2025 incluyen:<\/p><ul><li>Implementaci\u00f3n de formaci\u00f3n espec\u00edfica sobre nuestras pr\u00e1cticas de Esclavitud Moderna para aquellos empleados directamente implicados en la contrataci\u00f3n y las relaciones con los proveedores.<\/li><li>Revisi\u00f3n continua de nuestras relaciones contractuales, en particular la renovaci\u00f3n del contrato heredado para garantizar que se ha incluido la redacci\u00f3n adecuada y actualizada.<\/li><li>Revisi\u00f3n de nuestras pol\u00edticas internas para garantizar que hacen referencia espec\u00edfica a nuestras obligaciones en materia de esclavitud moderna cuando sea necesario.<\/li><\/ul>\t\t\t\t\t\t\t\t<\/div>\n\t\t\t\t<\/div>\n\t\t\t\t<\/div>\n\t\t\t\t\t<\/div>\n\t\t\t\t<\/div>\n\t\t\t\t<\/div>\n\t\t","protected":false},"excerpt":{"rendered":"<p>Declaraci\u00f3n sobre la Esclavitud Moderna 2024 Global Excel Management Inc. (\u00abGlobal Excel\u00bb) y sus filiales se comprometen a evitar que se produzcan actos de esclavitud moderna y trata de seres humanos en sus negocios y cadenas de suministro. Estructura organizativa, actividades y cadenas de suministro Global Excel es uno de los principales administradores independientes de [&hellip;]<\/p>\n","protected":false},"author":3,"featured_media":0,"parent":0,"menu_order":0,"comment_status":"closed","ping_status":"closed","template":"","meta":{"_acf_changed":false,"inline_featured_image":false,"footnotes":""},"class_list":["post-19153","page","type-page","status-publish","hentry"],"acf":[],"yoast_head":"<!-- This site is optimized with the Yoast SEO plugin v26.4 - https:\/\/yoast.com\/wordpress\/plugins\/seo\/ -->\n<title>Declaraci\u00f3n sobre la Esclavitud Moderna - Global Excel Management Inc.<\/title>\n<meta name=\"robots\" content=\"index, follow, max-snippet:-1, max-image-preview:large, max-video-preview:-1\" \/>\n<link rel=\"canonical\" href=\"https:\/\/globalexcel.com\/es\/declaracion-sobre-la-esclavitud-moderna\/\" \/>\n<meta property=\"og:locale\" content=\"es_ES\" \/>\n<meta property=\"og:type\" content=\"article\" \/>\n<meta property=\"og:title\" content=\"Declaraci\u00f3n sobre la Esclavitud Moderna - Global Excel Management Inc.\" \/>\n<meta property=\"og:description\" content=\"Declaraci\u00f3n sobre la Esclavitud Moderna 2024 Global Excel Management Inc. (\u00abGlobal Excel\u00bb) y sus filiales se comprometen a evitar que se produzcan actos de esclavitud moderna y trata de seres humanos en sus negocios y cadenas de suministro. Estructura organizativa, actividades y cadenas de suministro Global Excel es uno de los principales administradores independientes de [&hellip;]\" \/>\n<meta property=\"og:url\" content=\"https:\/\/globalexcel.com\/es\/declaracion-sobre-la-esclavitud-moderna\/\" \/>\n<meta property=\"og:site_name\" content=\"Global Excel Management Inc.\" \/>\n<meta property=\"article:modified_time\" content=\"2025-02-12T16:29:18+00:00\" \/>\n<meta name=\"twitter:card\" content=\"summary_large_image\" \/>\n<meta name=\"twitter:label1\" content=\"Tiempo de lectura\" \/>\n\t<meta name=\"twitter:data1\" content=\"4 minutos\" \/>\n<script type=\"application\/ld+json\" class=\"yoast-schema-graph\">{\"@context\":\"https:\/\/schema.org\",\"@graph\":[{\"@type\":\"WebPage\",\"@id\":\"https:\/\/globalexcel.com\/es\/declaracion-sobre-la-esclavitud-moderna\/\",\"url\":\"https:\/\/globalexcel.com\/es\/declaracion-sobre-la-esclavitud-moderna\/\",\"name\":\"Declaraci\u00f3n sobre la Esclavitud Moderna - Global Excel Management Inc.\",\"isPartOf\":{\"@id\":\"https:\/\/globalexcel.com\/#website\"},\"datePublished\":\"2025-02-12T15:44:53+00:00\",\"dateModified\":\"2025-02-12T16:29:18+00:00\",\"breadcrumb\":{\"@id\":\"https:\/\/globalexcel.com\/es\/declaracion-sobre-la-esclavitud-moderna\/#breadcrumb\"},\"inLanguage\":\"es\",\"potentialAction\":[{\"@type\":\"ReadAction\",\"target\":[\"https:\/\/globalexcel.com\/es\/declaracion-sobre-la-esclavitud-moderna\/\"]}]},{\"@type\":\"BreadcrumbList\",\"@id\":\"https:\/\/globalexcel.com\/es\/declaracion-sobre-la-esclavitud-moderna\/#breadcrumb\",\"itemListElement\":[{\"@type\":\"ListItem\",\"position\":1,\"name\":\"inicio\",\"item\":\"https:\/\/globalexcel.com\/\"},{\"@type\":\"ListItem\",\"position\":2,\"name\":\"Declaraci\u00f3n sobre la Esclavitud Moderna\"}]},{\"@type\":\"WebSite\",\"@id\":\"https:\/\/globalexcel.com\/#website\",\"url\":\"https:\/\/globalexcel.com\/\",\"name\":\"Global Excel Management Inc.\",\"description\":\"Su socio en la gesti\u00f3n de costes sanitarios\",\"publisher\":{\"@id\":\"https:\/\/globalexcel.com\/#organization\"},\"potentialAction\":[{\"@type\":\"SearchAction\",\"target\":{\"@type\":\"EntryPoint\",\"urlTemplate\":\"https:\/\/globalexcel.com\/?s={search_term_string}\"},\"query-input\":{\"@type\":\"PropertyValueSpecification\",\"valueRequired\":true,\"valueName\":\"search_term_string\"}}],\"inLanguage\":\"es\"},{\"@type\":\"Organization\",\"@id\":\"https:\/\/globalexcel.com\/#organization\",\"name\":\"Global Excel Management Inc.\",\"url\":\"https:\/\/globalexcel.com\/\",\"logo\":{\"@type\":\"ImageObject\",\"inLanguage\":\"es\",\"@id\":\"https:\/\/globalexcel.com\/#\/schema\/logo\/image\/\",\"url\":\"https:\/\/globalexcel.com\/wp-content\/uploads\/gemLogoColor.svg\",\"contentUrl\":\"https:\/\/globalexcel.com\/wp-content\/uploads\/gemLogoColor.svg\",\"caption\":\"Global Excel Management Inc.\"},\"image\":{\"@id\":\"https:\/\/globalexcel.com\/#\/schema\/logo\/image\/\"}}]}<\/script>\n<!-- \/ Yoast SEO plugin. -->","yoast_head_json":{"title":"Declaraci\u00f3n sobre la Esclavitud Moderna - Global Excel Management Inc.","robots":{"index":"index","follow":"follow","max-snippet":"max-snippet:-1","max-image-preview":"max-image-preview:large","max-video-preview":"max-video-preview:-1"},"canonical":"https:\/\/globalexcel.com\/es\/declaracion-sobre-la-esclavitud-moderna\/","og_locale":"es_ES","og_type":"article","og_title":"Declaraci\u00f3n sobre la Esclavitud Moderna - Global Excel Management Inc.","og_description":"Declaraci\u00f3n sobre la Esclavitud Moderna 2024 Global Excel Management Inc. (\u00abGlobal Excel\u00bb) y sus filiales se comprometen a evitar que se produzcan actos de esclavitud moderna y trata de seres humanos en sus negocios y cadenas de suministro. Estructura organizativa, actividades y cadenas de suministro Global Excel es uno de los principales administradores independientes de [&hellip;]","og_url":"https:\/\/globalexcel.com\/es\/declaracion-sobre-la-esclavitud-moderna\/","og_site_name":"Global Excel Management Inc.","article_modified_time":"2025-02-12T16:29:18+00:00","twitter_card":"summary_large_image","twitter_misc":{"Tiempo de lectura":"4 minutos"},"schema":{"@context":"https:\/\/schema.org","@graph":[{"@type":"WebPage","@id":"https:\/\/globalexcel.com\/es\/declaracion-sobre-la-esclavitud-moderna\/","url":"https:\/\/globalexcel.com\/es\/declaracion-sobre-la-esclavitud-moderna\/","name":"Declaraci\u00f3n sobre la Esclavitud Moderna - Global Excel Management Inc.","isPartOf":{"@id":"https:\/\/globalexcel.com\/#website"},"datePublished":"2025-02-12T15:44:53+00:00","dateModified":"2025-02-12T16:29:18+00:00","breadcrumb":{"@id":"https:\/\/globalexcel.com\/es\/declaracion-sobre-la-esclavitud-moderna\/#breadcrumb"},"inLanguage":"es","potentialAction":[{"@type":"ReadAction","target":["https:\/\/globalexcel.com\/es\/declaracion-sobre-la-esclavitud-moderna\/"]}]},{"@type":"BreadcrumbList","@id":"https:\/\/globalexcel.com\/es\/declaracion-sobre-la-esclavitud-moderna\/#breadcrumb","itemListElement":[{"@type":"ListItem","position":1,"name":"inicio","item":"https:\/\/globalexcel.com\/"},{"@type":"ListItem","position":2,"name":"Declaraci\u00f3n sobre la Esclavitud Moderna"}]},{"@type":"WebSite","@id":"https:\/\/globalexcel.com\/#website","url":"https:\/\/globalexcel.com\/","name":"Global Excel Management Inc.","description":"Su socio en la gesti\u00f3n de costes sanitarios","publisher":{"@id":"https:\/\/globalexcel.com\/#organization"},"potentialAction":[{"@type":"SearchAction","target":{"@type":"EntryPoint","urlTemplate":"https:\/\/globalexcel.com\/?s={search_term_string}"},"query-input":{"@type":"PropertyValueSpecification","valueRequired":true,"valueName":"search_term_string"}}],"inLanguage":"es"},{"@type":"Organization","@id":"https:\/\/globalexcel.com\/#organization","name":"Global Excel Management Inc.","url":"https:\/\/globalexcel.com\/","logo":{"@type":"ImageObject","inLanguage":"es","@id":"https:\/\/globalexcel.com\/#\/schema\/logo\/image\/","url":"https:\/\/globalexcel.com\/wp-content\/uploads\/gemLogoColor.svg","contentUrl":"https:\/\/globalexcel.com\/wp-content\/uploads\/gemLogoColor.svg","caption":"Global Excel Management Inc."},"image":{"@id":"https:\/\/globalexcel.com\/#\/schema\/logo\/image\/"}}]}},"_links":{"self":[{"href":"https:\/\/globalexcel.com\/es\/wp-json\/wp\/v2\/pages\/19153","targetHints":{"allow":["GET"]}}],"collection":[{"href":"https:\/\/globalexcel.com\/es\/wp-json\/wp\/v2\/pages"}],"about":[{"href":"https:\/\/globalexcel.com\/es\/wp-json\/wp\/v2\/types\/page"}],"author":[{"embeddable":true,"href":"https:\/\/globalexcel.com\/es\/wp-json\/wp\/v2\/users\/3"}],"replies":[{"embeddable":true,"href":"https:\/\/globalexcel.com\/es\/wp-json\/wp\/v2\/comments?post=19153"}],"version-history":[{"count":9,"href":"https:\/\/globalexcel.com\/es\/wp-json\/wp\/v2\/pages\/19153\/revisions"}],"predecessor-version":[{"id":19202,"href":"https:\/\/globalexcel.com\/es\/wp-json\/wp\/v2\/pages\/19153\/revisions\/19202"}],"wp:attachment":[{"href":"https:\/\/globalexcel.com\/es\/wp-json\/wp\/v2\/media?parent=19153"}],"curies":[{"name":"wp","href":"https:\/\/api.w.org\/{rel}","templated":true}]}}