{"id":14005,"date":"2023-02-03T14:30:28","date_gmt":"2023-02-03T19:30:28","guid":{"rendered":"https:\/\/brand.switch.makemagik.com\/soluciones\/"},"modified":"2024-11-13T08:17:16","modified_gmt":"2024-11-13T13:17:16","slug":"soluciones","status":"publish","type":"page","link":"https:\/\/globalexcel.com\/es\/soluciones\/","title":{"rendered":"Soluciones"},"content":{"rendered":"\t\t<div data-elementor-type=\"wp-page\" data-elementor-id=\"14005\" class=\"elementor elementor-14005 elementor-228\" data-elementor-post-type=\"page\">\n\t\t\t\t<div class=\"elementor-element elementor-element-2090d07 hero-height e-flex e-con-boxed e-con e-parent\" data-id=\"2090d07\" data-element_type=\"container\" data-settings=\"{&quot;background_background&quot;:&quot;classic&quot;}\">\n\t\t\t\t\t<div class=\"e-con-inner\">\n\t\t\t\t\t<\/div>\n\t\t\t\t<\/div>\n\t\t<div class=\"elementor-element elementor-element-29886ce e-flex e-con-boxed e-con e-parent\" data-id=\"29886ce\" data-element_type=\"container\">\n\t\t\t\t\t<div class=\"e-con-inner\">\n\t\t\t\t<div class=\"elementor-element elementor-element-c877953 elementor-widget__width-inherit elementor-widget elementor-widget-global elementor-global-13879 elementor-global-1930 elementor-widget-breadcrumbs\" data-id=\"c877953\" data-element_type=\"widget\" data-widget_type=\"breadcrumbs.default\">\n\t\t\t\t<div class=\"elementor-widget-container\">\n\t\t\t\t\t<p id=\"breadcrumbs\"><span><span><a href=\"https:\/\/globalexcel.com\/\">inicio<\/a><\/span><\/span><\/p>\t\t\t\t<\/div>\n\t\t\t\t<\/div>\n\t\t\t\t<div class=\"elementor-element elementor-element-c42e094 elementor-invisible elementor-widget elementor-widget-heading\" data-id=\"c42e094\" data-element_type=\"widget\" data-settings=\"{&quot;_animation&quot;:&quot;fadeInUp&quot;}\" data-widget_type=\"heading.default\">\n\t\t\t\t<div class=\"elementor-widget-container\">\n\t\t\t\t\t<h1 class=\"elementor-heading-title elementor-size-default\">Nuestras soluciones<\/h1>\t\t\t\t<\/div>\n\t\t\t\t<\/div>\n\t\t\t\t<div class=\"elementor-element elementor-element-f815218 elementor-widget__width-inherit elementor-invisible elementor-widget elementor-widget-text-editor\" data-id=\"f815218\" data-element_type=\"widget\" data-settings=\"{&quot;_animation&quot;:&quot;fadeInUp&quot;,&quot;_animation_delay&quot;:200}\" data-widget_type=\"text-editor.default\">\n\t\t\t\t<div class=\"elementor-widget-container\">\n\t\t\t\t\t\t\t\t\t<h2><span class=\"TextRun SCXW71867958 BCX0\" lang=\"EN-US\" xml:lang=\"EN-US\" data-contrast=\"auto\"><span class=\"NormalTextRun SCXW71867958 BCX0\">Una gama completa de servicios personalizables para cada cliente<\/span><\/span><span class=\"EOP SCXW71867958 BCX0\" data-ccp-props=\"{}\"> <\/span><\/h2>\n\t\t\t\t\t\t\t\t<\/div>\n\t\t\t\t<\/div>\n\t\t\t\t<div class=\"elementor-element elementor-element-4fe62b6 elementor-widget__width-initial elementor-widget-laptop__width-inherit elementor-invisible elementor-widget elementor-widget-text-editor\" data-id=\"4fe62b6\" data-element_type=\"widget\" data-settings=\"{&quot;_animation&quot;:&quot;fadeInUp&quot;,&quot;_animation_delay&quot;:550}\" data-widget_type=\"text-editor.default\">\n\t\t\t\t<div class=\"elementor-widget-container\">\n\t\t\t\t\t\t\t\t\t<p>En Global Excel sabemos que no existen dos clientes iguales, de manera que tratamos a cada uno de los nuestros de forma exclusiva. A pesar de ello, todos nuestros clientes tienen algo en com\u00fan: todos tienen altas expectativas. En Global Excel, nuestro trabajo es superar esas expectativas.<\/p><p>Para brindar a nuestros clientes el servicio m\u00e1s amplio posible, ofrecemos una gama completa de servicios y luego dejamos que nuestros clientes elijan los que mejor satisfacen sus necesidades.<\/p>\t\t\t\t\t\t\t\t<\/div>\n\t\t\t\t<\/div>\n\t\t\t\t<div class=\"elementor-element elementor-element-a4c7ba2 elementor-widget__width-inherit elementor-invisible elementor-widget elementor-widget-text-editor\" data-id=\"a4c7ba2\" data-element_type=\"widget\" data-settings=\"{&quot;_animation&quot;:&quot;fadeInLeft&quot;,&quot;_animation_delay&quot;:200}\" data-widget_type=\"text-editor.default\">\n\t\t\t\t<div class=\"elementor-widget-container\">\n\t\t\t\t\t\t\t\t\t<h2 style=\"text-align: left;\">Nuestra gama completa de servicios incluye cuatro categor\u00edas diferentes<\/h2>\t\t\t\t\t\t\t\t<\/div>\n\t\t\t\t<\/div>\n\t\t\t\t\t<\/div>\n\t\t\t\t<\/div>\n\t\t<div class=\"elementor-element elementor-element-eed428c e-flex e-con-boxed e-con e-parent\" data-id=\"eed428c\" data-element_type=\"container\">\n\t\t\t\t\t<div class=\"e-con-inner\">\n\t\t<div class=\"elementor-element elementor-element-cbb8e76 animated-slow e-con-full e-flex elementor-invisible e-con e-child\" data-id=\"cbb8e76\" data-element_type=\"container\" data-settings=\"{&quot;background_background&quot;:&quot;classic&quot;,&quot;animation&quot;:&quot;fadeInLeft&quot;}\">\n\t\t\t\t<div class=\"elementor-element elementor-element-2dc36fb elementor-invisible elementor-widget elementor-widget-heading\" data-id=\"2dc36fb\" data-element_type=\"widget\" data-settings=\"{&quot;_animation&quot;:&quot;fadeInUp&quot;}\" data-widget_type=\"heading.default\">\n\t\t\t\t<div class=\"elementor-widget-container\">\n\t\t\t\t\t<h2 class=\"elementor-heading-title elementor-size-default\">Buena atenci\u00f3n, buen lugar,<br>\nbuen momento, buen costo<\/h2>\t\t\t\t<\/div>\n\t\t\t\t<\/div>\n\t\t\t\t<div class=\"elementor-element elementor-element-ed2878c elementor-invisible elementor-widget elementor-widget-text-editor\" data-id=\"ed2878c\" data-element_type=\"widget\" data-settings=\"{&quot;_animation&quot;:&quot;fadeInUp&quot;,&quot;_animation_delay&quot;:300}\" data-widget_type=\"text-editor.default\">\n\t\t\t\t<div class=\"elementor-widget-container\">\n\t\t\t\t\t\t\t\t\t<p>Contribuimos a simplificar, clarificar y hacer que el proceso de administraci\u00f3n de reclamos sea m\u00e1s eficiente para que nuestros clientes puedan reducir sus estructuras de costos.<\/p>\t\t\t\t\t\t\t\t<\/div>\n\t\t\t\t<\/div>\n\t\t\t\t<div class=\"elementor-element elementor-element-fd7ca65 elementor-widget__width-auto e-transform elementor-invisible elementor-widget elementor-widget-button\" data-id=\"fd7ca65\" data-element_type=\"widget\" data-settings=\"{&quot;_animation&quot;:&quot;fadeInUp&quot;,&quot;_animation_delay&quot;:500,&quot;_transform_translateX_effect_hover&quot;:{&quot;unit&quot;:&quot;px&quot;,&quot;size&quot;:10,&quot;sizes&quot;:[]},&quot;_transform_translateX_effect_hover_laptop&quot;:{&quot;unit&quot;:&quot;px&quot;,&quot;size&quot;:&quot;&quot;,&quot;sizes&quot;:[]},&quot;_transform_translateX_effect_hover_tablet&quot;:{&quot;unit&quot;:&quot;px&quot;,&quot;size&quot;:&quot;&quot;,&quot;sizes&quot;:[]},&quot;_transform_translateX_effect_hover_mobile&quot;:{&quot;unit&quot;:&quot;px&quot;,&quot;size&quot;:&quot;&quot;,&quot;sizes&quot;:[]},&quot;_transform_translateY_effect_hover&quot;:{&quot;unit&quot;:&quot;px&quot;,&quot;size&quot;:&quot;&quot;,&quot;sizes&quot;:[]},&quot;_transform_translateY_effect_hover_laptop&quot;:{&quot;unit&quot;:&quot;px&quot;,&quot;size&quot;:&quot;&quot;,&quot;sizes&quot;:[]},&quot;_transform_translateY_effect_hover_tablet&quot;:{&quot;unit&quot;:&quot;px&quot;,&quot;size&quot;:&quot;&quot;,&quot;sizes&quot;:[]},&quot;_transform_translateY_effect_hover_mobile&quot;:{&quot;unit&quot;:&quot;px&quot;,&quot;size&quot;:&quot;&quot;,&quot;sizes&quot;:[]}}\" data-widget_type=\"button.default\">\n\t\t\t\t<div class=\"elementor-widget-container\">\n\t\t\t\t\t\t\t\t\t<div class=\"elementor-button-wrapper\">\n\t\t\t\t\t<a class=\"elementor-button elementor-button-link elementor-size-sm\" href=\"https:\/\/globalexcel.com\/es\/?page_id=13515\">\n\t\t\t\t\t\t<span class=\"elementor-button-content-wrapper\">\n\t\t\t\t\t\t\t\t\t<span class=\"elementor-button-text\">Saber m\u00e1s<\/span>\n\t\t\t\t\t<\/span>\n\t\t\t\t\t<\/a>\n\t\t\t\t<\/div>\n\t\t\t\t\t\t\t\t<\/div>\n\t\t\t\t<\/div>\n\t\t\t\t<\/div>\n\t\t<div class=\"elementor-element elementor-element-25959e3 e-con-full e-flex elementor-invisible e-con e-child\" data-id=\"25959e3\" data-element_type=\"container\" data-settings=\"{&quot;background_background&quot;:&quot;classic&quot;,&quot;animation&quot;:&quot;fadeInRight&quot;}\">\n\t\t\t\t<div class=\"elementor-element elementor-element-8c0d168 elementor-invisible elementor-widget elementor-widget-heading\" data-id=\"8c0d168\" data-element_type=\"widget\" data-settings=\"{&quot;_animation&quot;:&quot;fadeInUp&quot;}\" data-widget_type=\"heading.default\">\n\t\t\t\t<div class=\"elementor-widget-container\">\n\t\t\t\t\t<h2 class=\"elementor-heading-title elementor-size-default\">Un enfoque diferente en control de costos<\/h2>\t\t\t\t<\/div>\n\t\t\t\t<\/div>\n\t\t\t\t<div class=\"elementor-element elementor-element-42f7430 elementor-invisible elementor-widget elementor-widget-text-editor\" data-id=\"42f7430\" data-element_type=\"widget\" data-settings=\"{&quot;_animation&quot;:&quot;fadeInUp&quot;,&quot;_animation_delay&quot;:300}\" data-widget_type=\"text-editor.default\">\n\t\t\t\t<div class=\"elementor-widget-container\">\n\t\t\t\t\t\t\t\t\t<p>Nuestros clientes esperan que reduzcamos sus costos netos, especialmente en los Estados Unidos, mejor que cualquier otra compa\u00f1\u00eda. De esa manera podemos ayudarlos a mejorar sus resultados finales con m\u00ednima interferencia.<\/p>\t\t\t\t\t\t\t\t<\/div>\n\t\t\t\t<\/div>\n\t\t\t\t<div class=\"elementor-element elementor-element-ce4050d e-transform elementor-invisible elementor-widget elementor-widget-button\" data-id=\"ce4050d\" data-element_type=\"widget\" data-settings=\"{&quot;_animation&quot;:&quot;fadeInUp&quot;,&quot;_animation_delay&quot;:500,&quot;_transform_translateX_effect_hover&quot;:{&quot;unit&quot;:&quot;px&quot;,&quot;size&quot;:10,&quot;sizes&quot;:[]},&quot;_transform_translateX_effect_hover_laptop&quot;:{&quot;unit&quot;:&quot;px&quot;,&quot;size&quot;:&quot;&quot;,&quot;sizes&quot;:[]},&quot;_transform_translateX_effect_hover_tablet&quot;:{&quot;unit&quot;:&quot;px&quot;,&quot;size&quot;:&quot;&quot;,&quot;sizes&quot;:[]},&quot;_transform_translateX_effect_hover_mobile&quot;:{&quot;unit&quot;:&quot;px&quot;,&quot;size&quot;:&quot;&quot;,&quot;sizes&quot;:[]},&quot;_transform_translateY_effect_hover&quot;:{&quot;unit&quot;:&quot;px&quot;,&quot;size&quot;:&quot;&quot;,&quot;sizes&quot;:[]},&quot;_transform_translateY_effect_hover_laptop&quot;:{&quot;unit&quot;:&quot;px&quot;,&quot;size&quot;:&quot;&quot;,&quot;sizes&quot;:[]},&quot;_transform_translateY_effect_hover_tablet&quot;:{&quot;unit&quot;:&quot;px&quot;,&quot;size&quot;:&quot;&quot;,&quot;sizes&quot;:[]},&quot;_transform_translateY_effect_hover_mobile&quot;:{&quot;unit&quot;:&quot;px&quot;,&quot;size&quot;:&quot;&quot;,&quot;sizes&quot;:[]}}\" data-widget_type=\"button.default\">\n\t\t\t\t<div class=\"elementor-widget-container\">\n\t\t\t\t\t\t\t\t\t<div class=\"elementor-button-wrapper\">\n\t\t\t\t\t<a class=\"elementor-button elementor-button-link elementor-size-sm\" href=\"https:\/\/globalexcel.com\/es\/?page_id=13598\">\n\t\t\t\t\t\t<span class=\"elementor-button-content-wrapper\">\n\t\t\t\t\t\t\t\t\t<span class=\"elementor-button-text\">Saber m\u00e1s<\/span>\n\t\t\t\t\t<\/span>\n\t\t\t\t\t<\/a>\n\t\t\t\t<\/div>\n\t\t\t\t\t\t\t\t<\/div>\n\t\t\t\t<\/div>\n\t\t\t\t<\/div>\n\t\t<div class=\"elementor-element elementor-element-259f1ba e-con-full e-flex elementor-invisible e-con e-child\" data-id=\"259f1ba\" data-element_type=\"container\" data-settings=\"{&quot;background_background&quot;:&quot;classic&quot;,&quot;animation&quot;:&quot;fadeInLeft&quot;}\">\n\t\t\t\t<div class=\"elementor-element elementor-element-0778dfb elementor-invisible elementor-widget elementor-widget-heading\" data-id=\"0778dfb\" data-element_type=\"widget\" data-settings=\"{&quot;_animation&quot;:&quot;fadeInUp&quot;}\" data-widget_type=\"heading.default\">\n\t\t\t\t<div class=\"elementor-widget-container\">\n\t\t\t\t\t<h2 class=\"elementor-heading-title elementor-size-default\">Gesti\u00f3n de casos\nm\u00e9dico personalizada\n<\/h2>\t\t\t\t<\/div>\n\t\t\t\t<\/div>\n\t\t\t\t<div class=\"elementor-element elementor-element-b6a4f44 elementor-invisible elementor-widget elementor-widget-text-editor\" data-id=\"b6a4f44\" data-element_type=\"widget\" data-settings=\"{&quot;_animation&quot;:&quot;fadeInUp&quot;,&quot;_animation_delay&quot;:300}\" data-widget_type=\"text-editor.default\">\n\t\t\t\t<div class=\"elementor-widget-container\">\n\t\t\t\t\t\t\t\t\t<p>Nuestros clientes esperan que los mantengamos informados sobre las condiciones m\u00e9dicas de sus asegurados, gestionemos los casos con conocimientos especializados tanto m\u00e9dicos como financieros, proporcionemos opciones de tratamiento alternativas y que brindemos un excepcional servicio al cliente.<\/p>\t\t\t\t\t\t\t\t<\/div>\n\t\t\t\t<\/div>\n\t\t\t\t<div class=\"elementor-element elementor-element-5458ce1 e-transform elementor-invisible elementor-widget elementor-widget-button\" data-id=\"5458ce1\" data-element_type=\"widget\" data-settings=\"{&quot;_animation&quot;:&quot;fadeInUp&quot;,&quot;_animation_delay&quot;:500,&quot;_transform_translateX_effect_hover&quot;:{&quot;unit&quot;:&quot;px&quot;,&quot;size&quot;:10,&quot;sizes&quot;:[]},&quot;_transform_translateX_effect_hover_laptop&quot;:{&quot;unit&quot;:&quot;px&quot;,&quot;size&quot;:&quot;&quot;,&quot;sizes&quot;:[]},&quot;_transform_translateX_effect_hover_tablet&quot;:{&quot;unit&quot;:&quot;px&quot;,&quot;size&quot;:&quot;&quot;,&quot;sizes&quot;:[]},&quot;_transform_translateX_effect_hover_mobile&quot;:{&quot;unit&quot;:&quot;px&quot;,&quot;size&quot;:&quot;&quot;,&quot;sizes&quot;:[]},&quot;_transform_translateY_effect_hover&quot;:{&quot;unit&quot;:&quot;px&quot;,&quot;size&quot;:&quot;&quot;,&quot;sizes&quot;:[]},&quot;_transform_translateY_effect_hover_laptop&quot;:{&quot;unit&quot;:&quot;px&quot;,&quot;size&quot;:&quot;&quot;,&quot;sizes&quot;:[]},&quot;_transform_translateY_effect_hover_tablet&quot;:{&quot;unit&quot;:&quot;px&quot;,&quot;size&quot;:&quot;&quot;,&quot;sizes&quot;:[]},&quot;_transform_translateY_effect_hover_mobile&quot;:{&quot;unit&quot;:&quot;px&quot;,&quot;size&quot;:&quot;&quot;,&quot;sizes&quot;:[]}}\" data-widget_type=\"button.default\">\n\t\t\t\t<div class=\"elementor-widget-container\">\n\t\t\t\t\t\t\t\t\t<div class=\"elementor-button-wrapper\">\n\t\t\t\t\t<a class=\"elementor-button elementor-button-link elementor-size-sm\" href=\"https:\/\/globalexcel.com\/es\/?page_id=13562\">\n\t\t\t\t\t\t<span class=\"elementor-button-content-wrapper\">\n\t\t\t\t\t\t\t\t\t<span class=\"elementor-button-text\">Saber m\u00e1s<\/span>\n\t\t\t\t\t<\/span>\n\t\t\t\t\t<\/a>\n\t\t\t\t<\/div>\n\t\t\t\t\t\t\t\t<\/div>\n\t\t\t\t<\/div>\n\t\t\t\t<\/div>\n\t\t<div class=\"elementor-element elementor-element-5ad2105 e-con-full e-flex elementor-invisible e-con e-child\" data-id=\"5ad2105\" data-element_type=\"container\" data-settings=\"{&quot;background_background&quot;:&quot;classic&quot;,&quot;animation&quot;:&quot;fadeInRight&quot;}\">\n\t\t\t\t<div class=\"elementor-element elementor-element-d15cafb elementor-invisible elementor-widget elementor-widget-heading\" data-id=\"d15cafb\" data-element_type=\"widget\" data-settings=\"{&quot;_animation&quot;:&quot;fadeInUp&quot;}\" data-widget_type=\"heading.default\">\n\t\t\t\t<div class=\"elementor-widget-container\">\n\t\t\t\t\t<h2 class=\"elementor-heading-title elementor-size-default\">Administraci\u00f3n de reclamos m\u00e9dicos mayores o catastr\u00f3ficos<\/h2>\t\t\t\t<\/div>\n\t\t\t\t<\/div>\n\t\t\t\t<div class=\"elementor-element elementor-element-1d3d08b elementor-invisible elementor-widget elementor-widget-text-editor\" data-id=\"1d3d08b\" data-element_type=\"widget\" data-settings=\"{&quot;_animation&quot;:&quot;fadeInUp&quot;,&quot;_animation_delay&quot;:300}\" data-widget_type=\"text-editor.default\">\n\t\t\t\t<div class=\"elementor-widget-container\">\n\t\t\t\t\t\t\t\t\t<p>Un agama de servicios altamente especializados dise\u00f1ados espec\u00edficamente para casos catastr\u00f3ficos, gastos m\u00e9dicos mayores o siniestros de alto costo.<\/p>\t\t\t\t\t\t\t\t<\/div>\n\t\t\t\t<\/div>\n\t\t\t\t<div class=\"elementor-element elementor-element-09f4448 e-transform elementor-invisible elementor-widget elementor-widget-button\" data-id=\"09f4448\" data-element_type=\"widget\" data-settings=\"{&quot;_animation&quot;:&quot;fadeInUp&quot;,&quot;_animation_delay&quot;:500,&quot;_transform_translateX_effect_hover&quot;:{&quot;unit&quot;:&quot;px&quot;,&quot;size&quot;:10,&quot;sizes&quot;:[]},&quot;_transform_translateX_effect_hover_laptop&quot;:{&quot;unit&quot;:&quot;px&quot;,&quot;size&quot;:&quot;&quot;,&quot;sizes&quot;:[]},&quot;_transform_translateX_effect_hover_tablet&quot;:{&quot;unit&quot;:&quot;px&quot;,&quot;size&quot;:&quot;&quot;,&quot;sizes&quot;:[]},&quot;_transform_translateX_effect_hover_mobile&quot;:{&quot;unit&quot;:&quot;px&quot;,&quot;size&quot;:&quot;&quot;,&quot;sizes&quot;:[]},&quot;_transform_translateY_effect_hover&quot;:{&quot;unit&quot;:&quot;px&quot;,&quot;size&quot;:&quot;&quot;,&quot;sizes&quot;:[]},&quot;_transform_translateY_effect_hover_laptop&quot;:{&quot;unit&quot;:&quot;px&quot;,&quot;size&quot;:&quot;&quot;,&quot;sizes&quot;:[]},&quot;_transform_translateY_effect_hover_tablet&quot;:{&quot;unit&quot;:&quot;px&quot;,&quot;size&quot;:&quot;&quot;,&quot;sizes&quot;:[]},&quot;_transform_translateY_effect_hover_mobile&quot;:{&quot;unit&quot;:&quot;px&quot;,&quot;size&quot;:&quot;&quot;,&quot;sizes&quot;:[]}}\" data-widget_type=\"button.default\">\n\t\t\t\t<div class=\"elementor-widget-container\">\n\t\t\t\t\t\t\t\t\t<div class=\"elementor-button-wrapper\">\n\t\t\t\t\t<a class=\"elementor-button elementor-button-link elementor-size-sm\" href=\"https:\/\/globalexcel.com\/es\/?page_id=13603\">\n\t\t\t\t\t\t<span class=\"elementor-button-content-wrapper\">\n\t\t\t\t\t\t\t\t\t<span class=\"elementor-button-text\">Saber m\u00e1s<\/span>\n\t\t\t\t\t<\/span>\n\t\t\t\t\t<\/a>\n\t\t\t\t<\/div>\n\t\t\t\t\t\t\t\t<\/div>\n\t\t\t\t<\/div>\n\t\t\t\t<\/div>\n\t\t\t\t\t<\/div>\n\t\t\t\t<\/div>\n\t\t\t\t<\/div>\n\t\t","protected":false},"excerpt":{"rendered":"<p>Nuestras soluciones Una gama completa de servicios personalizables para cada cliente En Global Excel sabemos que no existen dos clientes iguales, de manera que tratamos a cada uno de los nuestros de forma exclusiva. A pesar de ello, todos nuestros clientes tienen algo en com\u00fan: todos tienen altas expectativas. En Global Excel, nuestro trabajo es [&hellip;]<\/p>\n","protected":false},"author":3,"featured_media":12363,"parent":0,"menu_order":0,"comment_status":"closed","ping_status":"closed","template":"","meta":{"_acf_changed":false,"inline_featured_image":false,"footnotes":""},"class_list":["post-14005","page","type-page","status-publish","has-post-thumbnail","hentry"],"acf":[],"yoast_head":"<!-- This site is optimized with the Yoast SEO plugin v26.4 - https:\/\/yoast.com\/wordpress\/plugins\/seo\/ -->\n<title>Soluciones - Global Excel Management Inc.<\/title>\n<meta name=\"robots\" content=\"index, follow, max-snippet:-1, max-image-preview:large, max-video-preview:-1\" \/>\n<link rel=\"canonical\" href=\"https:\/\/globalexcel.com\/solutions\/\" \/>\n<meta property=\"og:locale\" content=\"es_ES\" \/>\n<meta property=\"og:type\" content=\"article\" \/>\n<meta property=\"og:title\" content=\"Soluciones - Global Excel Management Inc.\" \/>\n<meta property=\"og:description\" content=\"Nuestras soluciones Una gama completa de servicios personalizables para cada cliente En Global Excel sabemos que no existen dos clientes iguales, de manera que tratamos a cada uno de los nuestros de forma exclusiva. A pesar de ello, todos nuestros clientes tienen algo en com\u00fan: todos tienen altas expectativas. En Global Excel, nuestro trabajo es [&hellip;]\" \/>\n<meta property=\"og:url\" content=\"https:\/\/globalexcel.com\/solutions\/\" \/>\n<meta property=\"og:site_name\" content=\"Global Excel Management Inc.\" \/>\n<meta property=\"article:modified_time\" content=\"2024-11-13T13:17:16+00:00\" \/>\n<meta property=\"og:image\" content=\"https:\/\/globalexcel.com\/wp-content\/uploads\/2023\/02\/Hero01-scaled.jpg\" \/>\n\t<meta property=\"og:image:width\" content=\"2560\" \/>\n\t<meta property=\"og:image:height\" content=\"1519\" \/>\n\t<meta property=\"og:image:type\" content=\"image\/jpeg\" \/>\n<meta name=\"twitter:card\" content=\"summary_large_image\" \/>\n<meta name=\"twitter:label1\" content=\"Tiempo de lectura\" \/>\n\t<meta name=\"twitter:data1\" content=\"2 minutos\" \/>\n<script type=\"application\/ld+json\" class=\"yoast-schema-graph\">{\"@context\":\"https:\/\/schema.org\",\"@graph\":[{\"@type\":\"WebPage\",\"@id\":\"https:\/\/globalexcel.com\/solutions\/\",\"url\":\"https:\/\/globalexcel.com\/solutions\/\",\"name\":\"Soluciones - Global Excel Management Inc.\",\"isPartOf\":{\"@id\":\"https:\/\/globalexcel.com\/#website\"},\"primaryImageOfPage\":{\"@id\":\"https:\/\/globalexcel.com\/solutions\/#primaryimage\"},\"image\":{\"@id\":\"https:\/\/globalexcel.com\/solutions\/#primaryimage\"},\"thumbnailUrl\":\"https:\/\/globalexcel.com\/wp-content\/uploads\/2023\/02\/Hero01-scaled.jpg\",\"datePublished\":\"2023-02-03T19:30:28+00:00\",\"dateModified\":\"2024-11-13T13:17:16+00:00\",\"breadcrumb\":{\"@id\":\"https:\/\/globalexcel.com\/solutions\/#breadcrumb\"},\"inLanguage\":\"es\",\"potentialAction\":[{\"@type\":\"ReadAction\",\"target\":[\"https:\/\/globalexcel.com\/solutions\/\"]}]},{\"@type\":\"ImageObject\",\"inLanguage\":\"es\",\"@id\":\"https:\/\/globalexcel.com\/solutions\/#primaryimage\",\"url\":\"https:\/\/globalexcel.com\/wp-content\/uploads\/2023\/02\/Hero01-scaled.jpg\",\"contentUrl\":\"https:\/\/globalexcel.com\/wp-content\/uploads\/2023\/02\/Hero01-scaled.jpg\",\"width\":2560,\"height\":1519},{\"@type\":\"BreadcrumbList\",\"@id\":\"https:\/\/globalexcel.com\/solutions\/#breadcrumb\",\"itemListElement\":[{\"@type\":\"ListItem\",\"position\":1,\"name\":\"inicio\",\"item\":\"https:\/\/globalexcel.com\/\"},{\"@type\":\"ListItem\",\"position\":2,\"name\":\"Soluciones\"}]},{\"@type\":\"WebSite\",\"@id\":\"https:\/\/globalexcel.com\/#website\",\"url\":\"https:\/\/globalexcel.com\/\",\"name\":\"Global Excel Management Inc.\",\"description\":\"Su socio en la gesti\u00f3n de costes sanitarios\",\"publisher\":{\"@id\":\"https:\/\/globalexcel.com\/#organization\"},\"potentialAction\":[{\"@type\":\"SearchAction\",\"target\":{\"@type\":\"EntryPoint\",\"urlTemplate\":\"https:\/\/globalexcel.com\/?s={search_term_string}\"},\"query-input\":{\"@type\":\"PropertyValueSpecification\",\"valueRequired\":true,\"valueName\":\"search_term_string\"}}],\"inLanguage\":\"es\"},{\"@type\":\"Organization\",\"@id\":\"https:\/\/globalexcel.com\/#organization\",\"name\":\"Global Excel Management Inc.\",\"url\":\"https:\/\/globalexcel.com\/\",\"logo\":{\"@type\":\"ImageObject\",\"inLanguage\":\"es\",\"@id\":\"https:\/\/globalexcel.com\/#\/schema\/logo\/image\/\",\"url\":\"https:\/\/globalexcel.com\/wp-content\/uploads\/gemLogoColor.svg\",\"contentUrl\":\"https:\/\/globalexcel.com\/wp-content\/uploads\/gemLogoColor.svg\",\"caption\":\"Global Excel Management Inc.\"},\"image\":{\"@id\":\"https:\/\/globalexcel.com\/#\/schema\/logo\/image\/\"}}]}<\/script>\n<!-- \/ Yoast SEO plugin. -->","yoast_head_json":{"title":"Soluciones - Global Excel Management Inc.","robots":{"index":"index","follow":"follow","max-snippet":"max-snippet:-1","max-image-preview":"max-image-preview:large","max-video-preview":"max-video-preview:-1"},"canonical":"https:\/\/globalexcel.com\/solutions\/","og_locale":"es_ES","og_type":"article","og_title":"Soluciones - Global Excel Management Inc.","og_description":"Nuestras soluciones Una gama completa de servicios personalizables para cada cliente En Global Excel sabemos que no existen dos clientes iguales, de manera que tratamos a cada uno de los nuestros de forma exclusiva. A pesar de ello, todos nuestros clientes tienen algo en com\u00fan: todos tienen altas expectativas. En Global Excel, nuestro trabajo es [&hellip;]","og_url":"https:\/\/globalexcel.com\/solutions\/","og_site_name":"Global Excel Management Inc.","article_modified_time":"2024-11-13T13:17:16+00:00","og_image":[{"width":2560,"height":1519,"url":"https:\/\/globalexcel.com\/wp-content\/uploads\/2023\/02\/Hero01-scaled.jpg","type":"image\/jpeg"}],"twitter_card":"summary_large_image","twitter_misc":{"Tiempo de lectura":"2 minutos"},"schema":{"@context":"https:\/\/schema.org","@graph":[{"@type":"WebPage","@id":"https:\/\/globalexcel.com\/solutions\/","url":"https:\/\/globalexcel.com\/solutions\/","name":"Soluciones - Global Excel Management Inc.","isPartOf":{"@id":"https:\/\/globalexcel.com\/#website"},"primaryImageOfPage":{"@id":"https:\/\/globalexcel.com\/solutions\/#primaryimage"},"image":{"@id":"https:\/\/globalexcel.com\/solutions\/#primaryimage"},"thumbnailUrl":"https:\/\/globalexcel.com\/wp-content\/uploads\/2023\/02\/Hero01-scaled.jpg","datePublished":"2023-02-03T19:30:28+00:00","dateModified":"2024-11-13T13:17:16+00:00","breadcrumb":{"@id":"https:\/\/globalexcel.com\/solutions\/#breadcrumb"},"inLanguage":"es","potentialAction":[{"@type":"ReadAction","target":["https:\/\/globalexcel.com\/solutions\/"]}]},{"@type":"ImageObject","inLanguage":"es","@id":"https:\/\/globalexcel.com\/solutions\/#primaryimage","url":"https:\/\/globalexcel.com\/wp-content\/uploads\/2023\/02\/Hero01-scaled.jpg","contentUrl":"https:\/\/globalexcel.com\/wp-content\/uploads\/2023\/02\/Hero01-scaled.jpg","width":2560,"height":1519},{"@type":"BreadcrumbList","@id":"https:\/\/globalexcel.com\/solutions\/#breadcrumb","itemListElement":[{"@type":"ListItem","position":1,"name":"inicio","item":"https:\/\/globalexcel.com\/"},{"@type":"ListItem","position":2,"name":"Soluciones"}]},{"@type":"WebSite","@id":"https:\/\/globalexcel.com\/#website","url":"https:\/\/globalexcel.com\/","name":"Global Excel Management Inc.","description":"Su socio en la gesti\u00f3n de costes sanitarios","publisher":{"@id":"https:\/\/globalexcel.com\/#organization"},"potentialAction":[{"@type":"SearchAction","target":{"@type":"EntryPoint","urlTemplate":"https:\/\/globalexcel.com\/?s={search_term_string}"},"query-input":{"@type":"PropertyValueSpecification","valueRequired":true,"valueName":"search_term_string"}}],"inLanguage":"es"},{"@type":"Organization","@id":"https:\/\/globalexcel.com\/#organization","name":"Global Excel Management Inc.","url":"https:\/\/globalexcel.com\/","logo":{"@type":"ImageObject","inLanguage":"es","@id":"https:\/\/globalexcel.com\/#\/schema\/logo\/image\/","url":"https:\/\/globalexcel.com\/wp-content\/uploads\/gemLogoColor.svg","contentUrl":"https:\/\/globalexcel.com\/wp-content\/uploads\/gemLogoColor.svg","caption":"Global Excel Management Inc."},"image":{"@id":"https:\/\/globalexcel.com\/#\/schema\/logo\/image\/"}}]}},"_links":{"self":[{"href":"https:\/\/globalexcel.com\/es\/wp-json\/wp\/v2\/pages\/14005","targetHints":{"allow":["GET"]}}],"collection":[{"href":"https:\/\/globalexcel.com\/es\/wp-json\/wp\/v2\/pages"}],"about":[{"href":"https:\/\/globalexcel.com\/es\/wp-json\/wp\/v2\/types\/page"}],"author":[{"embeddable":true,"href":"https:\/\/globalexcel.com\/es\/wp-json\/wp\/v2\/users\/3"}],"replies":[{"embeddable":true,"href":"https:\/\/globalexcel.com\/es\/wp-json\/wp\/v2\/comments?post=14005"}],"version-history":[{"count":5,"href":"https:\/\/globalexcel.com\/es\/wp-json\/wp\/v2\/pages\/14005\/revisions"}],"predecessor-version":[{"id":17870,"href":"https:\/\/globalexcel.com\/es\/wp-json\/wp\/v2\/pages\/14005\/revisions\/17870"}],"wp:featuredmedia":[{"embeddable":true,"href":"https:\/\/globalexcel.com\/es\/wp-json\/wp\/v2\/media\/12363"}],"wp:attachment":[{"href":"https:\/\/globalexcel.com\/es\/wp-json\/wp\/v2\/media?parent=14005"}],"curies":[{"name":"wp","href":"https:\/\/api.w.org\/{rel}","templated":true}]}}