{"id":13578,"date":"2023-08-09T08:25:37","date_gmt":"2023-08-09T12:25:37","guid":{"rendered":"https:\/\/brand.switch.makemagik.com\/condiciones-de-uso\/"},"modified":"2024-05-14T16:43:38","modified_gmt":"2024-05-14T20:43:38","slug":"condiciones-de-uso","status":"publish","type":"page","link":"https:\/\/globalexcel.com\/es\/condiciones-de-uso\/","title":{"rendered":"Condiciones de uso"},"content":{"rendered":"\t\t<div data-elementor-type=\"wp-page\" data-elementor-id=\"13578\" class=\"elementor elementor-13578 elementor-8326\" data-elementor-post-type=\"page\">\n\t\t\t\t<div class=\"elementor-element elementor-element-fa8615f hero-height e-flex e-con-boxed e-con e-parent\" data-id=\"fa8615f\" data-element_type=\"container\" data-settings=\"{&quot;background_background&quot;:&quot;classic&quot;}\">\n\t\t\t\t\t<div class=\"e-con-inner\">\n\t\t\t\t\t<\/div>\n\t\t\t\t<\/div>\n\t\t<div class=\"elementor-element elementor-element-240f0fd e-flex e-con-boxed e-con e-parent\" data-id=\"240f0fd\" data-element_type=\"container\">\n\t\t\t\t\t<div class=\"e-con-inner\">\n\t\t\t\t<div class=\"elementor-element elementor-element-ab7c7bc elementor-widget__width-inherit elementor-widget elementor-widget-global elementor-global-13879 elementor-global-1930 elementor-widget-breadcrumbs\" data-id=\"ab7c7bc\" data-element_type=\"widget\" data-widget_type=\"breadcrumbs.default\">\n\t\t\t\t<div class=\"elementor-widget-container\">\n\t\t\t\t\t<p id=\"breadcrumbs\"><span><span><a href=\"https:\/\/globalexcel.com\/\">inicio<\/a><\/span><\/span><\/p>\t\t\t\t<\/div>\n\t\t\t\t<\/div>\n\t\t\t\t<div class=\"elementor-element elementor-element-00753ea elementor-widget__width-inherit elementor-invisible elementor-widget elementor-widget-heading\" data-id=\"00753ea\" data-element_type=\"widget\" data-settings=\"{&quot;_animation&quot;:&quot;fadeInUp&quot;}\" data-widget_type=\"heading.default\">\n\t\t\t\t<div class=\"elementor-widget-container\">\n\t\t\t\t\t<h1 class=\"elementor-heading-title elementor-size-default\">Condiciones de uso<\/h1>\t\t\t\t<\/div>\n\t\t\t\t<\/div>\n\t\t<div class=\"elementor-element elementor-element-425b08a e-con-full e-flex e-con e-child\" data-id=\"425b08a\" data-element_type=\"container\">\n\t\t\t\t<div class=\"elementor-element elementor-element-70110ed elementor-widget__width-inherit elementor-invisible elementor-widget elementor-widget-text-editor\" data-id=\"70110ed\" data-element_type=\"widget\" data-settings=\"{&quot;_animation&quot;:&quot;fadeInUp&quot;,&quot;_animation_delay&quot;:200}\" data-widget_type=\"text-editor.default\">\n\t\t\t\t<div class=\"elementor-widget-container\">\n\t\t\t\t\t\t\t\t\t<h2>Para asistencia inmediata a nuestros asegurados, clientes o para asistencia en siniestros:<\/h2>\n\t\t\t\t\t\t\t\t<\/div>\n\t\t\t\t<\/div>\n\t\t\t\t<div class=\"elementor-element elementor-element-f8c35c1 elementor-widget__width-inherit elementor-widget elementor-widget-text-editor\" data-id=\"f8c35c1\" data-element_type=\"widget\" data-widget_type=\"text-editor.default\">\n\t\t\t\t<div class=\"elementor-widget-container\">\n\t\t\t\t\t\t\t\t\t<h3>Condiciones de uso<\/h3>\n<p>Al acceder al sitio web de Global Excel, aceptas las siguientes condiciones de uso. En consecuencia, quedas vinculado por los t\u00e9rminos establecidos en la p\u00e1gina real; en caso de uso indebido o contrario a los t\u00e9rminos y condiciones reales, Global Excel Management Inc. (en adelante \u00abGLOBAL EXCEL\u00bb) emprender\u00e1 todas las acciones necesarias para hacer valer sus derechos. Si no aceptas quedar vinculado por las presentes condiciones, deja de utilizar este sitio web inmediatamente.<\/p>\n<p>GLOBAL EXCEL se reserva el derecho a modificar unilateralmente este Acuerdo de Uso del Sitio en cualquier momento y sin previo aviso. En caso de modificaci\u00f3n, al utilizar este sitio web, aceptar\u00e1s quedar vinculado por los nuevos t\u00e9rminos establecidos en este acuerdo.<\/p>\n<h3>Privacidad de la informaci\u00f3n y seguridad<\/h3>\n<p>Damos gran importancia a la protecci\u00f3n de tu privacidad. Aunque nuestros esfuerzos de seguridad son coherentes con las pr\u00e1cticas del sector en Canad\u00e1, la privacidad, confidencialidad y seguridad completas todav\u00eda no son posibles en Internet y, por tanto, no pueden garantizarse. En consecuencia, sin limitar ninguna otra exenci\u00f3n de responsabilidad aqu\u00ed contenida, no seremos responsables de ning\u00fan da\u00f1o o p\u00e9rdida resultante de la transmisi\u00f3n de informaci\u00f3n utilizando este sitio web, ni de ning\u00fan da\u00f1o que t\u00fa o cualquier otra parte pueda sufrir en relaci\u00f3n con cualquier violaci\u00f3n de la confidencialidad o la seguridad.<\/p>\n<h3>Asesoramiento profesional<\/h3>\n<p>Al proporcionar informaci\u00f3n en este sitio web, no estamos prestando ning\u00fan tipo de asesoramiento jur\u00eddico, de seguros, financiero o cualquier otro tipo de asesoramiento profesional.<\/p>\n<h3>Propiedad intelectual<\/h3>\n<p><strong>Derechos de autor:<\/strong>  El dise\u00f1o y el contenido de este sitio web, incluyendo texto, gr\u00e1ficos, im\u00e1genes, software y otros materiales contenidos en el mismo (colectivamente \u00abMateriales\u00bb), est\u00e1n protegidos por derechos de autor. El uso no autorizado de los Materiales puede violar los derechos de autor, la marca registrada y otras leyes. Queda prohibida cualquier reproducci\u00f3n, o cualquier redistribuci\u00f3n, retransmisi\u00f3n o modificaci\u00f3n de los Materiales de este sitio web sin nuestro permiso expreso por escrito. Si infringes cualquiera de estas restricciones, tu permiso para utilizar los Materiales finalizar\u00e1 autom\u00e1ticamente y deber\u00e1s destruir inmediatamente cualquier copia que hayas hecho de los mismos. .<br \/>Marcas comerciales: Algunos de los logotipos, marcas, nombres, dise\u00f1os, t\u00edtulos, palabras, frases o esl\u00f3ganes utilizados en este sitio web constituyen marcas registradas de GLOBAL EXCEL, o se utilizan bajo licencia. Por tanto, cualquier descarga, copia o modificaci\u00f3n no autorizada del contenido de este sitio web puede suponer una infracci\u00f3n de las leyes federales o de derecho consuetudinario sobre marcas registradas y\/o derechos de autor. Todos los dem\u00e1s nombres de productos o servicios mencionados en nuestro sitio web son marcas registradas de sus respectivos propietarios. .<\/p>\n<p>Sin limitar la generalidad de lo anterior, lo siguiente constituye marcas registradas de GLOBAL EXCEL:<br \/>\u2020Global Excel (nombre y dise\u00f1o)<br \/>*La cl\u00e9 des affaires pour les Am\u00e9riques<br \/>*Socios para: Am\u00e9rica<br \/>*Socios para: t\u00fa<br \/>\u2020es una marca registrada de Global Excel Management Inc.<br \/>*son marcas registradas de Global Excel Management Inc.<\/p>\n<h3>Exactitud de la informaci\u00f3n<\/h3>\n<p>Toda la informaci\u00f3n de este sitio web est\u00e1 sujeta a cambios sin previo aviso. No garantizamos que la informaci\u00f3n contenida en este sitio web sea exacta o est\u00e9 actualizada. No seremos responsables de ninguna confianza perjudicial que deposites en este sitio web o en sus contenidos. El uso de este sitio web se har\u00e1 \u00abtal cual\u00bb y por tu cuenta y riesgo.<\/p>\n<h3>Servicios<\/h3>\n<p>Las descripciones de los servicios proporcionadas en este sitio web s\u00f3lo se dan a efectos de informaci\u00f3n general y no se ofrecen en ninguna jurisdicci\u00f3n o pa\u00eds donde dicha oferta o servicios sean contrarios a la legislaci\u00f3n o normativa local. La informaci\u00f3n proporcionada en el sitio web no constituye una oferta. Los servicios descritos en este sitio web pueden regirse por las prestaciones, t\u00e9rminos, condiciones y exclusiones que figuran en el texto de tu p\u00f3liza.<\/p>\n<h3>Sin responsabilidad<\/h3>\n<p>El uso que hagas de este sitio web ser\u00e1 por tu cuenta y riesgo. GLOBAL EXCEL, sus empresas afiliadas y sus representantes no ser\u00e1n responsables en modo alguno de ning\u00fan da\u00f1o, p\u00e9rdida o perjuicio, sea cual sea su causa, derivado del uso que hagas de este sitio web, incluidos los da\u00f1os directos, indirectos, especiales, a terceros o consecuentes. No seremos responsables de ninguna confianza perjudicial que puedas depositar en el sitio web o en su contenido.<\/p>\n<h3>Hiperv\u00ednculos<\/h3>\n<p>Los sitios a los que se accede mediante enlaces de hipertexto que aparecen en este sitio web han sido desarrollados de forma independiente por terceros. No garantizamos la exactitud de ninguna informaci\u00f3n de estos otros sitios. No hacemos ninguna declaraci\u00f3n sobre el contenido de estos otros sitios. No respaldamos ni aprobamos las opiniones expresadas en estos otros sitios. Los patrocinadores de estos sitios no est\u00e1n afiliados a GLOBAL EXCEL ni a sus empresas afiliadas.<\/p>\n<h3>Licencia limitada<\/h3>\n<p>Se te proh\u00edbe distribuir el texto o los gr\u00e1ficos de este sitio web para cualquier fin a terceros sin el consentimiento expreso por escrito de GLOBAL EXCEL. Tambi\u00e9n tienes prohibido duplicar, modificar o reutilizar esta informaci\u00f3n en tu propio sitio web sin el consentimiento expreso por escrito de GLOBAL EXCEL. Sin embargo, puedes imprimir copias de la informaci\u00f3n para tu uso personal o almacenar los archivos en tu propio ordenador para tu uso personal. .<br \/>Puedes incluir un enlace a este sitio web en tu propio sitio siempre que el enlace se haga a su p\u00e1gina de Inicio.<\/p>\n<h3>Jurisdicci\u00f3n<\/h3>\n<p>La sede social de GLOBAL EXCEL se encuentra en Sherbrooke, en la provincia de Quebec, Canad\u00e1. Las Leyes de la Provincia de Quebec y las leyes federales de Canad\u00e1 aplicables en la misma regir\u00e1n en cuanto a la interpretaci\u00f3n, validez y efecto de este acuerdo y cualquier uso de este sitio web. Por la presente, consientes y te sometes a la jurisdicci\u00f3n no exclusiva de los tribunales de la provincia de Quebec en cualquier acci\u00f3n o procedimiento iniciado en virtud de este acuerdo o relacionado con \u00e9l o con tu uso de este sitio web.<\/p>\n\t\t\t\t\t\t\t\t<\/div>\n\t\t\t\t<\/div>\n\t\t\t\t<\/div>\n\t\t\t\t\t<\/div>\n\t\t\t\t<\/div>\n\t\t\t\t<\/div>\n\t\t","protected":false},"excerpt":{"rendered":"<p>Condiciones de uso Para asistencia inmediata a nuestros asegurados, clientes o para asistencia en siniestros: Condiciones de uso Al acceder al sitio web de Global Excel, aceptas las siguientes condiciones de uso. En consecuencia, quedas vinculado por los t\u00e9rminos establecidos en la p\u00e1gina real; en caso de uso indebido o contrario a los t\u00e9rminos y [&hellip;]<\/p>\n","protected":false},"author":3,"featured_media":0,"parent":0,"menu_order":0,"comment_status":"closed","ping_status":"closed","template":"","meta":{"_acf_changed":false,"inline_featured_image":false,"footnotes":""},"class_list":["post-13578","page","type-page","status-publish","hentry"],"acf":[],"yoast_head":"<!-- This site is optimized with the Yoast SEO plugin v26.4 - https:\/\/yoast.com\/wordpress\/plugins\/seo\/ -->\n<title>Condiciones de uso - Global Excel Management Inc.<\/title>\n<meta name=\"robots\" content=\"index, follow, max-snippet:-1, max-image-preview:large, max-video-preview:-1\" \/>\n<link rel=\"canonical\" href=\"https:\/\/globalexcel.com\/conditions-of-use\/\" \/>\n<meta property=\"og:locale\" content=\"es_ES\" \/>\n<meta property=\"og:type\" content=\"article\" \/>\n<meta property=\"og:title\" content=\"Condiciones de uso - Global Excel Management Inc.\" \/>\n<meta property=\"og:description\" content=\"Condiciones de uso Para asistencia inmediata a nuestros asegurados, clientes o para asistencia en siniestros: Condiciones de uso Al acceder al sitio web de Global Excel, aceptas las siguientes condiciones de uso. En consecuencia, quedas vinculado por los t\u00e9rminos establecidos en la p\u00e1gina real; en caso de uso indebido o contrario a los t\u00e9rminos y [&hellip;]\" \/>\n<meta property=\"og:url\" content=\"https:\/\/globalexcel.com\/conditions-of-use\/\" \/>\n<meta property=\"og:site_name\" content=\"Global Excel Management Inc.\" \/>\n<meta property=\"article:modified_time\" content=\"2024-05-14T20:43:38+00:00\" \/>\n<meta name=\"twitter:card\" content=\"summary_large_image\" \/>\n<meta name=\"twitter:label1\" content=\"Tiempo de lectura\" \/>\n\t<meta name=\"twitter:data1\" content=\"5 minutos\" \/>\n<script type=\"application\/ld+json\" class=\"yoast-schema-graph\">{\"@context\":\"https:\/\/schema.org\",\"@graph\":[{\"@type\":\"WebPage\",\"@id\":\"https:\/\/globalexcel.com\/conditions-of-use\/\",\"url\":\"https:\/\/globalexcel.com\/conditions-of-use\/\",\"name\":\"Condiciones de uso - Global Excel Management Inc.\",\"isPartOf\":{\"@id\":\"https:\/\/globalexcel.com\/#website\"},\"datePublished\":\"2023-08-09T12:25:37+00:00\",\"dateModified\":\"2024-05-14T20:43:38+00:00\",\"breadcrumb\":{\"@id\":\"https:\/\/globalexcel.com\/conditions-of-use\/#breadcrumb\"},\"inLanguage\":\"es\",\"potentialAction\":[{\"@type\":\"ReadAction\",\"target\":[\"https:\/\/globalexcel.com\/conditions-of-use\/\"]}]},{\"@type\":\"BreadcrumbList\",\"@id\":\"https:\/\/globalexcel.com\/conditions-of-use\/#breadcrumb\",\"itemListElement\":[{\"@type\":\"ListItem\",\"position\":1,\"name\":\"inicio\",\"item\":\"https:\/\/globalexcel.com\/\"},{\"@type\":\"ListItem\",\"position\":2,\"name\":\"Condiciones de uso\"}]},{\"@type\":\"WebSite\",\"@id\":\"https:\/\/globalexcel.com\/#website\",\"url\":\"https:\/\/globalexcel.com\/\",\"name\":\"Global Excel Management Inc.\",\"description\":\"Su socio en la gesti\u00f3n de costes sanitarios\",\"publisher\":{\"@id\":\"https:\/\/globalexcel.com\/#organization\"},\"potentialAction\":[{\"@type\":\"SearchAction\",\"target\":{\"@type\":\"EntryPoint\",\"urlTemplate\":\"https:\/\/globalexcel.com\/?s={search_term_string}\"},\"query-input\":{\"@type\":\"PropertyValueSpecification\",\"valueRequired\":true,\"valueName\":\"search_term_string\"}}],\"inLanguage\":\"es\"},{\"@type\":\"Organization\",\"@id\":\"https:\/\/globalexcel.com\/#organization\",\"name\":\"Global Excel Management Inc.\",\"url\":\"https:\/\/globalexcel.com\/\",\"logo\":{\"@type\":\"ImageObject\",\"inLanguage\":\"es\",\"@id\":\"https:\/\/globalexcel.com\/#\/schema\/logo\/image\/\",\"url\":\"https:\/\/globalexcel.com\/wp-content\/uploads\/gemLogoColor.svg\",\"contentUrl\":\"https:\/\/globalexcel.com\/wp-content\/uploads\/gemLogoColor.svg\",\"caption\":\"Global Excel Management Inc.\"},\"image\":{\"@id\":\"https:\/\/globalexcel.com\/#\/schema\/logo\/image\/\"}}]}<\/script>\n<!-- \/ Yoast SEO plugin. -->","yoast_head_json":{"title":"Condiciones de uso - Global Excel Management Inc.","robots":{"index":"index","follow":"follow","max-snippet":"max-snippet:-1","max-image-preview":"max-image-preview:large","max-video-preview":"max-video-preview:-1"},"canonical":"https:\/\/globalexcel.com\/conditions-of-use\/","og_locale":"es_ES","og_type":"article","og_title":"Condiciones de uso - Global Excel Management Inc.","og_description":"Condiciones de uso Para asistencia inmediata a nuestros asegurados, clientes o para asistencia en siniestros: Condiciones de uso Al acceder al sitio web de Global Excel, aceptas las siguientes condiciones de uso. En consecuencia, quedas vinculado por los t\u00e9rminos establecidos en la p\u00e1gina real; en caso de uso indebido o contrario a los t\u00e9rminos y [&hellip;]","og_url":"https:\/\/globalexcel.com\/conditions-of-use\/","og_site_name":"Global Excel Management Inc.","article_modified_time":"2024-05-14T20:43:38+00:00","twitter_card":"summary_large_image","twitter_misc":{"Tiempo de lectura":"5 minutos"},"schema":{"@context":"https:\/\/schema.org","@graph":[{"@type":"WebPage","@id":"https:\/\/globalexcel.com\/conditions-of-use\/","url":"https:\/\/globalexcel.com\/conditions-of-use\/","name":"Condiciones de uso - Global Excel Management Inc.","isPartOf":{"@id":"https:\/\/globalexcel.com\/#website"},"datePublished":"2023-08-09T12:25:37+00:00","dateModified":"2024-05-14T20:43:38+00:00","breadcrumb":{"@id":"https:\/\/globalexcel.com\/conditions-of-use\/#breadcrumb"},"inLanguage":"es","potentialAction":[{"@type":"ReadAction","target":["https:\/\/globalexcel.com\/conditions-of-use\/"]}]},{"@type":"BreadcrumbList","@id":"https:\/\/globalexcel.com\/conditions-of-use\/#breadcrumb","itemListElement":[{"@type":"ListItem","position":1,"name":"inicio","item":"https:\/\/globalexcel.com\/"},{"@type":"ListItem","position":2,"name":"Condiciones de uso"}]},{"@type":"WebSite","@id":"https:\/\/globalexcel.com\/#website","url":"https:\/\/globalexcel.com\/","name":"Global Excel Management Inc.","description":"Su socio en la gesti\u00f3n de costes sanitarios","publisher":{"@id":"https:\/\/globalexcel.com\/#organization"},"potentialAction":[{"@type":"SearchAction","target":{"@type":"EntryPoint","urlTemplate":"https:\/\/globalexcel.com\/?s={search_term_string}"},"query-input":{"@type":"PropertyValueSpecification","valueRequired":true,"valueName":"search_term_string"}}],"inLanguage":"es"},{"@type":"Organization","@id":"https:\/\/globalexcel.com\/#organization","name":"Global Excel Management Inc.","url":"https:\/\/globalexcel.com\/","logo":{"@type":"ImageObject","inLanguage":"es","@id":"https:\/\/globalexcel.com\/#\/schema\/logo\/image\/","url":"https:\/\/globalexcel.com\/wp-content\/uploads\/gemLogoColor.svg","contentUrl":"https:\/\/globalexcel.com\/wp-content\/uploads\/gemLogoColor.svg","caption":"Global Excel Management Inc."},"image":{"@id":"https:\/\/globalexcel.com\/#\/schema\/logo\/image\/"}}]}},"_links":{"self":[{"href":"https:\/\/globalexcel.com\/es\/wp-json\/wp\/v2\/pages\/13578","targetHints":{"allow":["GET"]}}],"collection":[{"href":"https:\/\/globalexcel.com\/es\/wp-json\/wp\/v2\/pages"}],"about":[{"href":"https:\/\/globalexcel.com\/es\/wp-json\/wp\/v2\/types\/page"}],"author":[{"embeddable":true,"href":"https:\/\/globalexcel.com\/es\/wp-json\/wp\/v2\/users\/3"}],"replies":[{"embeddable":true,"href":"https:\/\/globalexcel.com\/es\/wp-json\/wp\/v2\/comments?post=13578"}],"version-history":[{"count":5,"href":"https:\/\/globalexcel.com\/es\/wp-json\/wp\/v2\/pages\/13578\/revisions"}],"predecessor-version":[{"id":14191,"href":"https:\/\/globalexcel.com\/es\/wp-json\/wp\/v2\/pages\/13578\/revisions\/14191"}],"wp:attachment":[{"href":"https:\/\/globalexcel.com\/es\/wp-json\/wp\/v2\/media?parent=13578"}],"curies":[{"name":"wp","href":"https:\/\/api.w.org\/{rel}","templated":true}]}}