{"id":13452,"date":"2023-08-09T08:53:04","date_gmt":"2023-08-09T12:53:04","guid":{"rendered":"https:\/\/brand.switch.makemagik.com\/proceso-de-reclamacion-en-el-reino-unido\/"},"modified":"2024-05-14T16:46:45","modified_gmt":"2024-05-14T20:46:45","slug":"proceso-de-reclamacion-en-el-reino-unido","status":"publish","type":"page","link":"https:\/\/globalexcel.com\/es\/proceso-de-reclamacion-en-el-reino-unido\/","title":{"rendered":"Proceso de reclamaci\u00f3n en el Reino Unido"},"content":{"rendered":"\t\t<div data-elementor-type=\"wp-page\" data-elementor-id=\"13452\" class=\"elementor elementor-13452 elementor-8355\" data-elementor-post-type=\"page\">\n\t\t\t\t<div class=\"elementor-element elementor-element-fa8615f hero-height e-flex e-con-boxed e-con e-parent\" data-id=\"fa8615f\" data-element_type=\"container\" data-settings=\"{&quot;background_background&quot;:&quot;classic&quot;}\">\n\t\t\t\t\t<div class=\"e-con-inner\">\n\t\t\t\t\t<\/div>\n\t\t\t\t<\/div>\n\t\t<div class=\"elementor-element elementor-element-240f0fd e-flex e-con-boxed e-con e-parent\" data-id=\"240f0fd\" data-element_type=\"container\">\n\t\t\t\t\t<div class=\"e-con-inner\">\n\t\t\t\t<div class=\"elementor-element elementor-element-ab7c7bc elementor-widget__width-inherit elementor-widget elementor-widget-global elementor-global-13879 elementor-global-1930 elementor-widget-breadcrumbs\" data-id=\"ab7c7bc\" data-element_type=\"widget\" data-widget_type=\"breadcrumbs.default\">\n\t\t\t\t<div class=\"elementor-widget-container\">\n\t\t\t\t\t<p id=\"breadcrumbs\"><span><span><a href=\"https:\/\/globalexcel.com\/\">inicio<\/a><\/span><\/span><\/p>\t\t\t\t<\/div>\n\t\t\t\t<\/div>\n\t\t\t\t<div class=\"elementor-element elementor-element-00753ea elementor-widget__width-inherit elementor-invisible elementor-widget elementor-widget-heading\" data-id=\"00753ea\" data-element_type=\"widget\" data-settings=\"{&quot;_animation&quot;:&quot;fadeInUp&quot;}\" data-widget_type=\"heading.default\">\n\t\t\t\t<div class=\"elementor-widget-container\">\n\t\t\t\t\t<h1 class=\"elementor-heading-title elementor-size-default\">Proceso de reclamaci\u00f3n para clientes establecidos en el Reino Unido<\/h1>\t\t\t\t<\/div>\n\t\t\t\t<\/div>\n\t\t<div class=\"elementor-element elementor-element-425b08a e-con-full e-flex e-con e-child\" data-id=\"425b08a\" data-element_type=\"container\">\n\t\t\t\t<div class=\"elementor-element elementor-element-70110ed elementor-widget__width-inherit elementor-invisible elementor-widget elementor-widget-text-editor\" data-id=\"70110ed\" data-element_type=\"widget\" data-settings=\"{&quot;_animation&quot;:&quot;fadeInUp&quot;,&quot;_animation_delay&quot;:200}\" data-widget_type=\"text-editor.default\">\n\t\t\t\t<div class=\"elementor-widget-container\">\n\t\t\t\t\t\t\t\t\t<h2>Actuamos para muchas aseguradoras diferentes, por lo que encontrar\u00e1s el procedimiento de reclamaci\u00f3n que te corresponda en el texto de tu p\u00f3liza y en el sitio web asociado.<\/h2>\n\t\t\t\t\t\t\t\t<\/div>\n\t\t\t\t<\/div>\n\t\t\t\t<div class=\"elementor-element elementor-element-f8c35c1 elementor-widget__width-inherit elementor-widget elementor-widget-text-editor\" data-id=\"f8c35c1\" data-element_type=\"widget\" data-widget_type=\"text-editor.default\">\n\t\t\t\t<div class=\"elementor-widget-container\">\n\t\t\t\t\t\t\t\t\t<p>Si tu queja se refiere al servicio que te hemos prestado, tu aseguradora la investigar\u00e1 de forma independiente y te facilitaremos toda la informaci\u00f3n que necesiten.<\/p>\n<p>Ten en cuenta que la legislaci\u00f3n brit\u00e1nica concede un plazo de 8 semanas para investigar una reclamaci\u00f3n y, si transcurre dicho plazo o recibes una respuesta final que no aceptas, puedes remitir tu reclamaci\u00f3n al Servicio del Defensor del Pueblo Financiero por cualquiera de los siguientes m\u00e9todos:<\/p>\n<ul>\n<li>Por tel\u00e9fono llamando al <strong>0300 123 9123<\/strong> (con tarifa nacional) o al <strong>0800 023 4567<\/strong>(gratuito desde tel\u00e9fonos fijos)<\/li>\n<li>Por correo electr\u00f3nico: <a href=\"mailto:complaint.info@financial-ombudsman.org.uk\">complaint.info@financial-ombudsman.org.uk<\/a><\/li>\n<li>En l\u00ednea a trav\u00e9s de la p\u00e1gina web: <a href=\"https:\/\/www.financial-ombudsman.org.uk\" target=\"_blank\" rel=\"noopener\">https:\/\/www.financial-ombudsman.org.uk<\/a><\/li>\n<li>Por correo postal: Financial Ombudsman Service, Exchange Tower, Londres E14 9SR<\/li>\n<\/ul>\n<p>Puedes ponerte en contacto con ellos para que te asesoren en cualquier momento: el servicio que prestan es gratuito e imparcial y ponerte en contacto con ellos en cualquier fase de tu reclamaci\u00f3n no afectar\u00e1 a tus derechos legales.<\/p>\n\t\t\t\t\t\t\t\t<\/div>\n\t\t\t\t<\/div>\n\t\t\t\t<\/div>\n\t\t\t\t\t<\/div>\n\t\t\t\t<\/div>\n\t\t\t\t<\/div>\n\t\t","protected":false},"excerpt":{"rendered":"<p>Proceso de reclamaci\u00f3n para clientes establecidos en el Reino Unido Actuamos para muchas aseguradoras diferentes, por lo que encontrar\u00e1s el procedimiento de reclamaci\u00f3n que te corresponda en el texto de tu p\u00f3liza y en el sitio web asociado. Si tu queja se refiere al servicio que te hemos prestado, tu aseguradora la investigar\u00e1 de forma [&hellip;]<\/p>\n","protected":false},"author":3,"featured_media":0,"parent":0,"menu_order":0,"comment_status":"closed","ping_status":"closed","template":"","meta":{"_acf_changed":false,"inline_featured_image":false,"footnotes":""},"class_list":["post-13452","page","type-page","status-publish","hentry"],"acf":[],"yoast_head":"<!-- This site is optimized with the Yoast SEO plugin v26.4 - https:\/\/yoast.com\/wordpress\/plugins\/seo\/ -->\n<title>Proceso de reclamaci\u00f3n en el Reino Unido - Global Excel Management Inc.<\/title>\n<meta name=\"robots\" content=\"index, follow, max-snippet:-1, max-image-preview:large, max-video-preview:-1\" \/>\n<link rel=\"canonical\" href=\"https:\/\/globalexcel.com\/es\/proceso-de-reclamacion-en-el-reino-unido\/\" \/>\n<meta property=\"og:locale\" content=\"es_ES\" \/>\n<meta property=\"og:type\" content=\"article\" \/>\n<meta property=\"og:title\" content=\"Proceso de reclamaci\u00f3n en el Reino Unido - Global Excel Management Inc.\" \/>\n<meta property=\"og:description\" content=\"Proceso de reclamaci\u00f3n para clientes establecidos en el Reino Unido Actuamos para muchas aseguradoras diferentes, por lo que encontrar\u00e1s el procedimiento de reclamaci\u00f3n que te corresponda en el texto de tu p\u00f3liza y en el sitio web asociado. Si tu queja se refiere al servicio que te hemos prestado, tu aseguradora la investigar\u00e1 de forma [&hellip;]\" \/>\n<meta property=\"og:url\" content=\"https:\/\/globalexcel.com\/es\/proceso-de-reclamacion-en-el-reino-unido\/\" \/>\n<meta property=\"og:site_name\" content=\"Global Excel Management Inc.\" \/>\n<meta property=\"article:modified_time\" content=\"2024-05-14T20:46:45+00:00\" \/>\n<meta name=\"twitter:card\" content=\"summary_large_image\" \/>\n<meta name=\"twitter:label1\" content=\"Tiempo de lectura\" \/>\n\t<meta name=\"twitter:data1\" content=\"1 minuto\" \/>\n<script type=\"application\/ld+json\" class=\"yoast-schema-graph\">{\"@context\":\"https:\/\/schema.org\",\"@graph\":[{\"@type\":\"WebPage\",\"@id\":\"https:\/\/globalexcel.com\/es\/proceso-de-reclamacion-en-el-reino-unido\/\",\"url\":\"https:\/\/globalexcel.com\/es\/proceso-de-reclamacion-en-el-reino-unido\/\",\"name\":\"Proceso de reclamaci\u00f3n en el Reino Unido - Global Excel Management Inc.\",\"isPartOf\":{\"@id\":\"https:\/\/globalexcel.com\/#website\"},\"datePublished\":\"2023-08-09T12:53:04+00:00\",\"dateModified\":\"2024-05-14T20:46:45+00:00\",\"breadcrumb\":{\"@id\":\"https:\/\/globalexcel.com\/es\/proceso-de-reclamacion-en-el-reino-unido\/#breadcrumb\"},\"inLanguage\":\"es\",\"potentialAction\":[{\"@type\":\"ReadAction\",\"target\":[\"https:\/\/globalexcel.com\/es\/proceso-de-reclamacion-en-el-reino-unido\/\"]}]},{\"@type\":\"BreadcrumbList\",\"@id\":\"https:\/\/globalexcel.com\/es\/proceso-de-reclamacion-en-el-reino-unido\/#breadcrumb\",\"itemListElement\":[{\"@type\":\"ListItem\",\"position\":1,\"name\":\"inicio\",\"item\":\"https:\/\/globalexcel.com\/\"},{\"@type\":\"ListItem\",\"position\":2,\"name\":\"Proceso de reclamaci\u00f3n en el Reino Unido\"}]},{\"@type\":\"WebSite\",\"@id\":\"https:\/\/globalexcel.com\/#website\",\"url\":\"https:\/\/globalexcel.com\/\",\"name\":\"Global Excel Management Inc.\",\"description\":\"Su socio en la gesti\u00f3n de costes sanitarios\",\"publisher\":{\"@id\":\"https:\/\/globalexcel.com\/#organization\"},\"potentialAction\":[{\"@type\":\"SearchAction\",\"target\":{\"@type\":\"EntryPoint\",\"urlTemplate\":\"https:\/\/globalexcel.com\/?s={search_term_string}\"},\"query-input\":{\"@type\":\"PropertyValueSpecification\",\"valueRequired\":true,\"valueName\":\"search_term_string\"}}],\"inLanguage\":\"es\"},{\"@type\":\"Organization\",\"@id\":\"https:\/\/globalexcel.com\/#organization\",\"name\":\"Global Excel Management Inc.\",\"url\":\"https:\/\/globalexcel.com\/\",\"logo\":{\"@type\":\"ImageObject\",\"inLanguage\":\"es\",\"@id\":\"https:\/\/globalexcel.com\/#\/schema\/logo\/image\/\",\"url\":\"https:\/\/globalexcel.com\/wp-content\/uploads\/gemLogoColor.svg\",\"contentUrl\":\"https:\/\/globalexcel.com\/wp-content\/uploads\/gemLogoColor.svg\",\"caption\":\"Global Excel Management Inc.\"},\"image\":{\"@id\":\"https:\/\/globalexcel.com\/#\/schema\/logo\/image\/\"}}]}<\/script>\n<!-- \/ Yoast SEO plugin. -->","yoast_head_json":{"title":"Proceso de reclamaci\u00f3n en el Reino Unido - Global Excel Management Inc.","robots":{"index":"index","follow":"follow","max-snippet":"max-snippet:-1","max-image-preview":"max-image-preview:large","max-video-preview":"max-video-preview:-1"},"canonical":"https:\/\/globalexcel.com\/es\/proceso-de-reclamacion-en-el-reino-unido\/","og_locale":"es_ES","og_type":"article","og_title":"Proceso de reclamaci\u00f3n en el Reino Unido - Global Excel Management Inc.","og_description":"Proceso de reclamaci\u00f3n para clientes establecidos en el Reino Unido Actuamos para muchas aseguradoras diferentes, por lo que encontrar\u00e1s el procedimiento de reclamaci\u00f3n que te corresponda en el texto de tu p\u00f3liza y en el sitio web asociado. Si tu queja se refiere al servicio que te hemos prestado, tu aseguradora la investigar\u00e1 de forma [&hellip;]","og_url":"https:\/\/globalexcel.com\/es\/proceso-de-reclamacion-en-el-reino-unido\/","og_site_name":"Global Excel Management Inc.","article_modified_time":"2024-05-14T20:46:45+00:00","twitter_card":"summary_large_image","twitter_misc":{"Tiempo de lectura":"1 minuto"},"schema":{"@context":"https:\/\/schema.org","@graph":[{"@type":"WebPage","@id":"https:\/\/globalexcel.com\/es\/proceso-de-reclamacion-en-el-reino-unido\/","url":"https:\/\/globalexcel.com\/es\/proceso-de-reclamacion-en-el-reino-unido\/","name":"Proceso de reclamaci\u00f3n en el Reino Unido - Global Excel Management Inc.","isPartOf":{"@id":"https:\/\/globalexcel.com\/#website"},"datePublished":"2023-08-09T12:53:04+00:00","dateModified":"2024-05-14T20:46:45+00:00","breadcrumb":{"@id":"https:\/\/globalexcel.com\/es\/proceso-de-reclamacion-en-el-reino-unido\/#breadcrumb"},"inLanguage":"es","potentialAction":[{"@type":"ReadAction","target":["https:\/\/globalexcel.com\/es\/proceso-de-reclamacion-en-el-reino-unido\/"]}]},{"@type":"BreadcrumbList","@id":"https:\/\/globalexcel.com\/es\/proceso-de-reclamacion-en-el-reino-unido\/#breadcrumb","itemListElement":[{"@type":"ListItem","position":1,"name":"inicio","item":"https:\/\/globalexcel.com\/"},{"@type":"ListItem","position":2,"name":"Proceso de reclamaci\u00f3n en el Reino Unido"}]},{"@type":"WebSite","@id":"https:\/\/globalexcel.com\/#website","url":"https:\/\/globalexcel.com\/","name":"Global Excel Management Inc.","description":"Su socio en la gesti\u00f3n de costes sanitarios","publisher":{"@id":"https:\/\/globalexcel.com\/#organization"},"potentialAction":[{"@type":"SearchAction","target":{"@type":"EntryPoint","urlTemplate":"https:\/\/globalexcel.com\/?s={search_term_string}"},"query-input":{"@type":"PropertyValueSpecification","valueRequired":true,"valueName":"search_term_string"}}],"inLanguage":"es"},{"@type":"Organization","@id":"https:\/\/globalexcel.com\/#organization","name":"Global Excel Management Inc.","url":"https:\/\/globalexcel.com\/","logo":{"@type":"ImageObject","inLanguage":"es","@id":"https:\/\/globalexcel.com\/#\/schema\/logo\/image\/","url":"https:\/\/globalexcel.com\/wp-content\/uploads\/gemLogoColor.svg","contentUrl":"https:\/\/globalexcel.com\/wp-content\/uploads\/gemLogoColor.svg","caption":"Global Excel Management Inc."},"image":{"@id":"https:\/\/globalexcel.com\/#\/schema\/logo\/image\/"}}]}},"_links":{"self":[{"href":"https:\/\/globalexcel.com\/es\/wp-json\/wp\/v2\/pages\/13452","targetHints":{"allow":["GET"]}}],"collection":[{"href":"https:\/\/globalexcel.com\/es\/wp-json\/wp\/v2\/pages"}],"about":[{"href":"https:\/\/globalexcel.com\/es\/wp-json\/wp\/v2\/types\/page"}],"author":[{"embeddable":true,"href":"https:\/\/globalexcel.com\/es\/wp-json\/wp\/v2\/users\/3"}],"replies":[{"embeddable":true,"href":"https:\/\/globalexcel.com\/es\/wp-json\/wp\/v2\/comments?post=13452"}],"version-history":[{"count":5,"href":"https:\/\/globalexcel.com\/es\/wp-json\/wp\/v2\/pages\/13452\/revisions"}],"predecessor-version":[{"id":14203,"href":"https:\/\/globalexcel.com\/es\/wp-json\/wp\/v2\/pages\/13452\/revisions\/14203"}],"wp:attachment":[{"href":"https:\/\/globalexcel.com\/es\/wp-json\/wp\/v2\/media?parent=13452"}],"curies":[{"name":"wp","href":"https:\/\/api.w.org\/{rel}","templated":true}]}}