{"id":19152,"date":"2025-02-12T10:44:53","date_gmt":"2025-02-12T15:44:53","guid":{"rendered":"https:\/\/globalexcel.com\/?page_id=19152"},"modified":"2025-02-12T11:26:08","modified_gmt":"2025-02-12T16:26:08","slug":"erklaerung-zur-modernen-sklaverei","status":"publish","type":"page","link":"https:\/\/globalexcel.com\/de\/erklaerung-zur-modernen-sklaverei\/","title":{"rendered":"Erkl\u00e4rung zur modernen Sklaverei"},"content":{"rendered":"\t\t<div data-elementor-type=\"wp-page\" data-elementor-id=\"19152\" class=\"elementor elementor-19152 elementor-19150\" data-elementor-post-type=\"page\">\n\t\t\t\t<div class=\"elementor-element elementor-element-787fc88 e-flex e-con-boxed e-con e-parent\" data-id=\"787fc88\" data-element_type=\"container\" data-settings=\"{&quot;background_background&quot;:&quot;classic&quot;}\">\n\t\t\t\t\t<div class=\"e-con-inner\">\n\t\t\t\t\t<\/div>\n\t\t\t\t<\/div>\n\t\t<div class=\"elementor-element elementor-element-52d7841 e-flex e-con-boxed e-con e-parent\" data-id=\"52d7841\" data-element_type=\"container\">\n\t\t\t\t\t<div class=\"e-con-inner\">\n\t\t\t\t<div class=\"elementor-element elementor-element-27bf2b0 elementor-widget__width-inherit elementor-widget elementor-widget-global elementor-global-13958 elementor-global-1930 elementor-widget-breadcrumbs\" data-id=\"27bf2b0\" data-element_type=\"widget\" data-widget_type=\"breadcrumbs.default\">\n\t\t\t\t<div class=\"elementor-widget-container\">\n\t\t\t\t\t<p id=\"breadcrumbs\"><span><span><a href=\"https:\/\/globalexcel.com\/es\/\">Home<\/a><\/span><\/span><\/p>\t\t\t\t<\/div>\n\t\t\t\t<\/div>\n\t\t\t\t<div class=\"elementor-element elementor-element-06a7f79 elementor-widget__width-inherit elementor-invisible elementor-widget elementor-widget-heading\" data-id=\"06a7f79\" data-element_type=\"widget\" data-settings=\"{&quot;_animation&quot;:&quot;fadeInUp&quot;}\" data-widget_type=\"heading.default\">\n\t\t\t\t<div class=\"elementor-widget-container\">\n\t\t\t\t\t<h1 class=\"elementor-heading-title elementor-size-default\">Erkl\u00e4rung zur modernen Sklaverei 2024 <\/h1>\t\t\t\t<\/div>\n\t\t\t\t<\/div>\n\t\t<div class=\"elementor-element elementor-element-1db23fa e-con-full e-flex e-con e-child\" data-id=\"1db23fa\" data-element_type=\"container\">\n\t\t\t\t<div class=\"elementor-element elementor-element-a86e5ff elementor-widget__width-inherit elementor-invisible elementor-widget elementor-widget-text-editor\" data-id=\"a86e5ff\" data-element_type=\"widget\" data-settings=\"{&quot;_animation&quot;:&quot;fadeInUp&quot;,&quot;_animation_delay&quot;:200}\" data-widget_type=\"text-editor.default\">\n\t\t\t\t<div class=\"elementor-widget-container\">\n\t\t\t\t\t\t\t\t\t<h2>Global Excel Management Inc. (&#8222;Global Excel&#8220;) und seine Tochtergesellschaften haben sich verpflichtet, moderne Sklaverei und Menschenhandel innerhalb ihrer Unternehmens- und Lieferketten zu verhindern.<\/h2>\t\t\t\t\t\t\t\t<\/div>\n\t\t\t\t<\/div>\n\t\t\t\t<div class=\"elementor-element elementor-element-8db3864 elementor-invisible elementor-widget elementor-widget-text-editor\" data-id=\"8db3864\" data-element_type=\"widget\" data-settings=\"{&quot;_animation&quot;:&quot;fadeInUp&quot;,&quot;_animation_delay&quot;:400}\" data-widget_type=\"text-editor.default\">\n\t\t\t\t<div class=\"elementor-widget-container\">\n\t\t\t\t\t\t\t\t\t<h3>Organisatorische Struktur, Aktivit\u00e4ten und Lieferkette<\/h3><p>Global Excel ist einer der weltweit f\u00fchrenden unabh\u00e4ngigen Verwalter von Reise-, Reiseziel- und Expat-Krankenversicherungen. Global Excel verwaltet Versicherungspolicen f\u00fcr zahlreiche Versicherungsanbieter aus der ganzen Welt und unterh\u00e4lt Niederlassungen in verschiedenen Regionen der Vereinigten Staaten, Mexiko, Europa und dem asiatisch-pazifischen Raum.<\/p><p>Global Excel besch\u00e4ftigt \u00fcber 1300 Mitarbeiter in Kanada, sowohl am Hauptsitz in Sherbrooke, Quebec, als auch in Windsor, Ontario, \u00fcber die Tochtergesellschaft Active Care Management (2018) Inc.<\/p><p>Alle Tochtergesellschaften von Global Excel und vertraglich mit Global Excel verbundenen Unternehmen beteiligen sich an unseren Prozessen und Strategien zur Verhinderung von moderner Sklaverei und Menschenhandel innerhalb ihrer Unternehmens- und Lieferketten und halten diese ein.<\/p><p>Die Ausgaben von Global Excel f\u00fcr seine Lieferketten gehen haupts\u00e4chlich an Anbieter von Dienstleistungen und nicht von Waren. Wenn Global Excel Waren f\u00fcr seinen Betrieb beschafft, geschieht dies bei Lieferanten, die entweder in Kanada oder in den Vereinigten Staaten ans\u00e4ssig sind. Die Belegschaft von Global Excel besteht zum \u00fcberwiegenden Teil aus B\u00fcroangestellten.<\/p><h3>Moderne Sklaverei-Risiken<\/h3><p>Global Excel hat das Potenzial f\u00fcr moderne Sklaverei und Menschenhandel in verschiedenen Bereichen seiner Lieferketten bewertet. In Bezug auf die Beschaffung von Waren umfasst dies Bereiche wie Elektronik, B\u00fcrom\u00f6bel und Werbematerialien. In Bezug auf Dienstleistungen umfasst dies Bereiche wie Personalvermittlungsagenturen, Offshoring-Dienstleistungen und Subunternehmer.<\/p><h3>Praktiken<\/h3><p>Global Excel hat ma\u00dfgebliche Richtlinien und Praktiken etabliert, um ungesetzlichen Aktivit\u00e4ten in seinen Lieferketten Einhalt zu gebieten. Da sie sich auf moderne Sklaverei beziehen, gelten sie nicht nur f\u00fcr Waren, sondern auch f\u00fcr die Teile unserer Lieferketten, die mit Dienstleistungen in Verbindung stehen. Da der Kampf gegen die moderne Sklaverei ein fortlaufender Prozess ist, \u00fcberpr\u00fcft Global Excel diese Richtlinien und Praktiken regelm\u00e4\u00dfig, um L\u00fccken zu identifizieren und festzustellen, ob Verbesserungen vorgenommen werden m\u00fcssen. Dies geschieht, um sicherzustellen, dass moderne Sklaverei aktiv aus unseren Lieferketten ausgeschlossen wird.<\/p><p>Zusammenfassend l\u00e4sst sich sagen, dass die Richtlinien von Global Excel zur Bek\u00e4mpfung der modernen Sklaverei Folgendes beinhalten:<\/p><p>Schulung der zust\u00e4ndigen Mitarbeiter \u00fcber die bestehenden Richtlinien und Verfahren sowie \u00fcber die Bedeutung der Bek\u00e4mpfung der modernen Sklaverei in unseren Lieferketten; <br \/>Etablierung von Verfahren zur \u00dcberpr\u00fcfung unserer Lieferketten; <br \/>Sicherstellung, dass unsere Partner und Lieferanten \u00fcber unsere Haltung zur modernen Sklaverei und unsere Erwartungen bez\u00fcglichder Einhaltung der genannten Standards informiert sind; und <br \/>\u00dcberpr\u00fcfung der Richtlinien unserer Partner und Zulieferer, sofern zutreffend. <\/p><h3>Sorgfaltspflicht und interne Kontrollen<\/h3><p>Im Einzelnen hat Global Excel die folgenden Ma\u00dfnahmen ergriffen, um unsere Lieferkette frei von moderner Sklaverei zu halten:<\/p><ul><li>Alle Abteilungsleiter, die an der Beschaffung von Waren und Dienstleistungen beteiligt sind, m\u00fcssen \u00fcber unsere gesetzlichen Verpflichtungen zur Bek\u00e4mpfung der modernen Sklaverei informiert und \u00fcber unsere Pr\u00e4ventionsrichtlinien und -ma\u00dfnahmen aufgekl\u00e4rt werden;<\/li><li>Bewertung der Herkunft von Waren und Dienstleistungen, die von Global Excel au\u00dferhalb Kanadas eingekauft werden, soweit dies m\u00f6glich ist, um das Risiko moderner Sklaverei oder des Menschenhandels bei ihrer Herstellung richtig einsch\u00e4tzen zu k\u00f6nnen;<\/li><li>Ergreifen verschiedener Ma\u00dfnahmen, um Lieferanten von Waren und Dienstleistungen auf moderne Sklaverei und Menschenhandel zu \u00fcberpr\u00fcfen. Dazu k\u00f6nnen Reputationsrecherchen bei potenziellen Lieferanten geh\u00f6ren und\/oder die Einholung von Bescheinigungen zu diesen (und anderen) Themen von potenziellen Lieferanten, bevor diese zugelassen werden;<\/li><li>Sicherstellung, dass unser Legal\/Compliance-Team \u00fcber alle wichtigen Lieferanten Bescheid wei\u00df und f\u00fcr deren angemessene \u00dcberpr\u00fcfung sorgt; <br \/>Sicherstellung, dass alle Vertr\u00e4ge mit Lieferanten, soweit m\u00f6glich, ausreichende Formulierungen enthalten, um sicherzustellen, dass moderne Sklaverei, Menschenhandel und andere ungesetzliche Aktivit\u00e4ten in unseren Lieferketten ausgeschlossen sind;<\/li><li>Durchf\u00fchrung regelm\u00e4\u00dfiger j\u00e4hrlicher Lieferantenkontrollen bei allen wichtigen Lieferanten, um die Integrit\u00e4t unserer Lieferketten in dieser Hinsicht zu gew\u00e4hrleisten; und<\/li><li>Aufrechterhaltung einer Whistleblower-Politik, um es den Mitarbeitern zu erm\u00f6glichen, Bedenken zu diesen und anderen Themen ohne Angst vor Repressalien zu \u00e4u\u00dfern. <\/li><\/ul><h3>Fortgesetzte Ma\u00dfnahmen<\/h3><p>Im Gesch\u00e4ftsjahr 2024-2025 wird die Priorit\u00e4t von Global Excel darin bestehen, sicherzustellen, dass alle genannten Richtlinien ordnungsgem\u00e4\u00df und wirksam umgesetzt werden. Intern werden diese Richtlinien und Verfahren von unserem Governance-, Risiko- und Compliance-Ausschuss bei seinen viertelj\u00e4hrlichen Treffen \u00fcberpr\u00fcft. Von den zust\u00e4ndigen Mitgliedern des Ausschusses (aus den Abteilungen Recht und Compliance) wird erwartet, dass sie den Ausschuss \u00fcber unsere Bem\u00fchungen auf dem Laufenden halten und auf Probleme\/L\u00fccken hinweisen, die einer Abhilfe bed\u00fcrfen.<\/p><p>Zu den spezifischen Ma\u00dfnahmen f\u00fcr das Jahr 2024-2025 geh\u00f6ren:<\/p><ul><li>Durchf\u00fchrung spezifischer Schulungen zu unseren Praktiken der modernen Sklaverei f\u00fcr diejenigen Mitarbeiter, die direkt mit der Beschaffung und den<\/li><li>Beziehungen zu den Lieferanten zu tun haben.<\/li><li>Laufende \u00dcberpr\u00fcfung unserer vertraglichen Beziehungen, insbesondere bei der Erneuerung von Altvertr\u00e4gen, um sicherzustellen, dass ein angemessener, aktueller Wortlaut aufgenommen wurde.<\/li><li>\u00dcberpr\u00fcfung unserer internen Richtlinien, um sicherzustellen, dass sie bei Bedarf auf unsere Verpflichtungen zur modernen Sklaverei verweisen.<\/li><\/ul>\t\t\t\t\t\t\t\t<\/div>\n\t\t\t\t<\/div>\n\t\t\t\t<\/div>\n\t\t\t\t\t<\/div>\n\t\t\t\t<\/div>\n\t\t\t\t<\/div>\n\t\t","protected":false},"excerpt":{"rendered":"<p>Erkl\u00e4rung zur modernen Sklaverei 2024 Global Excel Management Inc. (&#8222;Global Excel&#8220;) und seine Tochtergesellschaften haben sich verpflichtet, moderne Sklaverei und Menschenhandel innerhalb ihrer Unternehmens- und Lieferketten zu verhindern. Organisatorische Struktur, Aktivit\u00e4ten und Lieferkette Global Excel ist einer der weltweit f\u00fchrenden unabh\u00e4ngigen Verwalter von Reise-, Reiseziel- und Expat-Krankenversicherungen. Global Excel verwaltet Versicherungspolicen f\u00fcr zahlreiche Versicherungsanbieter aus [&hellip;]<\/p>\n","protected":false},"author":3,"featured_media":0,"parent":0,"menu_order":0,"comment_status":"closed","ping_status":"closed","template":"","meta":{"_acf_changed":false,"inline_featured_image":false,"footnotes":""},"class_list":["post-19152","page","type-page","status-publish","hentry"],"acf":[],"yoast_head":"<!-- This site is optimized with the Yoast SEO plugin v26.4 - https:\/\/yoast.com\/wordpress\/plugins\/seo\/ -->\n<title>Erkl\u00e4rung zur modernen Sklaverei - Global Excel Management Inc.<\/title>\n<meta name=\"robots\" content=\"index, follow, max-snippet:-1, max-image-preview:large, max-video-preview:-1\" \/>\n<link rel=\"canonical\" href=\"https:\/\/globalexcel.com\/modern-slavery-statement\/\" \/>\n<meta property=\"og:locale\" content=\"de_DE\" \/>\n<meta property=\"og:type\" content=\"article\" \/>\n<meta property=\"og:title\" content=\"Erkl\u00e4rung zur modernen Sklaverei - Global Excel Management Inc.\" \/>\n<meta property=\"og:description\" content=\"Erkl\u00e4rung zur modernen Sklaverei 2024 Global Excel Management Inc. (&#8222;Global Excel&#8220;) und seine Tochtergesellschaften haben sich verpflichtet, moderne Sklaverei und Menschenhandel innerhalb ihrer Unternehmens- und Lieferketten zu verhindern. Organisatorische Struktur, Aktivit\u00e4ten und Lieferkette Global Excel ist einer der weltweit f\u00fchrenden unabh\u00e4ngigen Verwalter von Reise-, Reiseziel- und Expat-Krankenversicherungen. Global Excel verwaltet Versicherungspolicen f\u00fcr zahlreiche Versicherungsanbieter aus [&hellip;]\" \/>\n<meta property=\"og:url\" content=\"https:\/\/globalexcel.com\/modern-slavery-statement\/\" \/>\n<meta property=\"og:site_name\" content=\"Global Excel Management Inc.\" \/>\n<meta property=\"article:modified_time\" content=\"2025-02-12T16:26:08+00:00\" \/>\n<meta name=\"twitter:card\" content=\"summary_large_image\" \/>\n<meta name=\"twitter:label1\" content=\"Gesch\u00e4tzte Lesezeit\" \/>\n\t<meta name=\"twitter:data1\" content=\"5\u00a0Minuten\" \/>\n<script type=\"application\/ld+json\" class=\"yoast-schema-graph\">{\"@context\":\"https:\/\/schema.org\",\"@graph\":[{\"@type\":\"WebPage\",\"@id\":\"https:\/\/globalexcel.com\/modern-slavery-statement\/\",\"url\":\"https:\/\/globalexcel.com\/modern-slavery-statement\/\",\"name\":\"Erkl\u00e4rung zur modernen Sklaverei - Global Excel Management Inc.\",\"isPartOf\":{\"@id\":\"https:\/\/globalexcel.com\/#website\"},\"datePublished\":\"2025-02-12T15:44:53+00:00\",\"dateModified\":\"2025-02-12T16:26:08+00:00\",\"breadcrumb\":{\"@id\":\"https:\/\/globalexcel.com\/modern-slavery-statement\/#breadcrumb\"},\"inLanguage\":\"de\",\"potentialAction\":[{\"@type\":\"ReadAction\",\"target\":[\"https:\/\/globalexcel.com\/modern-slavery-statement\/\"]}]},{\"@type\":\"BreadcrumbList\",\"@id\":\"https:\/\/globalexcel.com\/modern-slavery-statement\/#breadcrumb\",\"itemListElement\":[{\"@type\":\"ListItem\",\"position\":1,\"name\":\"Home\",\"item\":\"https:\/\/globalexcel.com\/es\/\"},{\"@type\":\"ListItem\",\"position\":2,\"name\":\"Erkl\u00e4rung zur modernen Sklaverei\"}]},{\"@type\":\"WebSite\",\"@id\":\"https:\/\/globalexcel.com\/#website\",\"url\":\"https:\/\/globalexcel.com\/\",\"name\":\"Global Excel Management Inc.\",\"description\":\"Ihr Partner im Umgang mit Gesundheitskosten\",\"publisher\":{\"@id\":\"https:\/\/globalexcel.com\/#organization\"},\"potentialAction\":[{\"@type\":\"SearchAction\",\"target\":{\"@type\":\"EntryPoint\",\"urlTemplate\":\"https:\/\/globalexcel.com\/?s={search_term_string}\"},\"query-input\":{\"@type\":\"PropertyValueSpecification\",\"valueRequired\":true,\"valueName\":\"search_term_string\"}}],\"inLanguage\":\"de\"},{\"@type\":\"Organization\",\"@id\":\"https:\/\/globalexcel.com\/#organization\",\"name\":\"Global Excel Management Inc.\",\"url\":\"https:\/\/globalexcel.com\/\",\"logo\":{\"@type\":\"ImageObject\",\"inLanguage\":\"de\",\"@id\":\"https:\/\/globalexcel.com\/#\/schema\/logo\/image\/\",\"url\":\"https:\/\/globalexcel.com\/wp-content\/uploads\/gemLogoColor.svg\",\"contentUrl\":\"https:\/\/globalexcel.com\/wp-content\/uploads\/gemLogoColor.svg\",\"caption\":\"Global Excel Management Inc.\"},\"image\":{\"@id\":\"https:\/\/globalexcel.com\/#\/schema\/logo\/image\/\"}}]}<\/script>\n<!-- \/ Yoast SEO plugin. -->","yoast_head_json":{"title":"Erkl\u00e4rung zur modernen Sklaverei - Global Excel Management Inc.","robots":{"index":"index","follow":"follow","max-snippet":"max-snippet:-1","max-image-preview":"max-image-preview:large","max-video-preview":"max-video-preview:-1"},"canonical":"https:\/\/globalexcel.com\/modern-slavery-statement\/","og_locale":"de_DE","og_type":"article","og_title":"Erkl\u00e4rung zur modernen Sklaverei - Global Excel Management Inc.","og_description":"Erkl\u00e4rung zur modernen Sklaverei 2024 Global Excel Management Inc. (&#8222;Global Excel&#8220;) und seine Tochtergesellschaften haben sich verpflichtet, moderne Sklaverei und Menschenhandel innerhalb ihrer Unternehmens- und Lieferketten zu verhindern. Organisatorische Struktur, Aktivit\u00e4ten und Lieferkette Global Excel ist einer der weltweit f\u00fchrenden unabh\u00e4ngigen Verwalter von Reise-, Reiseziel- und Expat-Krankenversicherungen. Global Excel verwaltet Versicherungspolicen f\u00fcr zahlreiche Versicherungsanbieter aus [&hellip;]","og_url":"https:\/\/globalexcel.com\/modern-slavery-statement\/","og_site_name":"Global Excel Management Inc.","article_modified_time":"2025-02-12T16:26:08+00:00","twitter_card":"summary_large_image","twitter_misc":{"Gesch\u00e4tzte Lesezeit":"5\u00a0Minuten"},"schema":{"@context":"https:\/\/schema.org","@graph":[{"@type":"WebPage","@id":"https:\/\/globalexcel.com\/modern-slavery-statement\/","url":"https:\/\/globalexcel.com\/modern-slavery-statement\/","name":"Erkl\u00e4rung zur modernen Sklaverei - Global Excel Management Inc.","isPartOf":{"@id":"https:\/\/globalexcel.com\/#website"},"datePublished":"2025-02-12T15:44:53+00:00","dateModified":"2025-02-12T16:26:08+00:00","breadcrumb":{"@id":"https:\/\/globalexcel.com\/modern-slavery-statement\/#breadcrumb"},"inLanguage":"de","potentialAction":[{"@type":"ReadAction","target":["https:\/\/globalexcel.com\/modern-slavery-statement\/"]}]},{"@type":"BreadcrumbList","@id":"https:\/\/globalexcel.com\/modern-slavery-statement\/#breadcrumb","itemListElement":[{"@type":"ListItem","position":1,"name":"Home","item":"https:\/\/globalexcel.com\/es\/"},{"@type":"ListItem","position":2,"name":"Erkl\u00e4rung zur modernen Sklaverei"}]},{"@type":"WebSite","@id":"https:\/\/globalexcel.com\/#website","url":"https:\/\/globalexcel.com\/","name":"Global Excel Management Inc.","description":"Ihr Partner im Umgang mit Gesundheitskosten","publisher":{"@id":"https:\/\/globalexcel.com\/#organization"},"potentialAction":[{"@type":"SearchAction","target":{"@type":"EntryPoint","urlTemplate":"https:\/\/globalexcel.com\/?s={search_term_string}"},"query-input":{"@type":"PropertyValueSpecification","valueRequired":true,"valueName":"search_term_string"}}],"inLanguage":"de"},{"@type":"Organization","@id":"https:\/\/globalexcel.com\/#organization","name":"Global Excel Management Inc.","url":"https:\/\/globalexcel.com\/","logo":{"@type":"ImageObject","inLanguage":"de","@id":"https:\/\/globalexcel.com\/#\/schema\/logo\/image\/","url":"https:\/\/globalexcel.com\/wp-content\/uploads\/gemLogoColor.svg","contentUrl":"https:\/\/globalexcel.com\/wp-content\/uploads\/gemLogoColor.svg","caption":"Global Excel Management Inc."},"image":{"@id":"https:\/\/globalexcel.com\/#\/schema\/logo\/image\/"}}]}},"_links":{"self":[{"href":"https:\/\/globalexcel.com\/de\/wp-json\/wp\/v2\/pages\/19152","targetHints":{"allow":["GET"]}}],"collection":[{"href":"https:\/\/globalexcel.com\/de\/wp-json\/wp\/v2\/pages"}],"about":[{"href":"https:\/\/globalexcel.com\/de\/wp-json\/wp\/v2\/types\/page"}],"author":[{"embeddable":true,"href":"https:\/\/globalexcel.com\/de\/wp-json\/wp\/v2\/users\/3"}],"replies":[{"embeddable":true,"href":"https:\/\/globalexcel.com\/de\/wp-json\/wp\/v2\/comments?post=19152"}],"version-history":[{"count":12,"href":"https:\/\/globalexcel.com\/de\/wp-json\/wp\/v2\/pages\/19152\/revisions"}],"predecessor-version":[{"id":19198,"href":"https:\/\/globalexcel.com\/de\/wp-json\/wp\/v2\/pages\/19152\/revisions\/19198"}],"wp:attachment":[{"href":"https:\/\/globalexcel.com\/de\/wp-json\/wp\/v2\/media?parent=19152"}],"curies":[{"name":"wp","href":"https:\/\/api.w.org\/{rel}","templated":true}]}}