{"id":13799,"date":"2023-03-02T07:55:12","date_gmt":"2023-03-02T12:55:12","guid":{"rendered":"https:\/\/brand.switch.makemagik.com\/datenschutzbestimmungen\/"},"modified":"2024-05-14T16:29:43","modified_gmt":"2024-05-14T20:29:43","slug":"datenschutzbestimmungen","status":"publish","type":"page","link":"https:\/\/globalexcel.com\/de\/datenschutzbestimmungen\/","title":{"rendered":"Datenschutzbestimmungen"},"content":{"rendered":"\t\t<div data-elementor-type=\"wp-page\" data-elementor-id=\"13799\" class=\"elementor elementor-13799 elementor-4442\" data-elementor-post-type=\"page\">\n\t\t\t\t<div class=\"elementor-element elementor-element-787fc88 hero-height e-flex e-con-boxed e-con e-parent\" data-id=\"787fc88\" data-element_type=\"container\" data-settings=\"{&quot;background_background&quot;:&quot;classic&quot;}\">\n\t\t\t\t\t<div class=\"e-con-inner\">\n\t\t\t\t\t<\/div>\n\t\t\t\t<\/div>\n\t\t<div class=\"elementor-element elementor-element-52d7841 e-flex e-con-boxed e-con e-parent\" data-id=\"52d7841\" data-element_type=\"container\">\n\t\t\t\t\t<div class=\"e-con-inner\">\n\t\t\t\t<div class=\"elementor-element elementor-element-27bf2b0 elementor-widget__width-inherit elementor-widget elementor-widget-global elementor-global-13958 elementor-global-1930 elementor-widget-breadcrumbs\" data-id=\"27bf2b0\" data-element_type=\"widget\" data-widget_type=\"breadcrumbs.default\">\n\t\t\t\t<div class=\"elementor-widget-container\">\n\t\t\t\t\t<p id=\"breadcrumbs\"><span><span><a href=\"https:\/\/globalexcel.com\/es\/\">Home<\/a><\/span><\/span><\/p>\t\t\t\t<\/div>\n\t\t\t\t<\/div>\n\t\t\t\t<div class=\"elementor-element elementor-element-06a7f79 elementor-widget__width-inherit elementor-invisible elementor-widget elementor-widget-heading\" data-id=\"06a7f79\" data-element_type=\"widget\" data-settings=\"{&quot;_animation&quot;:&quot;fadeInUp&quot;}\" data-widget_type=\"heading.default\">\n\t\t\t\t<div class=\"elementor-widget-container\">\n\t\t\t\t\t<h1 class=\"elementor-heading-title elementor-size-default\">Datenschutzbestimmungen<\/h1>\t\t\t\t<\/div>\n\t\t\t\t<\/div>\n\t\t<div class=\"elementor-element elementor-element-1db23fa e-con-full e-flex e-con e-child\" data-id=\"1db23fa\" data-element_type=\"container\">\n\t\t\t\t<div class=\"elementor-element elementor-element-a86e5ff elementor-widget__width-inherit elementor-invisible elementor-widget elementor-widget-text-editor\" data-id=\"a86e5ff\" data-element_type=\"widget\" data-settings=\"{&quot;_animation&quot;:&quot;fadeInUp&quot;,&quot;_animation_delay&quot;:200}\" data-widget_type=\"text-editor.default\">\n\t\t\t\t<div class=\"elementor-widget-container\">\n\t\t\t\t\t\t\t\t\t<h2>Global Excel Management Inc. legt seit jeher gr\u00f6\u00dften Wert auf den Schutz der pers\u00f6nlichen Daten, die es verarbeitet. Pers\u00f6nliche Daten sind alle identifizierbaren Informationen \u00fcber Sie oder solche, die zu Ihrer Identifizierung f\u00fchren k\u00f6nnen. Aus diesem Grund haben wir eine Datenschutzrichtlinie entwickelt, in der wir genau beschreiben, wie wir Ihre pers\u00f6nlichen und sensiblen Daten verwalten und sch\u00fctzen und dabei die Anforderungen des Personal Information Protection and Electronic Documents Act (&#8222;PIPEDA&#8220;) einhalten.<\/h2>\n\t\t\t\t\t\t\t\t<\/div>\n\t\t\t\t<\/div>\n\t\t\t\t<div class=\"elementor-element elementor-element-8db3864 elementor-widget elementor-widget-text-editor\" data-id=\"8db3864\" data-element_type=\"widget\" data-widget_type=\"text-editor.default\">\n\t\t\t\t<div class=\"elementor-widget-container\">\n\t\t\t\t\t\t\t\t\t<h3>Warum wir Ihre pers\u00f6nlichen Daten ben\u00f6tigen<\/h3>\n<p>GEM sammelt und verwendet Ihre Daten f\u00fcr die folgenden Zwecke und kann sie weitergeben:<\/p>\n<ul>\n<li>Um einen Versicherungsantrag unter Ihrem Namen zu stellen.<\/li>\n<li>Um Ihre Identit\u00e4t zu \u00fcberpr\u00fcfen.<\/li>\n<li>Um Ihnen Hilfestellungen zu geben.<\/li>\n<li>Zur Genehmigung von Versicherungsleistungen, die von Ihrer Versicherung abgedeckt werden.<\/li>\n<li>Um die Richtigkeit Ihrer pers\u00f6nlichen Daten zu \u00fcberpr\u00fcfen.<\/li>\n<li>Zum Analysieren von Anspr\u00fcchen.<\/li>\n<li>Um Ihren Anspruch zu bewerten und zu entscheiden.<\/li>\n<li>Entsch\u00e4digungen von Dritten zu erhalten, die f\u00fcr Ihre Verluste verantwortlich sind.<\/li>\n<li>F\u00fcr andere Zwecke, die GEM Ihnen vor der Erfassung, Verwendung und Weitergabe Ihrer Daten mitteilen wird.<\/li>\n<\/ul>\n<h3>Wie wir Ihre pers\u00f6nlichen Daten sammeln<\/h3>\n<p>GEM sammelt Ihre pers\u00f6nlichen Daten direkt von Ihnen. GEM sammelt bei Bedarf auch personenbezogene Daten von Dritten, jedoch nicht, ohne zuvor Ihre ausdr\u00fcckliche Zustimmung eingeholt zu haben.<\/p>\n<h3>Wie wir Ihre Zustimmung erhalten<\/h3>\n<p>GEM informiert Sie dar\u00fcber, warum es Ihre pers\u00f6nlichen Daten ben\u00f6tigt, bevor es Ihre Zustimmung einholt. Die Zustimmung kann aus Ihrer freiwilligen Offenlegung Ihrer pers\u00f6nlichen Daten abgeleitet werden. GEM holt au\u00dferdem Ihre ausdr\u00fcckliche m\u00fcndliche oder schriftliche Zustimmung in den F\u00e4llen ein, in denen Ihre Daten gesammelt oder weitergegeben werden. GEM wird Ihre Zustimmung einholen, wenn sie f\u00fcr einen Zweck ben\u00f6tigt wird, der Ihnen nicht vorher bekannt ist. GEM speichert Ihre Zustimmung in Ihrer Akte.<\/p>\n<h3>Offenlegung und Verwendung Ihrer pers\u00f6nlichen Daten<\/h3>\n<p>Ohne Ihre schriftliche Zustimmung werden keine pers\u00f6nlichen Daten an Dritte weitergegeben, es sei denn, die Weitergabe Ihrer pers\u00f6nlichen Daten ist nach kanadischen Bundes- und Provinzgesetzen erlaubt oder vorgeschrieben. GEM stellt sicher, dass Ihre Zustimmung aufgekl\u00e4rt ist, indem wir Sie \u00fcber den Zweck informieren, f\u00fcr den wir die Informationen weitergeben m\u00fcssen. GEM gibt Ihre pers\u00f6nlichen Daten auch an die folgenden Parteien weiter, wenn dies f\u00fcr die Erf\u00fcllung ihrer Aufgaben erforderlich ist: den Versicherer Ihres Versicherungsschutzes, GEM-Tochtergesellschaften, GEM-Mitarbeiter und Dritte, die von GEM mit der Erbringung von Dienstleistungen beauftragt wurden. GEM schr\u00e4nkt die Weitergabe ein, indem es nur die pers\u00f6nlichen Daten weitergibt, die f\u00fcr die Erf\u00fcllung des Ihnen zuvor genannten Zwecks erforderlich sind.<\/p>\n<h3>R\u00fccknahme Ihrer Zustimmung<\/h3>\n<p>Sie k\u00f6nnen Ihre Zustimmung zur\u00fcckziehen oder die Erfassung, Verwendung oder Weitergabe Ihrer Daten f\u00fcr jeden zuvor angegebenen Zweck ablehnen. Unter bestimmten Umst\u00e4nden kann Ihre Zustimmung aus rechtlichen oder vertraglichen Gr\u00fcnden erforderlich sein. Unter diesen Umst\u00e4nden kann der Widerruf oder die Verweigerung Ihrer Zustimmung unsere F\u00e4higkeit beeintr\u00e4chtigen, Ihnen Dienstleistungen anzubieten, oder zum Beispiel Ihren Versicherungsschutz oder Ihr Recht auf Entsch\u00e4digung im Rahmen eines Versicherungsvertrags beeintr\u00e4chtigen. F\u00fcr weitere Einzelheiten wenden Sie sich bitte an unseren Datenschutzbeauftragten.<\/p>\n<h3>Der Schutz Ihrer pers\u00f6nlichen Daten<\/h3>\n<p>Ihre pers\u00f6nlichen Daten werden in gut identifizierbaren elektronischen Dateien gespeichert. Elektronische Dokumente werden in gesicherten Datenbanken aufbewahrt, und unsere Abteilung f\u00fcr Informationstechnologie sorgt daf\u00fcr, dass ihre Integrit\u00e4t und Genauigkeit gewahrt bleibt. Der Zugriff auf diese Datenbanken ist eingeschr\u00e4nkt und die Systeme sind insbesondere durch den Einsatz von Firewalls gesch\u00fctzt. Bei GEM werden keine Dokumente, Disketten oder andere physische oder elektronische Unterlagen, die pers\u00f6nliche Daten enthalten, weggeworfen, ohne dass zuvor sichergestellt und \u00fcberpr\u00fcft wurde, dass sie nicht wiederhergestellt werden k\u00f6nnen. Alle Dokumente mit pers\u00f6nlichen Informationen, die nicht mehr ben\u00f6tigt werden, werden vernichtet.<\/p>\n<h3>Zugriff auf Ihre pers\u00f6nlichen Daten<\/h3>\n<p>GEM \u00fcberpr\u00fcft die Identit\u00e4t des Anfragenden, bevor es Zugang zu pers\u00f6nlichen Informationen gew\u00e4hrt. In einigen F\u00e4llen wird eine Verwaltungsgeb\u00fchr f\u00e4llig. Sie k\u00f6nnen Einsicht in Ihre Akte erhalten, indem Sie einen schriftlichen Antrag stellen. Nach Erhalt der schriftlichen Anfrage erstellt GEM eine Kopie der Akte und sendet diese nur an Sie. Wenn Sie der Meinung sind, dass die Informationen nicht aktuell oder nicht korrekt sind, wird GEM sie auf Ihren Wunsch hin erg\u00e4nzen oder korrigieren, wenn sie sich als mangelhaft erweisen. F\u00fcr weitere Informationen dar\u00fcber, wie Sie auf Ihre pers\u00f6nlichen Daten zugreifen k\u00f6nnen, wenden Sie sich bitte an unseren Datenschutzbeauftragten. Bitte beachten Sie den Abschnitt &#8222;Fragen, Antrag auf Zugang, Bedenken&#8220; weiter unten. In Ausnahmef\u00e4llen kann der Zugang von GEM verweigert werden.<\/p>\n<h3>Aufbewahrung Ihrer pers\u00f6nlichen Daten<\/h3>\n<p>GEM bewahrt Ihre pers\u00f6nlichen Daten so lange auf, wie es notwendig ist, um die Zwecke, f\u00fcr die sie erhoben wurden, zu erreichen und um gesetzliche und vertragliche Anforderungen zu erf\u00fcllen.<\/p>\n<h3>Fragen, Antr\u00e4ge auf Zugang, Bedenken<\/h3>\n<p>Wenn Sie Fragen haben, wenn Sie auf Ihre pers\u00f6nlichen Daten zugreifen m\u00f6chten, wenn Sie die Verwaltung Ihrer pers\u00f6nlichen Daten durch GEM anfechten m\u00f6chten oder wenn Sie andere Bedenken in Bezug auf Ihre pers\u00f6nlichen Daten haben, rufen Sie bitte <strong>1-800-465-8602<\/strong> oder <strong>819-566-8833<\/strong> an und fragen Sie nach unserem Datenschutzbeauftragten.<\/p>\n\t\t\t\t\t\t\t\t<\/div>\n\t\t\t\t<\/div>\n\t\t<div class=\"elementor-element elementor-element-539076b e-con-full e-flex e-con e-child\" data-id=\"539076b\" data-element_type=\"container\">\n\t\t\t\t<div class=\"elementor-element elementor-element-83784e0 elementor-widget__width-initial elementor-widget elementor-widget-text-editor\" data-id=\"83784e0\" data-element_type=\"widget\" data-widget_type=\"text-editor.default\">\n\t\t\t\t<div class=\"elementor-widget-container\">\n\t\t\t\t\t\t\t\t\t<p>Sie k\u00f6nnen auch unseren <strong>Datenschutzbeauftragten<\/strong> (Mireille Dionne) unter folgender Adresse kontaktieren:<\/p>\n<p><strong>Global Excel Management Inc.<\/strong><br \/>Datenschutzbeauftragter<br \/>73, Queen Street,<br \/>Sherbrooke, Quebec<br \/>J1M 0C9<\/p>\n<p><a href=\"mailto:privacyofficer@globalexcel.com\">privacyofficer@globalexcel.com<\/a><\/p>\n\t\t\t\t\t\t\t\t<\/div>\n\t\t\t\t<\/div>\n\t\t\t\t<div class=\"elementor-element elementor-element-b82e02b elementor-widget__width-initial elementor-widget elementor-widget-text-editor\" data-id=\"b82e02b\" data-element_type=\"widget\" data-widget_type=\"text-editor.default\">\n\t\t\t\t<div class=\"elementor-widget-container\">\n\t\t\t\t\t\t\t\t\t<p>Wenn Sie mit unserer Antwort nicht zufrieden sind, k\u00f6nnen Sie sich an uns wenden:<\/p>\n<p><strong>Wenn Sie in Quebec ans\u00e4ssig sind:<\/strong><br \/>Kommission f\u00fcr den Zugang zu Informationen (Commission d&#8217;acc\u00e8s \u00e0 l&#8217;information)<br \/>575, rue St-Amable,<br \/>B\u00fcro 1-10<br \/>Quebec, Quebec, G1R 2G4<br \/>1-888-528-7741<\/p>\n<p><strong>Wenn Sie nicht in Quebec ans\u00e4ssig sind:<\/strong><br \/>Der Datenschutzbeauftragte von Kanada<br \/>112, Kent Street,<br \/>Ottawa, Ontario, K1A 1H3<br \/>1-800-282-1376<\/p>\n\t\t\t\t\t\t\t\t<\/div>\n\t\t\t\t<\/div>\n\t\t\t\t<\/div>\n\t\t\t\t<\/div>\n\t\t\t\t\t<\/div>\n\t\t\t\t<\/div>\n\t\t\t\t<\/div>\n\t\t","protected":false},"excerpt":{"rendered":"<p>Datenschutzbestimmungen Global Excel Management Inc. legt seit jeher gr\u00f6\u00dften Wert auf den Schutz der pers\u00f6nlichen Daten, die es verarbeitet. Pers\u00f6nliche Daten sind alle identifizierbaren Informationen \u00fcber Sie oder solche, die zu Ihrer Identifizierung f\u00fchren k\u00f6nnen. Aus diesem Grund haben wir eine Datenschutzrichtlinie entwickelt, in der wir genau beschreiben, wie wir Ihre pers\u00f6nlichen und sensiblen Daten [&hellip;]<\/p>\n","protected":false},"author":3,"featured_media":0,"parent":0,"menu_order":0,"comment_status":"closed","ping_status":"closed","template":"","meta":{"_acf_changed":false,"inline_featured_image":false,"footnotes":""},"class_list":["post-13799","page","type-page","status-publish","hentry"],"acf":[],"yoast_head":"<!-- This site is optimized with the Yoast SEO plugin v26.4 - https:\/\/yoast.com\/wordpress\/plugins\/seo\/ -->\n<title>Datenschutzbestimmungen - Global Excel Management Inc.<\/title>\n<meta name=\"robots\" content=\"index, follow, max-snippet:-1, max-image-preview:large, max-video-preview:-1\" \/>\n<link rel=\"canonical\" href=\"https:\/\/globalexcel.com\/privacy-policy\/\" \/>\n<meta property=\"og:locale\" content=\"de_DE\" \/>\n<meta property=\"og:type\" content=\"article\" \/>\n<meta property=\"og:title\" content=\"Datenschutzbestimmungen - Global Excel Management Inc.\" \/>\n<meta property=\"og:description\" content=\"Datenschutzbestimmungen Global Excel Management Inc. legt seit jeher gr\u00f6\u00dften Wert auf den Schutz der pers\u00f6nlichen Daten, die es verarbeitet. Pers\u00f6nliche Daten sind alle identifizierbaren Informationen \u00fcber Sie oder solche, die zu Ihrer Identifizierung f\u00fchren k\u00f6nnen. Aus diesem Grund haben wir eine Datenschutzrichtlinie entwickelt, in der wir genau beschreiben, wie wir Ihre pers\u00f6nlichen und sensiblen Daten [&hellip;]\" \/>\n<meta property=\"og:url\" content=\"https:\/\/globalexcel.com\/privacy-policy\/\" \/>\n<meta property=\"og:site_name\" content=\"Global Excel Management Inc.\" \/>\n<meta property=\"article:modified_time\" content=\"2024-05-14T20:29:43+00:00\" \/>\n<meta name=\"twitter:card\" content=\"summary_large_image\" \/>\n<meta name=\"twitter:label1\" content=\"Gesch\u00e4tzte Lesezeit\" \/>\n\t<meta name=\"twitter:data1\" content=\"5\u00a0Minuten\" \/>\n<script type=\"application\/ld+json\" class=\"yoast-schema-graph\">{\"@context\":\"https:\/\/schema.org\",\"@graph\":[{\"@type\":\"WebPage\",\"@id\":\"https:\/\/globalexcel.com\/privacy-policy\/\",\"url\":\"https:\/\/globalexcel.com\/privacy-policy\/\",\"name\":\"Datenschutzbestimmungen - Global Excel Management Inc.\",\"isPartOf\":{\"@id\":\"https:\/\/globalexcel.com\/#website\"},\"datePublished\":\"2023-03-02T12:55:12+00:00\",\"dateModified\":\"2024-05-14T20:29:43+00:00\",\"breadcrumb\":{\"@id\":\"https:\/\/globalexcel.com\/privacy-policy\/#breadcrumb\"},\"inLanguage\":\"de\",\"potentialAction\":[{\"@type\":\"ReadAction\",\"target\":[\"https:\/\/globalexcel.com\/privacy-policy\/\"]}]},{\"@type\":\"BreadcrumbList\",\"@id\":\"https:\/\/globalexcel.com\/privacy-policy\/#breadcrumb\",\"itemListElement\":[{\"@type\":\"ListItem\",\"position\":1,\"name\":\"Home\",\"item\":\"https:\/\/globalexcel.com\/es\/\"},{\"@type\":\"ListItem\",\"position\":2,\"name\":\"Datenschutzbestimmungen\"}]},{\"@type\":\"WebSite\",\"@id\":\"https:\/\/globalexcel.com\/#website\",\"url\":\"https:\/\/globalexcel.com\/\",\"name\":\"Global Excel Management Inc.\",\"description\":\"Ihr Partner im Umgang mit Gesundheitskosten\",\"publisher\":{\"@id\":\"https:\/\/globalexcel.com\/#organization\"},\"potentialAction\":[{\"@type\":\"SearchAction\",\"target\":{\"@type\":\"EntryPoint\",\"urlTemplate\":\"https:\/\/globalexcel.com\/?s={search_term_string}\"},\"query-input\":{\"@type\":\"PropertyValueSpecification\",\"valueRequired\":true,\"valueName\":\"search_term_string\"}}],\"inLanguage\":\"de\"},{\"@type\":\"Organization\",\"@id\":\"https:\/\/globalexcel.com\/#organization\",\"name\":\"Global Excel Management Inc.\",\"url\":\"https:\/\/globalexcel.com\/\",\"logo\":{\"@type\":\"ImageObject\",\"inLanguage\":\"de\",\"@id\":\"https:\/\/globalexcel.com\/#\/schema\/logo\/image\/\",\"url\":\"https:\/\/globalexcel.com\/wp-content\/uploads\/gemLogoColor.svg\",\"contentUrl\":\"https:\/\/globalexcel.com\/wp-content\/uploads\/gemLogoColor.svg\",\"caption\":\"Global Excel Management Inc.\"},\"image\":{\"@id\":\"https:\/\/globalexcel.com\/#\/schema\/logo\/image\/\"}}]}<\/script>\n<!-- \/ Yoast SEO plugin. -->","yoast_head_json":{"title":"Datenschutzbestimmungen - Global Excel Management Inc.","robots":{"index":"index","follow":"follow","max-snippet":"max-snippet:-1","max-image-preview":"max-image-preview:large","max-video-preview":"max-video-preview:-1"},"canonical":"https:\/\/globalexcel.com\/privacy-policy\/","og_locale":"de_DE","og_type":"article","og_title":"Datenschutzbestimmungen - Global Excel Management Inc.","og_description":"Datenschutzbestimmungen Global Excel Management Inc. legt seit jeher gr\u00f6\u00dften Wert auf den Schutz der pers\u00f6nlichen Daten, die es verarbeitet. Pers\u00f6nliche Daten sind alle identifizierbaren Informationen \u00fcber Sie oder solche, die zu Ihrer Identifizierung f\u00fchren k\u00f6nnen. Aus diesem Grund haben wir eine Datenschutzrichtlinie entwickelt, in der wir genau beschreiben, wie wir Ihre pers\u00f6nlichen und sensiblen Daten [&hellip;]","og_url":"https:\/\/globalexcel.com\/privacy-policy\/","og_site_name":"Global Excel Management Inc.","article_modified_time":"2024-05-14T20:29:43+00:00","twitter_card":"summary_large_image","twitter_misc":{"Gesch\u00e4tzte Lesezeit":"5\u00a0Minuten"},"schema":{"@context":"https:\/\/schema.org","@graph":[{"@type":"WebPage","@id":"https:\/\/globalexcel.com\/privacy-policy\/","url":"https:\/\/globalexcel.com\/privacy-policy\/","name":"Datenschutzbestimmungen - Global Excel Management Inc.","isPartOf":{"@id":"https:\/\/globalexcel.com\/#website"},"datePublished":"2023-03-02T12:55:12+00:00","dateModified":"2024-05-14T20:29:43+00:00","breadcrumb":{"@id":"https:\/\/globalexcel.com\/privacy-policy\/#breadcrumb"},"inLanguage":"de","potentialAction":[{"@type":"ReadAction","target":["https:\/\/globalexcel.com\/privacy-policy\/"]}]},{"@type":"BreadcrumbList","@id":"https:\/\/globalexcel.com\/privacy-policy\/#breadcrumb","itemListElement":[{"@type":"ListItem","position":1,"name":"Home","item":"https:\/\/globalexcel.com\/es\/"},{"@type":"ListItem","position":2,"name":"Datenschutzbestimmungen"}]},{"@type":"WebSite","@id":"https:\/\/globalexcel.com\/#website","url":"https:\/\/globalexcel.com\/","name":"Global Excel Management Inc.","description":"Ihr Partner im Umgang mit Gesundheitskosten","publisher":{"@id":"https:\/\/globalexcel.com\/#organization"},"potentialAction":[{"@type":"SearchAction","target":{"@type":"EntryPoint","urlTemplate":"https:\/\/globalexcel.com\/?s={search_term_string}"},"query-input":{"@type":"PropertyValueSpecification","valueRequired":true,"valueName":"search_term_string"}}],"inLanguage":"de"},{"@type":"Organization","@id":"https:\/\/globalexcel.com\/#organization","name":"Global Excel Management Inc.","url":"https:\/\/globalexcel.com\/","logo":{"@type":"ImageObject","inLanguage":"de","@id":"https:\/\/globalexcel.com\/#\/schema\/logo\/image\/","url":"https:\/\/globalexcel.com\/wp-content\/uploads\/gemLogoColor.svg","contentUrl":"https:\/\/globalexcel.com\/wp-content\/uploads\/gemLogoColor.svg","caption":"Global Excel Management Inc."},"image":{"@id":"https:\/\/globalexcel.com\/#\/schema\/logo\/image\/"}}]}},"_links":{"self":[{"href":"https:\/\/globalexcel.com\/de\/wp-json\/wp\/v2\/pages\/13799","targetHints":{"allow":["GET"]}}],"collection":[{"href":"https:\/\/globalexcel.com\/de\/wp-json\/wp\/v2\/pages"}],"about":[{"href":"https:\/\/globalexcel.com\/de\/wp-json\/wp\/v2\/types\/page"}],"author":[{"embeddable":true,"href":"https:\/\/globalexcel.com\/de\/wp-json\/wp\/v2\/users\/3"}],"replies":[{"embeddable":true,"href":"https:\/\/globalexcel.com\/de\/wp-json\/wp\/v2\/comments?post=13799"}],"version-history":[{"count":5,"href":"https:\/\/globalexcel.com\/de\/wp-json\/wp\/v2\/pages\/13799\/revisions"}],"predecessor-version":[{"id":14110,"href":"https:\/\/globalexcel.com\/de\/wp-json\/wp\/v2\/pages\/13799\/revisions\/14110"}],"wp:attachment":[{"href":"https:\/\/globalexcel.com\/de\/wp-json\/wp\/v2\/media?parent=13799"}],"curies":[{"name":"wp","href":"https:\/\/api.w.org\/{rel}","templated":true}]}}