{"id":13587,"date":"2023-07-17T14:49:36","date_gmt":"2023-07-17T18:49:36","guid":{"rendered":"https:\/\/brand.switch.makemagik.com\/richtige-pflege-richtiger-ort-richtige-zeit-richtige-kosten\/"},"modified":"2024-09-03T13:08:23","modified_gmt":"2024-09-03T17:08:23","slug":"richtige-pflege-richtiger-ort-richtige-zeit-richtige-kosten","status":"publish","type":"page","link":"https:\/\/globalexcel.com\/de\/serviceangebot\/richtige-pflege-richtiger-ort-richtige-zeit-richtige-kosten\/","title":{"rendered":"Richtige Pflege, richtiger Ort, richtige Zeit, richtige Kosten"},"content":{"rendered":"\t\t<div data-elementor-type=\"wp-page\" data-elementor-id=\"13587\" class=\"elementor elementor-13587 elementor-6113\" data-elementor-post-type=\"page\">\n\t\t\t\t<div class=\"elementor-element elementor-element-1b5f737 hero-height e-flex e-con-boxed e-con e-parent\" data-id=\"1b5f737\" data-element_type=\"container\" data-settings=\"{&quot;background_background&quot;:&quot;classic&quot;}\">\n\t\t\t\t\t<div class=\"e-con-inner\">\n\t\t\t\t\t<\/div>\n\t\t\t\t<\/div>\n\t\t<div class=\"elementor-element elementor-element-1f5a4fb e-flex e-con-boxed e-con e-parent\" data-id=\"1f5a4fb\" data-element_type=\"container\">\n\t\t\t\t\t<div class=\"e-con-inner\">\n\t\t\t\t<div class=\"elementor-element elementor-element-9ec5400 elementor-widget__width-inherit elementor-widget elementor-widget-global elementor-global-13958 elementor-global-1930 elementor-widget-breadcrumbs\" data-id=\"9ec5400\" data-element_type=\"widget\" data-widget_type=\"breadcrumbs.default\">\n\t\t\t\t<div class=\"elementor-widget-container\">\n\t\t\t\t\t<p id=\"breadcrumbs\"><span><span><a href=\"https:\/\/globalexcel.com\/es\/\">Home<\/a><\/span><\/span><\/p>\t\t\t\t<\/div>\n\t\t\t\t<\/div>\n\t\t<div class=\"elementor-element elementor-element-9a86bcc e-con-full elementor-hidden-mobile elementor-hidden-tablet e-flex elementor-invisible e-con e-child\" data-id=\"9a86bcc\" data-element_type=\"container\" data-settings=\"{&quot;sticky&quot;:&quot;top&quot;,&quot;sticky_offset&quot;:200,&quot;sticky_effects_offset&quot;:30,&quot;sticky_parent&quot;:&quot;yes&quot;,&quot;animation&quot;:&quot;fadeInLeft&quot;,&quot;sticky_on&quot;:[&quot;desktop&quot;,&quot;laptop&quot;,&quot;tablet&quot;,&quot;mobile&quot;],&quot;sticky_anchor_link_offset&quot;:0}\">\n\t\t\t\t<div class=\"elementor-element elementor-element-28792d0 elementor-widget elementor-widget-text-editor\" data-id=\"28792d0\" data-element_type=\"widget\" data-widget_type=\"text-editor.default\">\n\t\t\t\t<div class=\"elementor-widget-container\">\n\t\t\t\t\t\t\t\t\t<p>Unser komplettes Angebot an L\u00f6sungen l\u00e4sst sich in vier verschiedene Kategorien einteilen<\/p>\n\t\t\t\t\t\t\t\t<\/div>\n\t\t\t\t<\/div>\n\t\t\t\t<div class=\"elementor-element elementor-element-365d8a0 elementor-nav-menu__align-start elementor-nav-menu--dropdown-none elementor-widget__width-initial elementor-widget elementor-widget-nav-menu\" data-id=\"365d8a0\" data-element_type=\"widget\" data-settings=\"{&quot;layout&quot;:&quot;vertical&quot;,&quot;submenu_icon&quot;:{&quot;value&quot;:&quot;&lt;i aria-hidden=\\&quot;true\\&quot; class=\\&quot;\\&quot;&gt;&lt;\\\/i&gt;&quot;,&quot;library&quot;:&quot;&quot;}}\" data-widget_type=\"nav-menu.default\">\n\t\t\t\t<div class=\"elementor-widget-container\">\n\t\t\t\t\t\t\t\t<nav aria-label=\"Menu\" class=\"elementor-nav-menu--main elementor-nav-menu__container elementor-nav-menu--layout-vertical e--pointer-none\">\n\t\t\t\t<ul id=\"menu-1-365d8a0\" class=\"elementor-nav-menu sm-vertical\"><li class=\"menu-item menu-item-type-post_type menu-item-object-page menu-item-14336\"><a href=\"https:\/\/globalexcel.com\/de\/serviceangebot\/richtige-pflege-richtiger-ort-richtige-zeit-richtige-kosten\/\" class=\"elementor-item\">Richtige Versorgung, am richtigen Ort, zur richtigen Zeit, zu den richtigen Kosten<\/a><\/li>\n<li class=\"menu-item menu-item-type-post_type menu-item-object-page menu-item-14338\"><a href=\"https:\/\/globalexcel.com\/de\/serviceangebot\/ein-anderer-ansatz-zur-kostendaempfung\/\" class=\"elementor-item\">Ein unterschiedlicher Ansatz zur Kostenbegrenzung<\/a><\/li>\n<li class=\"menu-item menu-item-type-post_type menu-item-object-page menu-item-14339\"><a href=\"https:\/\/globalexcel.com\/de\/serviceangebot\/massgeschneidertes-medizinisches-fallmanagement\/\" class=\"elementor-item\">Individuelles medizinisches Fallmanagement<\/a><\/li>\n<li class=\"menu-item menu-item-type-post_type menu-item-object-page menu-item-14340\"><a href=\"https:\/\/globalexcel.com\/de\/serviceangebot\/verwaltung-grosser-katastrophaler-bedeutender-medizinischer-ansprueche\/\" class=\"elementor-item\">Schadensmanagement von schwerwiegenden und katastrophalen F\u00e4llen sowie komplexen medizinischen Behandlungen<\/a><\/li>\n<\/ul>\t\t\t<\/nav>\n\t\t\t\t\t\t<nav class=\"elementor-nav-menu--dropdown elementor-nav-menu__container\" aria-hidden=\"true\">\n\t\t\t\t<ul id=\"menu-2-365d8a0\" class=\"elementor-nav-menu sm-vertical\"><li class=\"menu-item menu-item-type-post_type menu-item-object-page menu-item-14336\"><a href=\"https:\/\/globalexcel.com\/de\/serviceangebot\/richtige-pflege-richtiger-ort-richtige-zeit-richtige-kosten\/\" class=\"elementor-item\" tabindex=\"-1\">Richtige Versorgung, am richtigen Ort, zur richtigen Zeit, zu den richtigen Kosten<\/a><\/li>\n<li class=\"menu-item menu-item-type-post_type menu-item-object-page menu-item-14338\"><a href=\"https:\/\/globalexcel.com\/de\/serviceangebot\/ein-anderer-ansatz-zur-kostendaempfung\/\" class=\"elementor-item\" tabindex=\"-1\">Ein unterschiedlicher Ansatz zur Kostenbegrenzung<\/a><\/li>\n<li class=\"menu-item menu-item-type-post_type menu-item-object-page menu-item-14339\"><a href=\"https:\/\/globalexcel.com\/de\/serviceangebot\/massgeschneidertes-medizinisches-fallmanagement\/\" class=\"elementor-item\" tabindex=\"-1\">Individuelles medizinisches Fallmanagement<\/a><\/li>\n<li class=\"menu-item menu-item-type-post_type menu-item-object-page menu-item-14340\"><a href=\"https:\/\/globalexcel.com\/de\/serviceangebot\/verwaltung-grosser-katastrophaler-bedeutender-medizinischer-ansprueche\/\" class=\"elementor-item\" tabindex=\"-1\">Schadensmanagement von schwerwiegenden und katastrophalen F\u00e4llen sowie komplexen medizinischen Behandlungen<\/a><\/li>\n<\/ul>\t\t\t<\/nav>\n\t\t\t\t\t\t<\/div>\n\t\t\t\t<\/div>\n\t\t\t\t<\/div>\n\t\t<div class=\"elementor-element elementor-element-d5b6f3f e-con-full e-flex e-con e-child\" data-id=\"d5b6f3f\" data-element_type=\"container\">\n\t\t\t\t<div class=\"elementor-element elementor-element-ff20a84 elementor-invisible elementor-widget elementor-widget-heading\" data-id=\"ff20a84\" data-element_type=\"widget\" data-settings=\"{&quot;_animation&quot;:&quot;fadeInUp&quot;}\" data-widget_type=\"heading.default\">\n\t\t\t\t<div class=\"elementor-widget-container\">\n\t\t\t\t\t<h1 class=\"elementor-heading-title elementor-size-default\">Richtige Versorgung, am richtigen Ort,\nzur richtigen Zeit, zu fairen Kosten<\/h1>\t\t\t\t<\/div>\n\t\t\t\t<\/div>\n\t\t\t\t<div class=\"elementor-element elementor-element-447ac93 elementor-widget__width-inherit elementor-invisible elementor-widget elementor-widget-text-editor\" data-id=\"447ac93\" data-element_type=\"widget\" data-settings=\"{&quot;_animation&quot;:&quot;fadeInUp&quot;,&quot;_animation_delay&quot;:200}\" data-widget_type=\"text-editor.default\">\n\t\t\t\t<div class=\"elementor-widget-container\">\n\t\t\t\t\t\t\t\t\t<h2>Innovativ. Strategisch. <span class=\"NormalTextRun SCXW96647905 BCX0\">Anpassungsf\u00e4hig<\/span><span class=\"NormalTextRun SCXW96647905 BCX0\">.<\/span><\/h2>\t\t\t\t\t\t\t\t<\/div>\n\t\t\t\t<\/div>\n\t\t\t\t<div class=\"elementor-element elementor-element-32aa768 elementor-widget__width-inherit elementor-invisible elementor-widget elementor-widget-text-editor\" data-id=\"32aa768\" data-element_type=\"widget\" data-settings=\"{&quot;_animation&quot;:&quot;fadeInUp&quot;}\" data-widget_type=\"text-editor.default\">\n\t\t\t\t<div class=\"elementor-widget-container\">\n\t\t\t\t\t\t\t\t\tGlobal Excels Ziel ist die richtige Versorgung, am richtigen Ort, zur richtigen Zeit und zu fairen Kosten weltweit anzubieten. \n<p>Mit Hilfe unserer innovativen Serviceangebote erm\u00f6glichen wir Ihren Patienten Zugang zu angemessener, der Situation zugeschnittener, medizinischer Versorgung.\u00a0<\/p>\nDurch eine enge Zusammenarbeit mit den Versicherten und Versicherungen erzielen wir bessere Ergebnisse. Wir ber\u00fccksichtigen bei der Auswahl der bestm\u00f6glichen Behandlung die Krankengeschichte und den Aufenthaltsort des Patienten, und die zum Zeitpunkt der Erkrankung oder der Verletzung verf\u00fcgbaren Behandlungsoptionen.\u00a0<\/p><p>Unser Hauptaugenmerk liegt damit auf der Vermeidung unn\u00f6tiger Kosten durch diese Art der Patientensteuerung. Zus\u00e4tzlich pr\u00fcfen wir Rechnungen auf weitere Einsparungsm\u00f6glichkeiten. <\/p>\t\t\t\t\t\t\t\t<\/div>\n\t\t\t\t<\/div>\n\t\t\t\t<div class=\"elementor-element elementor-element-a3d8db7 accordionExcelDesign elementor-invisible elementor-widget elementor-widget-accordion\" data-id=\"a3d8db7\" data-element_type=\"widget\" data-settings=\"{&quot;_animation&quot;:&quot;fadeInUp&quot;}\" data-widget_type=\"accordion.default\">\n\t\t\t\t<div class=\"elementor-widget-container\">\n\t\t\t\t\t\t\t<div class=\"elementor-accordion\">\n\t\t\t\t\t\t\t<div class=\"elementor-accordion-item\">\n\t\t\t\t\t<h3 id=\"elementor-tab-title-1711\" class=\"elementor-tab-title\" data-tab=\"1\" role=\"button\" aria-controls=\"elementor-tab-content-1711\" aria-expanded=\"false\">\n\t\t\t\t\t\t\t\t\t\t\t\t\t<span class=\"elementor-accordion-icon elementor-accordion-icon-right\" aria-hidden=\"true\">\n\t\t\t\t\t\t\t\t\t\t\t\t\t\t\t<span class=\"elementor-accordion-icon-closed\"><svg class=\"e-font-icon-svg e-fas-chevron-down\" viewBox=\"0 0 448 512\" xmlns=\"http:\/\/www.w3.org\/2000\/svg\"><path d=\"M207.029 381.476L12.686 187.132c-9.373-9.373-9.373-24.569 0-33.941l22.667-22.667c9.357-9.357 24.522-9.375 33.901-.04L224 284.505l154.745-154.021c9.379-9.335 24.544-9.317 33.901.04l22.667 22.667c9.373 9.373 9.373 24.569 0 33.941L240.971 381.476c-9.373 9.372-24.569 9.372-33.942 0z\"><\/path><\/svg><\/span>\n\t\t\t\t\t\t\t\t<span class=\"elementor-accordion-icon-opened\"><\/span>\n\t\t\t\t\t\t\t\t\t\t\t\t\t\t<\/span>\n\t\t\t\t\t\t\t\t\t\t\t\t<a class=\"elementor-accordion-title\" tabindex=\"0\">Reisenotfallversicherungen<\/a>\n\t\t\t\t\t<\/h3>\n\t\t\t\t\t<div id=\"elementor-tab-content-1711\" class=\"elementor-tab-content elementor-clearfix\" data-tab=\"1\" role=\"region\" aria-labelledby=\"elementor-tab-title-1711\"><p>Global Excel hat ein umfassendes Dienstleisternetzwerk in den beliebtesten Reisezielen der USA aufgebaut. Damit erm\u00f6glichen wir unseren Kunden hervorragende Einsparungen.<\/p><p>Wir wissen, dass in Notf\u00e4llen Eile geboten ist. Unser speziell trainiertes und mitf\u00fchlendes Team ist rund um die Uhr verf\u00fcgbar, um Ihnen zur Seite zu stehen.<\/p><p>Global Excel ist versiert in der Koordinierung von \u00dcberf\u00fchrungen aus der Karibik in die USA, sollte eine angemessene Behandlung vor Ort nicht m\u00f6glich sein. Unsere erfahrenen Agenten wissen, diesen oftmals komplizierten Vorgang f\u00fcr unsere Kunden so einfach und effizient wie m\u00f6glich zu gestalten.<\/p><p>F\u00fcr Hochkostenf\u00e4lle haben wir ein spezielles Produkt entwickelt, <a href=\"https:\/\/globalexcel.com\/de\/serviceangebot\/massgeschneidertes-medizinisches-fallmanagement\/#gemclinical\"><strong>GEMClinical TM.<\/strong><\/a> Sollten Sie Fragen zu unserem Angebot f\u00fcr Reisenotfallversicherungen haben, kontaktieren Sie uns.<\/p><\/div>\n\t\t\t\t<\/div>\n\t\t\t\t\t\t\t<div class=\"elementor-accordion-item\">\n\t\t\t\t\t<h3 id=\"elementor-tab-title-1712\" class=\"elementor-tab-title\" data-tab=\"2\" role=\"button\" aria-controls=\"elementor-tab-content-1712\" aria-expanded=\"false\">\n\t\t\t\t\t\t\t\t\t\t\t\t\t<span class=\"elementor-accordion-icon elementor-accordion-icon-right\" aria-hidden=\"true\">\n\t\t\t\t\t\t\t\t\t\t\t\t\t\t\t<span class=\"elementor-accordion-icon-closed\"><svg class=\"e-font-icon-svg e-fas-chevron-down\" viewBox=\"0 0 448 512\" xmlns=\"http:\/\/www.w3.org\/2000\/svg\"><path d=\"M207.029 381.476L12.686 187.132c-9.373-9.373-9.373-24.569 0-33.941l22.667-22.667c9.357-9.357 24.522-9.375 33.901-.04L224 284.505l154.745-154.021c9.379-9.335 24.544-9.317 33.901.04l22.667 22.667c9.373 9.373 9.373 24.569 0 33.941L240.971 381.476c-9.373 9.372-24.569 9.372-33.942 0z\"><\/path><\/svg><\/span>\n\t\t\t\t\t\t\t\t<span class=\"elementor-accordion-icon-opened\"><\/span>\n\t\t\t\t\t\t\t\t\t\t\t\t\t\t<\/span>\n\t\t\t\t\t\t\t\t\t\t\t\t<a class=\"elementor-accordion-title\" tabindex=\"0\">Expats und Studenten  <\/a>\n\t\t\t\t\t<\/h3>\n\t\t\t\t\t<div id=\"elementor-tab-content-1712\" class=\"elementor-tab-content elementor-clearfix\" data-tab=\"2\" role=\"region\" aria-labelledby=\"elementor-tab-title-1712\"><h3>Expats und Studenten m\u00f6chten sich in den USA wie zu Hause f\u00fchlen. Die entscheidende Komponente hierf\u00fcr ist der einfache und effiziente Zugang zu hochwertiger medizinischer Betreuung. Wir bieten deshalb individuell abgestimmte Programme f\u00fcr Ihre Versicherten an.<\/h3><p>Unser Team aus Vertrags- und Netzwerkmanagern arbeitet daran, medizinische Netzwerke anhand der Kundendemografie und von Nutzungsmustern aufzubauen. Sie sind den jeweiligen Anforderungen der Versicherten angepasst. Dar\u00fcber hinaus erm\u00f6glichen wir den Zugang zu Apotheken, Zahn- und Augen\u00e4rzten in allen 50 Staaten.<\/p><p>Die Assistenz und Fallbearbeitung von Global Excel ist ohne Gleichen. Unser erfahrenes Team k\u00fcmmert sich mit Empathie um Ihre Versicherten. \u00a0Um eine bestm\u00f6gliche Betreuung Ihrer Versicherten und deren Familien zu gew\u00e4hrleisten, werden Behandlungen gem\u00e4\u00df der Versicherungsbedingungen und im Hinblick auf eine angemessene medizinische Versorgung von unseren erfahrenen Fallkoordinatoren und Fallmanagern gepr\u00fcft. Diese halten sowohl die Versicherten und deren Familienmitglieder als auch die Versicherung auf dem Laufenden.<\/p><\/div>\n\t\t\t\t<\/div>\n\t\t\t\t\t\t\t<div class=\"elementor-accordion-item\">\n\t\t\t\t\t<h3 id=\"elementor-tab-title-1713\" class=\"elementor-tab-title\" data-tab=\"3\" role=\"button\" aria-controls=\"elementor-tab-content-1713\" aria-expanded=\"false\">\n\t\t\t\t\t\t\t\t\t\t\t\t\t<span class=\"elementor-accordion-icon elementor-accordion-icon-right\" aria-hidden=\"true\">\n\t\t\t\t\t\t\t\t\t\t\t\t\t\t\t<span class=\"elementor-accordion-icon-closed\"><svg class=\"e-font-icon-svg e-fas-chevron-down\" viewBox=\"0 0 448 512\" xmlns=\"http:\/\/www.w3.org\/2000\/svg\"><path d=\"M207.029 381.476L12.686 187.132c-9.373-9.373-9.373-24.569 0-33.941l22.667-22.667c9.357-9.357 24.522-9.375 33.901-.04L224 284.505l154.745-154.021c9.379-9.335 24.544-9.317 33.901.04l22.667 22.667c9.373 9.373 9.373 24.569 0 33.941L240.971 381.476c-9.373 9.372-24.569 9.372-33.942 0z\"><\/path><\/svg><\/span>\n\t\t\t\t\t\t\t\t<span class=\"elementor-accordion-icon-opened\"><\/span>\n\t\t\t\t\t\t\t\t\t\t\t\t\t\t<\/span>\n\t\t\t\t\t\t\t\t\t\t\t\t<a class=\"elementor-accordion-title\" tabindex=\"0\">Komplexe medizinische Behandlungen  <\/a>\n\t\t\t\t\t<\/h3>\n\t\t\t\t\t<div id=\"elementor-tab-content-1713\" class=\"elementor-tab-content elementor-clearfix\" data-tab=\"3\" role=\"region\" aria-labelledby=\"elementor-tab-title-1713\"><p>Wenn es um komplexe medizinische Behandlungen im Ausland geht, f\u00fcr welche eigens eine spezielle Versicherung abgeschlossen wurde, ist ein exzellenter Kundenservice von h\u00f6chster Bedeutung.<\/p><p>Um sich von Ihren Wettbewerbern abzusetzen, ben\u00f6tigen Sie Zugang zu einer Auswahl ma\u00dfgeschneiderter Leistungen.\u00a0<\/p><p>F\u00fcr solche F\u00e4lle hat Global Excel ein Konzept entwickelt, welches unseren Kunden notwendige Informationen und Unterst\u00fctzung f\u00fcr den effektiven Umgang mit kritischen Erkrankungen bietet. Dieses Serviceangebot kann individuell auf Ihre speziellen Anforderungen zugeschnitten werden. Unsere weitreichende Erfahrung im Umgang mit au\u00dfergew\u00f6hnlichen und manchmal schwierigen Umst\u00e4nden und Anfragen erlaubt bestm\u00f6glichen Kundenservice. Unser Angebot:<\/p><ul><li>Branchenf\u00fchrende Kenntnisse \u00fcber das amerikanische Gesundheitssystem<\/li><li>Zugang zu HMOs und \u00fcber 100 PPO-Netzwerken<\/li><li>Die M\u00f6glichkeit des direkten Vertragsabschlusses mit Dienstleistern und Informationen \u00fcber alternative Anbieter<\/li><li>Rechnungspr\u00fcfungen und Benchmarking<\/li><li>Ein Account Management Team, welches Erfahrung im Umgang mit au\u00dfergew\u00f6hnlichen F\u00e4llen hat<\/li><li>Uneingeschr\u00e4nkten <a href=\"https:\/\/globalexcel.com\/de\/kontaktieren-sie-uns\/\">Zugang zu Informationen<\/a><\/li><\/ul><p>F\u00fcr weitere Informationen, <a href=\"https:\/\/globalexcel.com\/de\/kontaktieren-sie-uns\/\">kontaktieren Sie uns<\/a><\/p><\/div>\n\t\t\t\t<\/div>\n\t\t\t\t\t\t\t\t<\/div>\n\t\t\t\t\t\t<\/div>\n\t\t\t\t<\/div>\n\t\t\t\t<\/div>\n\t\t\t\t\t<\/div>\n\t\t\t\t<\/div>\n\t\t\t\t<\/div>\n\t\t","protected":false},"excerpt":{"rendered":"<p>Unser komplettes Angebot an L\u00f6sungen l\u00e4sst sich in vier verschiedene Kategorien einteilen Richtige Versorgung, am richtigen Ort, zur richtigen Zeit, zu fairen Kosten Innovativ. Strategisch. Anpassungsf\u00e4hig. Global Excels Ziel ist die richtige Versorgung, am richtigen Ort, zur richtigen Zeit und zu fairen Kosten weltweit anzubieten. Mit Hilfe unserer innovativen Serviceangebote erm\u00f6glichen wir Ihren Patienten Zugang [&hellip;]<\/p>\n","protected":false},"author":3,"featured_media":0,"parent":13982,"menu_order":0,"comment_status":"closed","ping_status":"closed","template":"elementor_theme","meta":{"_acf_changed":false,"inline_featured_image":false,"footnotes":""},"class_list":["post-13587","page","type-page","status-publish","hentry"],"acf":[],"yoast_head":"<!-- This site is optimized with the Yoast SEO plugin v26.4 - https:\/\/yoast.com\/wordpress\/plugins\/seo\/ -->\n<title>Richtige Pflege, richtiger Ort, richtige Zeit, richtige Kosten - Global Excel Management Inc.<\/title>\n<meta name=\"robots\" content=\"index, follow, max-snippet:-1, max-image-preview:large, max-video-preview:-1\" \/>\n<link rel=\"canonical\" href=\"https:\/\/globalexcel.com\/de\/serviceangebot\/richtige-pflege-richtiger-ort-richtige-zeit-richtige-kosten\/\" \/>\n<meta property=\"og:locale\" content=\"de_DE\" \/>\n<meta property=\"og:type\" content=\"article\" \/>\n<meta property=\"og:title\" content=\"Richtige Pflege, richtiger Ort, richtige Zeit, richtige Kosten - Global Excel Management Inc.\" \/>\n<meta property=\"og:description\" content=\"Unser komplettes Angebot an L\u00f6sungen l\u00e4sst sich in vier verschiedene Kategorien einteilen Richtige Versorgung, am richtigen Ort, zur richtigen Zeit, zu fairen Kosten Innovativ. Strategisch. Anpassungsf\u00e4hig. Global Excels Ziel ist die richtige Versorgung, am richtigen Ort, zur richtigen Zeit und zu fairen Kosten weltweit anzubieten. Mit Hilfe unserer innovativen Serviceangebote erm\u00f6glichen wir Ihren Patienten Zugang [&hellip;]\" \/>\n<meta property=\"og:url\" content=\"https:\/\/globalexcel.com\/de\/serviceangebot\/richtige-pflege-richtiger-ort-richtige-zeit-richtige-kosten\/\" \/>\n<meta property=\"og:site_name\" content=\"Global Excel Management Inc.\" \/>\n<meta property=\"article:modified_time\" content=\"2024-09-03T17:08:23+00:00\" \/>\n<meta name=\"twitter:card\" content=\"summary_large_image\" \/>\n<meta name=\"twitter:label1\" content=\"Gesch\u00e4tzte Lesezeit\" \/>\n\t<meta name=\"twitter:data1\" content=\"4\u00a0Minuten\" \/>\n<script type=\"application\/ld+json\" class=\"yoast-schema-graph\">{\"@context\":\"https:\/\/schema.org\",\"@graph\":[{\"@type\":\"WebPage\",\"@id\":\"https:\/\/globalexcel.com\/de\/serviceangebot\/richtige-pflege-richtiger-ort-richtige-zeit-richtige-kosten\/\",\"url\":\"https:\/\/globalexcel.com\/de\/serviceangebot\/richtige-pflege-richtiger-ort-richtige-zeit-richtige-kosten\/\",\"name\":\"Richtige Pflege, richtiger Ort, richtige Zeit, richtige Kosten - Global Excel Management Inc.\",\"isPartOf\":{\"@id\":\"https:\/\/globalexcel.com\/#website\"},\"datePublished\":\"2023-07-17T18:49:36+00:00\",\"dateModified\":\"2024-09-03T17:08:23+00:00\",\"breadcrumb\":{\"@id\":\"https:\/\/globalexcel.com\/de\/serviceangebot\/richtige-pflege-richtiger-ort-richtige-zeit-richtige-kosten\/#breadcrumb\"},\"inLanguage\":\"de\",\"potentialAction\":[{\"@type\":\"ReadAction\",\"target\":[\"https:\/\/globalexcel.com\/de\/serviceangebot\/richtige-pflege-richtiger-ort-richtige-zeit-richtige-kosten\/\"]}]},{\"@type\":\"BreadcrumbList\",\"@id\":\"https:\/\/globalexcel.com\/de\/serviceangebot\/richtige-pflege-richtiger-ort-richtige-zeit-richtige-kosten\/#breadcrumb\",\"itemListElement\":[{\"@type\":\"ListItem\",\"position\":1,\"name\":\"Home\",\"item\":\"https:\/\/globalexcel.com\/es\/\"},{\"@type\":\"ListItem\",\"position\":2,\"name\":\"Serviceangebot\",\"item\":\"https:\/\/globalexcel.com\/solutions\/\"},{\"@type\":\"ListItem\",\"position\":3,\"name\":\"Richtige Pflege, richtiger Ort, richtige Zeit, richtige Kosten\"}]},{\"@type\":\"WebSite\",\"@id\":\"https:\/\/globalexcel.com\/#website\",\"url\":\"https:\/\/globalexcel.com\/\",\"name\":\"Global Excel Management Inc.\",\"description\":\"Ihr Partner im Umgang mit Gesundheitskosten\",\"publisher\":{\"@id\":\"https:\/\/globalexcel.com\/#organization\"},\"potentialAction\":[{\"@type\":\"SearchAction\",\"target\":{\"@type\":\"EntryPoint\",\"urlTemplate\":\"https:\/\/globalexcel.com\/?s={search_term_string}\"},\"query-input\":{\"@type\":\"PropertyValueSpecification\",\"valueRequired\":true,\"valueName\":\"search_term_string\"}}],\"inLanguage\":\"de\"},{\"@type\":\"Organization\",\"@id\":\"https:\/\/globalexcel.com\/#organization\",\"name\":\"Global Excel Management Inc.\",\"url\":\"https:\/\/globalexcel.com\/\",\"logo\":{\"@type\":\"ImageObject\",\"inLanguage\":\"de\",\"@id\":\"https:\/\/globalexcel.com\/#\/schema\/logo\/image\/\",\"url\":\"https:\/\/globalexcel.com\/wp-content\/uploads\/gemLogoColor.svg\",\"contentUrl\":\"https:\/\/globalexcel.com\/wp-content\/uploads\/gemLogoColor.svg\",\"caption\":\"Global Excel Management Inc.\"},\"image\":{\"@id\":\"https:\/\/globalexcel.com\/#\/schema\/logo\/image\/\"}}]}<\/script>\n<!-- \/ Yoast SEO plugin. -->","yoast_head_json":{"title":"Richtige Pflege, richtiger Ort, richtige Zeit, richtige Kosten - Global Excel Management Inc.","robots":{"index":"index","follow":"follow","max-snippet":"max-snippet:-1","max-image-preview":"max-image-preview:large","max-video-preview":"max-video-preview:-1"},"canonical":"https:\/\/globalexcel.com\/de\/serviceangebot\/richtige-pflege-richtiger-ort-richtige-zeit-richtige-kosten\/","og_locale":"de_DE","og_type":"article","og_title":"Richtige Pflege, richtiger Ort, richtige Zeit, richtige Kosten - Global Excel Management Inc.","og_description":"Unser komplettes Angebot an L\u00f6sungen l\u00e4sst sich in vier verschiedene Kategorien einteilen Richtige Versorgung, am richtigen Ort, zur richtigen Zeit, zu fairen Kosten Innovativ. Strategisch. Anpassungsf\u00e4hig. Global Excels Ziel ist die richtige Versorgung, am richtigen Ort, zur richtigen Zeit und zu fairen Kosten weltweit anzubieten. Mit Hilfe unserer innovativen Serviceangebote erm\u00f6glichen wir Ihren Patienten Zugang [&hellip;]","og_url":"https:\/\/globalexcel.com\/de\/serviceangebot\/richtige-pflege-richtiger-ort-richtige-zeit-richtige-kosten\/","og_site_name":"Global Excel Management Inc.","article_modified_time":"2024-09-03T17:08:23+00:00","twitter_card":"summary_large_image","twitter_misc":{"Gesch\u00e4tzte Lesezeit":"4\u00a0Minuten"},"schema":{"@context":"https:\/\/schema.org","@graph":[{"@type":"WebPage","@id":"https:\/\/globalexcel.com\/de\/serviceangebot\/richtige-pflege-richtiger-ort-richtige-zeit-richtige-kosten\/","url":"https:\/\/globalexcel.com\/de\/serviceangebot\/richtige-pflege-richtiger-ort-richtige-zeit-richtige-kosten\/","name":"Richtige Pflege, richtiger Ort, richtige Zeit, richtige Kosten - Global Excel Management Inc.","isPartOf":{"@id":"https:\/\/globalexcel.com\/#website"},"datePublished":"2023-07-17T18:49:36+00:00","dateModified":"2024-09-03T17:08:23+00:00","breadcrumb":{"@id":"https:\/\/globalexcel.com\/de\/serviceangebot\/richtige-pflege-richtiger-ort-richtige-zeit-richtige-kosten\/#breadcrumb"},"inLanguage":"de","potentialAction":[{"@type":"ReadAction","target":["https:\/\/globalexcel.com\/de\/serviceangebot\/richtige-pflege-richtiger-ort-richtige-zeit-richtige-kosten\/"]}]},{"@type":"BreadcrumbList","@id":"https:\/\/globalexcel.com\/de\/serviceangebot\/richtige-pflege-richtiger-ort-richtige-zeit-richtige-kosten\/#breadcrumb","itemListElement":[{"@type":"ListItem","position":1,"name":"Home","item":"https:\/\/globalexcel.com\/es\/"},{"@type":"ListItem","position":2,"name":"Serviceangebot","item":"https:\/\/globalexcel.com\/solutions\/"},{"@type":"ListItem","position":3,"name":"Richtige Pflege, richtiger Ort, richtige Zeit, richtige Kosten"}]},{"@type":"WebSite","@id":"https:\/\/globalexcel.com\/#website","url":"https:\/\/globalexcel.com\/","name":"Global Excel Management Inc.","description":"Ihr Partner im Umgang mit Gesundheitskosten","publisher":{"@id":"https:\/\/globalexcel.com\/#organization"},"potentialAction":[{"@type":"SearchAction","target":{"@type":"EntryPoint","urlTemplate":"https:\/\/globalexcel.com\/?s={search_term_string}"},"query-input":{"@type":"PropertyValueSpecification","valueRequired":true,"valueName":"search_term_string"}}],"inLanguage":"de"},{"@type":"Organization","@id":"https:\/\/globalexcel.com\/#organization","name":"Global Excel Management Inc.","url":"https:\/\/globalexcel.com\/","logo":{"@type":"ImageObject","inLanguage":"de","@id":"https:\/\/globalexcel.com\/#\/schema\/logo\/image\/","url":"https:\/\/globalexcel.com\/wp-content\/uploads\/gemLogoColor.svg","contentUrl":"https:\/\/globalexcel.com\/wp-content\/uploads\/gemLogoColor.svg","caption":"Global Excel Management Inc."},"image":{"@id":"https:\/\/globalexcel.com\/#\/schema\/logo\/image\/"}}]}},"_links":{"self":[{"href":"https:\/\/globalexcel.com\/de\/wp-json\/wp\/v2\/pages\/13587","targetHints":{"allow":["GET"]}}],"collection":[{"href":"https:\/\/globalexcel.com\/de\/wp-json\/wp\/v2\/pages"}],"about":[{"href":"https:\/\/globalexcel.com\/de\/wp-json\/wp\/v2\/types\/page"}],"author":[{"embeddable":true,"href":"https:\/\/globalexcel.com\/de\/wp-json\/wp\/v2\/users\/3"}],"replies":[{"embeddable":true,"href":"https:\/\/globalexcel.com\/de\/wp-json\/wp\/v2\/comments?post=13587"}],"version-history":[{"count":5,"href":"https:\/\/globalexcel.com\/de\/wp-json\/wp\/v2\/pages\/13587\/revisions"}],"predecessor-version":[{"id":16342,"href":"https:\/\/globalexcel.com\/de\/wp-json\/wp\/v2\/pages\/13587\/revisions\/16342"}],"up":[{"embeddable":true,"href":"https:\/\/globalexcel.com\/de\/wp-json\/wp\/v2\/pages\/13982"}],"wp:attachment":[{"href":"https:\/\/globalexcel.com\/de\/wp-json\/wp\/v2\/media?parent=13587"}],"curies":[{"name":"wp","href":"https:\/\/api.w.org\/{rel}","templated":true}]}}