{"id":13559,"date":"2023-08-09T08:25:37","date_gmt":"2023-08-09T12:25:37","guid":{"rendered":"https:\/\/brand.switch.makemagik.com\/bedingungen-fuer-die-nutzung\/"},"modified":"2024-05-14T16:29:18","modified_gmt":"2024-05-14T20:29:18","slug":"bedingungen-fur-die-nutzung","status":"publish","type":"page","link":"https:\/\/globalexcel.com\/de\/bedingungen-fur-die-nutzung\/","title":{"rendered":"Bedingungen f\u00fcr die Nutzung"},"content":{"rendered":"\t\t<div data-elementor-type=\"wp-page\" data-elementor-id=\"13559\" class=\"elementor elementor-13559 elementor-8326\" data-elementor-post-type=\"page\">\n\t\t\t\t<div class=\"elementor-element elementor-element-fa8615f hero-height e-flex e-con-boxed e-con e-parent\" data-id=\"fa8615f\" data-element_type=\"container\" data-settings=\"{&quot;background_background&quot;:&quot;classic&quot;}\">\n\t\t\t\t\t<div class=\"e-con-inner\">\n\t\t\t\t\t<\/div>\n\t\t\t\t<\/div>\n\t\t<div class=\"elementor-element elementor-element-240f0fd e-flex e-con-boxed e-con e-parent\" data-id=\"240f0fd\" data-element_type=\"container\">\n\t\t\t\t\t<div class=\"e-con-inner\">\n\t\t\t\t<div class=\"elementor-element elementor-element-ab7c7bc elementor-widget__width-inherit elementor-widget elementor-widget-global elementor-global-13958 elementor-global-1930 elementor-widget-breadcrumbs\" data-id=\"ab7c7bc\" data-element_type=\"widget\" data-widget_type=\"breadcrumbs.default\">\n\t\t\t\t<div class=\"elementor-widget-container\">\n\t\t\t\t\t<p id=\"breadcrumbs\"><span><span><a href=\"https:\/\/globalexcel.com\/es\/\">Home<\/a><\/span><\/span><\/p>\t\t\t\t<\/div>\n\t\t\t\t<\/div>\n\t\t\t\t<div class=\"elementor-element elementor-element-00753ea elementor-widget__width-inherit elementor-invisible elementor-widget elementor-widget-heading\" data-id=\"00753ea\" data-element_type=\"widget\" data-settings=\"{&quot;_animation&quot;:&quot;fadeInUp&quot;}\" data-widget_type=\"heading.default\">\n\t\t\t\t<div class=\"elementor-widget-container\">\n\t\t\t\t\t<h1 class=\"elementor-heading-title elementor-size-default\">Bedingungen f\u00fcr die Nutzung<\/h1>\t\t\t\t<\/div>\n\t\t\t\t<\/div>\n\t\t<div class=\"elementor-element elementor-element-425b08a e-con-full e-flex e-con e-child\" data-id=\"425b08a\" data-element_type=\"container\">\n\t\t\t\t<div class=\"elementor-element elementor-element-70110ed elementor-widget__width-inherit elementor-invisible elementor-widget elementor-widget-text-editor\" data-id=\"70110ed\" data-element_type=\"widget\" data-settings=\"{&quot;_animation&quot;:&quot;fadeInUp&quot;,&quot;_animation_delay&quot;:200}\" data-widget_type=\"text-editor.default\">\n\t\t\t\t<div class=\"elementor-widget-container\">\n\t\t\t\t\t\t\t\t\t<h2>F\u00fcr sofortige Hilfe f\u00fcr unsere Versicherungsnehmer, Kunden oder f\u00fcr Unterst\u00fctzung bei Schadensf\u00e4llen:<\/h2>\n\t\t\t\t\t\t\t\t<\/div>\n\t\t\t\t<\/div>\n\t\t\t\t<div class=\"elementor-element elementor-element-f8c35c1 elementor-widget__width-inherit elementor-widget elementor-widget-text-editor\" data-id=\"f8c35c1\" data-element_type=\"widget\" data-widget_type=\"text-editor.default\">\n\t\t\t\t<div class=\"elementor-widget-container\">\n\t\t\t\t\t\t\t\t\t<h3>Bedingungen f\u00fcr die Nutzung<\/h3>\n<p>Mit dem Zugriff auf die Global Excel Website akzeptieren Sie die folgenden Nutzungsbedingungen. Dementsprechend sind Sie an die auf der aktuellen Seite dargelegten Bedingungen gebunden; im Falle eines Missbrauchs oder einer Nutzung, die im Widerspruch zu den aktuellen Bedingungen steht, wird Global Excel Management Inc. (im Folgenden &#8222;GLOBAL EXCEL&#8220;) alle notwendigen Ma\u00dfnahmen ergreifen, um seine Rechte durchzusetzen. Wenn Sie mit den vorliegenden Bedingungen nicht einverstanden sind, stellen Sie die Nutzung dieser Website bitte unverz\u00fcglich ein.<\/p>\n<p>GLOBAL EXCEL beh\u00e4lt sich das Recht vor, diese Website-Nutzungsvereinbarung jederzeit und ohne Vorank\u00fcndigung einseitig zu \u00e4ndern. Im Falle einer \u00c4nderung erkl\u00e4ren Sie sich durch die Nutzung dieser Website damit einverstanden, an die neuen Bedingungen in dieser Vereinbarung gebunden zu sein.<\/p>\n<h3>Schutz von Informationen und Sicherheit<\/h3>\n<p>Wir legen gro\u00dfen Wert auf den Schutz Ihrer Privatsph\u00e4re. Obwohl unsere Sicherheitsbem\u00fchungen mit der in Kanada \u00fcblichen Praxis \u00fcbereinstimmen, ist ein vollst\u00e4ndiger Schutz der Privatsph\u00e4re, Vertraulichkeit und Sicherheit \u00fcber das Internet noch nicht m\u00f6glich und kann daher nicht garantiert werden. Infolgedessen sind wir, ohne einen anderen Haftungsausschluss hierin einzuschr\u00e4nken, weder verantwortlich noch haftbar f\u00fcr Sch\u00e4den oder Verluste, die sich aus der \u00dcbertragung von Informationen \u00fcber diese Website ergeben, noch f\u00fcr Sch\u00e4den, die Sie oder andere Parteien in Verbindung mit einer Verletzung der Vertraulichkeit oder Sicherheit erleiden k\u00f6nnten.<\/p>\n<h3>Professionelle Beratung<\/h3>\n<p>Durch die Bereitstellung von Informationen auf dieser Website erteilen wir keine Rechts-, Versicherungs-, Finanz- oder sonstige professionelle Beratung.<\/p>\n<h3>Geistiges Eigentum<\/h3>\n<p><strong>Copyright:<\/strong>  Das Layout und der Inhalt dieser Website, einschlie\u00dflich der Texte, Grafiken, Bilder, Software und anderer hierin enthaltener Materialien (zusammenfassend &#8222;Materialien&#8220;), sind urheberrechtlich gesch\u00fctzt. Die unbefugte Nutzung der Materialien kann gegen Urheberrechts-, Marken- und andere Gesetze versto\u00dfen. Jegliche Vervielf\u00e4ltigung, Weiterverbreitung, Weitergabe oder \u00c4nderung der Materialien auf dieser Website ohne unsere ausdr\u00fcckliche schriftliche Genehmigung ist verboten. Wenn Sie eine dieser Beschr\u00e4nkungen verletzen, erlischt Ihre Erlaubnis zur Nutzung der Materialien automatisch und Sie m\u00fcssen alle Kopien, die Sie davon gemacht haben, sofort vernichten. .<br \/>Warenzeichen: Einige der auf dieser Website verwendeten Logos, Marken, Namen, Designs, Titel, W\u00f6rter, Phrasen oder Slogans sind Marken von GLOBAL EXCEL oder werden unter Lizenz verwendet. Jegliches unerlaubte Herunterladen, Kopieren oder Ver\u00e4ndern des Inhalts dieser Website kann daher eine Verletzung der bundesstaatlichen oder gewohnheitsrechtlichen Marken- und\/oder Urheberrechtsgesetze darstellen. Alle anderen Produktnamen oder Dienstleistungen, die auf unserer Website erw\u00e4hnt werden, sind Marken der jeweiligen Eigent\u00fcmer. .<\/p>\n<p>Ohne die Allgemeing\u00fcltigkeit des Vorstehenden einzuschr\u00e4nken, handelt es sich im Folgenden um Marken von GLOBAL EXCEL:<br \/>\u2020Global Excel (Name und Design)<br \/>*La cl\u00e9 des affaires pour les Am\u00e9riques<br \/>*Partner f\u00fcr: Amerika<br \/>*Partner f\u00fcr: Sie<br \/>\u2020ist eine eingetragene Marke von Global Excel Management Inc.<br \/>*sind Marken von Global Excel Management Inc.<\/p>\n<h3>Genauigkeit der Informationen<\/h3>\n<p>Alle Informationen auf dieser Website k\u00f6nnen ohne vorherige Ank\u00fcndigung ge\u00e4ndert werden. Wir \u00fcbernehmen keine Garantie f\u00fcr die Richtigkeit und Aktualit\u00e4t der Informationen auf dieser Website. Wir sind nicht verantwortlich daf\u00fcr, wenn Sie sich auf diese Website oder ihren Inhalt verlassen. Die Nutzung dieser Website erfolgt auf der Basis des Ist-Zustandes und ausschlie\u00dflich auf Ihr eigenes Risiko.<\/p>\n<h3>Dienstleistungen<\/h3>\n<p>Die Beschreibungen der auf dieser Website angebotenen Dienstleistungen dienen lediglich der allgemeinen Information und werden nicht in L\u00e4ndern angeboten, in denen ein solches Angebot oder eine solche Dienstleistung gegen lokale Gesetze oder Vorschriften versto\u00dfen w\u00fcrde. Die auf der Website bereitgestellten Informationen stellen kein Angebot dar. Die auf dieser Website beschriebenen Dienstleistungen unterliegen m\u00f6glicherweise den Leistungen, Bedingungen und Ausschl\u00fcssen, die in Ihrem Vertragstext enthalten sind.<\/p>\n<h3>Keine Haftung<\/h3>\n<p>Die Nutzung dieser Website erfolgt ausschlie\u00dflich auf Ihr eigenes Risiko. GLOBAL EXCEL, die mit ihr verbundenen Unternehmen und ihre Vertreter sind in keiner Weise f\u00fcr Sch\u00e4den, Verluste oder Beeintr\u00e4chtigungen verantwortlich, die sich aus der Nutzung dieser Website ergeben, einschlie\u00dflich direkter, indirekter, spezieller Sch\u00e4den, Sch\u00e4den an Dritten oder Folgesch\u00e4den. Wir sind nicht verantwortlich f\u00fcr jegliches nachteilige Vertrauen, das Sie auf die Website oder ihren Inhalt setzen.<\/p>\n<h3>Hyperlinks<\/h3>\n<p>Die Websites, auf die Sie \u00fcber Hypertext-Links auf dieser Website zugreifen k\u00f6nnen, wurden von anderen unabh\u00e4ngig entwickelt. Wir \u00fcbernehmen keine Garantie f\u00fcr die Richtigkeit der Informationen auf diesen anderen Websites. Wir \u00fcbernehmen keine Verantwortung f\u00fcr den Inhalt dieser anderen Websites. Wir billigen weder die auf diesen anderen Websites ge\u00e4u\u00dferten Meinungen noch stimmen wir ihnen zu. Die Sponsoren dieser Seiten stehen in keiner Verbindung zu GLOBAL EXCEL oder den mit ihr verbundenen Unternehmen.<\/p>\n<h3>Eingeschr\u00e4nkte Lizenz<\/h3>\n<p>Es ist Ihnen untersagt, den Text oder die Grafiken dieser Website ohne die ausdr\u00fcckliche schriftliche Genehmigung von GLOBAL EXCEL zu irgendeinem Zweck an andere weiterzugeben. Es ist Ihnen auch untersagt, diese Informationen ohne die ausdr\u00fcckliche schriftliche Genehmigung von GLOBAL EXCEL zu vervielf\u00e4ltigen, zu ver\u00e4ndern oder auf Ihrer eigenen Website wiederzuverwenden. Sie d\u00fcrfen jedoch Kopien der Informationen f\u00fcr Ihren pers\u00f6nlichen Gebrauch ausdrucken oder die Dateien auf Ihrem eigenen Computer f\u00fcr Ihren pers\u00f6nlichen Gebrauch speichern. .<br \/>Sie k\u00f6nnen einen Link zu dieser Website auf Ihrer eigenen Website einf\u00fcgen, solange der Link auf die Startseite verweist.<\/p>\n<h3>Gerichtsbarkeit<\/h3>\n<p>Der Hauptsitz von GLOBAL EXCEL befindet sich in Sherbrooke in der Provinz Quebec, Kanada. Die Gesetze der Provinz Quebec und die dort geltenden Bundesgesetze Kanadas sind ma\u00dfgeblich f\u00fcr die Auslegung, G\u00fcltigkeit und Wirkung dieser Vereinbarung und die Nutzung dieser Website. Sie erkl\u00e4ren sich hiermit einverstanden und unterwerfen sich der nicht ausschlie\u00dflichen Gerichtsbarkeit der Gerichte der Provinz Quebec in allen Klagen oder Verfahren, die im Rahmen dieser Vereinbarung oder im Zusammenhang mit der Nutzung dieser Website durch Sie eingeleitet werden.<\/p>\n\t\t\t\t\t\t\t\t<\/div>\n\t\t\t\t<\/div>\n\t\t\t\t<\/div>\n\t\t\t\t\t<\/div>\n\t\t\t\t<\/div>\n\t\t\t\t<\/div>\n\t\t","protected":false},"excerpt":{"rendered":"<p>Bedingungen f\u00fcr die Nutzung F\u00fcr sofortige Hilfe f\u00fcr unsere Versicherungsnehmer, Kunden oder f\u00fcr Unterst\u00fctzung bei Schadensf\u00e4llen: Bedingungen f\u00fcr die Nutzung Mit dem Zugriff auf die Global Excel Website akzeptieren Sie die folgenden Nutzungsbedingungen. Dementsprechend sind Sie an die auf der aktuellen Seite dargelegten Bedingungen gebunden; im Falle eines Missbrauchs oder einer Nutzung, die im Widerspruch [&hellip;]<\/p>\n","protected":false},"author":3,"featured_media":0,"parent":0,"menu_order":0,"comment_status":"closed","ping_status":"closed","template":"","meta":{"_acf_changed":false,"inline_featured_image":false,"footnotes":""},"class_list":["post-13559","page","type-page","status-publish","hentry"],"acf":[],"yoast_head":"<!-- This site is optimized with the Yoast SEO plugin v26.4 - https:\/\/yoast.com\/wordpress\/plugins\/seo\/ -->\n<title>Bedingungen f\u00fcr die Nutzung - Global Excel Management Inc.<\/title>\n<meta name=\"robots\" content=\"index, follow, max-snippet:-1, max-image-preview:large, max-video-preview:-1\" \/>\n<link rel=\"canonical\" href=\"https:\/\/globalexcel.com\/conditions-of-use\/\" \/>\n<meta property=\"og:locale\" content=\"de_DE\" \/>\n<meta property=\"og:type\" content=\"article\" \/>\n<meta property=\"og:title\" content=\"Bedingungen f\u00fcr die Nutzung - Global Excel Management Inc.\" \/>\n<meta property=\"og:description\" content=\"Bedingungen f\u00fcr die Nutzung F\u00fcr sofortige Hilfe f\u00fcr unsere Versicherungsnehmer, Kunden oder f\u00fcr Unterst\u00fctzung bei Schadensf\u00e4llen: Bedingungen f\u00fcr die Nutzung Mit dem Zugriff auf die Global Excel Website akzeptieren Sie die folgenden Nutzungsbedingungen. Dementsprechend sind Sie an die auf der aktuellen Seite dargelegten Bedingungen gebunden; im Falle eines Missbrauchs oder einer Nutzung, die im Widerspruch [&hellip;]\" \/>\n<meta property=\"og:url\" content=\"https:\/\/globalexcel.com\/conditions-of-use\/\" \/>\n<meta property=\"og:site_name\" content=\"Global Excel Management Inc.\" \/>\n<meta property=\"article:modified_time\" content=\"2024-05-14T20:29:18+00:00\" \/>\n<meta name=\"twitter:card\" content=\"summary_large_image\" \/>\n<meta name=\"twitter:label1\" content=\"Gesch\u00e4tzte Lesezeit\" \/>\n\t<meta name=\"twitter:data1\" content=\"5\u00a0Minuten\" \/>\n<script type=\"application\/ld+json\" class=\"yoast-schema-graph\">{\"@context\":\"https:\/\/schema.org\",\"@graph\":[{\"@type\":\"WebPage\",\"@id\":\"https:\/\/globalexcel.com\/conditions-of-use\/\",\"url\":\"https:\/\/globalexcel.com\/conditions-of-use\/\",\"name\":\"Bedingungen f\u00fcr die Nutzung - Global Excel Management Inc.\",\"isPartOf\":{\"@id\":\"https:\/\/globalexcel.com\/#website\"},\"datePublished\":\"2023-08-09T12:25:37+00:00\",\"dateModified\":\"2024-05-14T20:29:18+00:00\",\"breadcrumb\":{\"@id\":\"https:\/\/globalexcel.com\/conditions-of-use\/#breadcrumb\"},\"inLanguage\":\"de\",\"potentialAction\":[{\"@type\":\"ReadAction\",\"target\":[\"https:\/\/globalexcel.com\/conditions-of-use\/\"]}]},{\"@type\":\"BreadcrumbList\",\"@id\":\"https:\/\/globalexcel.com\/conditions-of-use\/#breadcrumb\",\"itemListElement\":[{\"@type\":\"ListItem\",\"position\":1,\"name\":\"Home\",\"item\":\"https:\/\/globalexcel.com\/es\/\"},{\"@type\":\"ListItem\",\"position\":2,\"name\":\"Bedingungen f\u00fcr die Nutzung\"}]},{\"@type\":\"WebSite\",\"@id\":\"https:\/\/globalexcel.com\/#website\",\"url\":\"https:\/\/globalexcel.com\/\",\"name\":\"Global Excel Management Inc.\",\"description\":\"Ihr Partner im Umgang mit Gesundheitskosten\",\"publisher\":{\"@id\":\"https:\/\/globalexcel.com\/#organization\"},\"potentialAction\":[{\"@type\":\"SearchAction\",\"target\":{\"@type\":\"EntryPoint\",\"urlTemplate\":\"https:\/\/globalexcel.com\/?s={search_term_string}\"},\"query-input\":{\"@type\":\"PropertyValueSpecification\",\"valueRequired\":true,\"valueName\":\"search_term_string\"}}],\"inLanguage\":\"de\"},{\"@type\":\"Organization\",\"@id\":\"https:\/\/globalexcel.com\/#organization\",\"name\":\"Global Excel Management Inc.\",\"url\":\"https:\/\/globalexcel.com\/\",\"logo\":{\"@type\":\"ImageObject\",\"inLanguage\":\"de\",\"@id\":\"https:\/\/globalexcel.com\/#\/schema\/logo\/image\/\",\"url\":\"https:\/\/globalexcel.com\/wp-content\/uploads\/gemLogoColor.svg\",\"contentUrl\":\"https:\/\/globalexcel.com\/wp-content\/uploads\/gemLogoColor.svg\",\"caption\":\"Global Excel Management Inc.\"},\"image\":{\"@id\":\"https:\/\/globalexcel.com\/#\/schema\/logo\/image\/\"}}]}<\/script>\n<!-- \/ Yoast SEO plugin. -->","yoast_head_json":{"title":"Bedingungen f\u00fcr die Nutzung - Global Excel Management Inc.","robots":{"index":"index","follow":"follow","max-snippet":"max-snippet:-1","max-image-preview":"max-image-preview:large","max-video-preview":"max-video-preview:-1"},"canonical":"https:\/\/globalexcel.com\/conditions-of-use\/","og_locale":"de_DE","og_type":"article","og_title":"Bedingungen f\u00fcr die Nutzung - Global Excel Management Inc.","og_description":"Bedingungen f\u00fcr die Nutzung F\u00fcr sofortige Hilfe f\u00fcr unsere Versicherungsnehmer, Kunden oder f\u00fcr Unterst\u00fctzung bei Schadensf\u00e4llen: Bedingungen f\u00fcr die Nutzung Mit dem Zugriff auf die Global Excel Website akzeptieren Sie die folgenden Nutzungsbedingungen. Dementsprechend sind Sie an die auf der aktuellen Seite dargelegten Bedingungen gebunden; im Falle eines Missbrauchs oder einer Nutzung, die im Widerspruch [&hellip;]","og_url":"https:\/\/globalexcel.com\/conditions-of-use\/","og_site_name":"Global Excel Management Inc.","article_modified_time":"2024-05-14T20:29:18+00:00","twitter_card":"summary_large_image","twitter_misc":{"Gesch\u00e4tzte Lesezeit":"5\u00a0Minuten"},"schema":{"@context":"https:\/\/schema.org","@graph":[{"@type":"WebPage","@id":"https:\/\/globalexcel.com\/conditions-of-use\/","url":"https:\/\/globalexcel.com\/conditions-of-use\/","name":"Bedingungen f\u00fcr die Nutzung - Global Excel Management Inc.","isPartOf":{"@id":"https:\/\/globalexcel.com\/#website"},"datePublished":"2023-08-09T12:25:37+00:00","dateModified":"2024-05-14T20:29:18+00:00","breadcrumb":{"@id":"https:\/\/globalexcel.com\/conditions-of-use\/#breadcrumb"},"inLanguage":"de","potentialAction":[{"@type":"ReadAction","target":["https:\/\/globalexcel.com\/conditions-of-use\/"]}]},{"@type":"BreadcrumbList","@id":"https:\/\/globalexcel.com\/conditions-of-use\/#breadcrumb","itemListElement":[{"@type":"ListItem","position":1,"name":"Home","item":"https:\/\/globalexcel.com\/es\/"},{"@type":"ListItem","position":2,"name":"Bedingungen f\u00fcr die Nutzung"}]},{"@type":"WebSite","@id":"https:\/\/globalexcel.com\/#website","url":"https:\/\/globalexcel.com\/","name":"Global Excel Management Inc.","description":"Ihr Partner im Umgang mit Gesundheitskosten","publisher":{"@id":"https:\/\/globalexcel.com\/#organization"},"potentialAction":[{"@type":"SearchAction","target":{"@type":"EntryPoint","urlTemplate":"https:\/\/globalexcel.com\/?s={search_term_string}"},"query-input":{"@type":"PropertyValueSpecification","valueRequired":true,"valueName":"search_term_string"}}],"inLanguage":"de"},{"@type":"Organization","@id":"https:\/\/globalexcel.com\/#organization","name":"Global Excel Management Inc.","url":"https:\/\/globalexcel.com\/","logo":{"@type":"ImageObject","inLanguage":"de","@id":"https:\/\/globalexcel.com\/#\/schema\/logo\/image\/","url":"https:\/\/globalexcel.com\/wp-content\/uploads\/gemLogoColor.svg","contentUrl":"https:\/\/globalexcel.com\/wp-content\/uploads\/gemLogoColor.svg","caption":"Global Excel Management Inc."},"image":{"@id":"https:\/\/globalexcel.com\/#\/schema\/logo\/image\/"}}]}},"_links":{"self":[{"href":"https:\/\/globalexcel.com\/de\/wp-json\/wp\/v2\/pages\/13559","targetHints":{"allow":["GET"]}}],"collection":[{"href":"https:\/\/globalexcel.com\/de\/wp-json\/wp\/v2\/pages"}],"about":[{"href":"https:\/\/globalexcel.com\/de\/wp-json\/wp\/v2\/types\/page"}],"author":[{"embeddable":true,"href":"https:\/\/globalexcel.com\/de\/wp-json\/wp\/v2\/users\/3"}],"replies":[{"embeddable":true,"href":"https:\/\/globalexcel.com\/de\/wp-json\/wp\/v2\/comments?post=13559"}],"version-history":[{"count":5,"href":"https:\/\/globalexcel.com\/de\/wp-json\/wp\/v2\/pages\/13559\/revisions"}],"predecessor-version":[{"id":14107,"href":"https:\/\/globalexcel.com\/de\/wp-json\/wp\/v2\/pages\/13559\/revisions\/14107"}],"wp:attachment":[{"href":"https:\/\/globalexcel.com\/de\/wp-json\/wp\/v2\/media?parent=13559"}],"curies":[{"name":"wp","href":"https:\/\/api.w.org\/{rel}","templated":true}]}}