{"id":13441,"date":"2023-08-09T08:53:04","date_gmt":"2023-08-09T12:53:04","guid":{"rendered":"https:\/\/brand.switch.makemagik.com\/uk-beschwerdeverfahren\/"},"modified":"2024-05-14T16:33:41","modified_gmt":"2024-05-14T20:33:41","slug":"uk-beschwerdeverfahren","status":"publish","type":"page","link":"https:\/\/globalexcel.com\/de\/uk-beschwerdeverfahren\/","title":{"rendered":"UK-Beschwerdeverfahren"},"content":{"rendered":"\t\t<div data-elementor-type=\"wp-page\" data-elementor-id=\"13441\" class=\"elementor elementor-13441 elementor-8355\" data-elementor-post-type=\"page\">\n\t\t\t\t<div class=\"elementor-element elementor-element-fa8615f hero-height e-flex e-con-boxed e-con e-parent\" data-id=\"fa8615f\" data-element_type=\"container\" data-settings=\"{&quot;background_background&quot;:&quot;classic&quot;}\">\n\t\t\t\t\t<div class=\"e-con-inner\">\n\t\t\t\t\t<\/div>\n\t\t\t\t<\/div>\n\t\t<div class=\"elementor-element elementor-element-240f0fd e-flex e-con-boxed e-con e-parent\" data-id=\"240f0fd\" data-element_type=\"container\">\n\t\t\t\t\t<div class=\"e-con-inner\">\n\t\t\t\t<div class=\"elementor-element elementor-element-ab7c7bc elementor-widget__width-inherit elementor-widget elementor-widget-global elementor-global-13958 elementor-global-1930 elementor-widget-breadcrumbs\" data-id=\"ab7c7bc\" data-element_type=\"widget\" data-widget_type=\"breadcrumbs.default\">\n\t\t\t\t<div class=\"elementor-widget-container\">\n\t\t\t\t\t<p id=\"breadcrumbs\"><span><span><a href=\"https:\/\/globalexcel.com\/es\/\">Home<\/a><\/span><\/span><\/p>\t\t\t\t<\/div>\n\t\t\t\t<\/div>\n\t\t\t\t<div class=\"elementor-element elementor-element-00753ea elementor-widget__width-inherit elementor-invisible elementor-widget elementor-widget-heading\" data-id=\"00753ea\" data-element_type=\"widget\" data-settings=\"{&quot;_animation&quot;:&quot;fadeInUp&quot;}\" data-widget_type=\"heading.default\">\n\t\t\t\t<div class=\"elementor-widget-container\">\n\t\t\t\t\t<h1 class=\"elementor-heading-title elementor-size-default\">Beschwerdeverfahren f\u00fcr Kunden mit Sitz in Gro\u00dfbritannien<\/h1>\t\t\t\t<\/div>\n\t\t\t\t<\/div>\n\t\t<div class=\"elementor-element elementor-element-425b08a e-con-full e-flex e-con e-child\" data-id=\"425b08a\" data-element_type=\"container\">\n\t\t\t\t<div class=\"elementor-element elementor-element-70110ed elementor-widget__width-inherit elementor-invisible elementor-widget elementor-widget-text-editor\" data-id=\"70110ed\" data-element_type=\"widget\" data-settings=\"{&quot;_animation&quot;:&quot;fadeInUp&quot;,&quot;_animation_delay&quot;:200}\" data-widget_type=\"text-editor.default\">\n\t\t\t\t<div class=\"elementor-widget-container\">\n\t\t\t\t\t\t\t\t\t<h2>Wir sind f\u00fcr viele verschiedene Versicherer t\u00e4tig. Sie finden das f\u00fcr Sie relevante Beschwerdeverfahren in Ihrem Vertragstext und auf der zugeh\u00f6rigen Website.<\/h2>\n\t\t\t\t\t\t\t\t<\/div>\n\t\t\t\t<\/div>\n\t\t\t\t<div class=\"elementor-element elementor-element-f8c35c1 elementor-widget__width-inherit elementor-widget elementor-widget-text-editor\" data-id=\"f8c35c1\" data-element_type=\"widget\" data-widget_type=\"text-editor.default\">\n\t\t\t\t<div class=\"elementor-widget-container\">\n\t\t\t\t\t\t\t\t\t<p>Wenn sich Ihre Beschwerde auf den von uns erbrachten Service bezieht, wird sie von Ihrem Versicherer unabh\u00e4ngig untersucht, und wir werden ihm alle erforderlichen Informationen zur Verf\u00fcgung stellen.<\/p>\n<p>Bitte beachten Sie, dass das britische Recht eine Frist von 8 Wochen f\u00fcr die Untersuchung einer Beschwerde vorsieht. Wenn diese Frist verstrichen ist oder Sie eine endg\u00fcltige Antwort erhalten haben, die Sie nicht akzeptieren, k\u00f6nnen Sie Ihre Beschwerde auf einem der folgenden Wege an den Financial Ombudsman Service weiterleiten:<\/p>\n<ul>\n<li>Per Telefon unter <strong>0300 123 9123<\/strong> (zum Inlandstarif) oder <strong>0800 023 4567<\/strong>(kostenlos aus dem Festnetz)<\/li>\n<li>Per E-Mail: <a href=\"mailto:complaint.info@financial-ombudsman.org.uk\">complaint.info@financial-ombudsman.org.uk<\/a><\/li>\n<li>Online \u00fcber die Website: <a href=\"https:\/\/www.financial-ombudsman.org.uk\" target=\"_blank\" rel=\"noopener\">https:\/\/www.financial-ombudsman.org.uk<\/a><\/li>\n<li>Per Post: Financial Ombudsman Service, Exchange Tower, London E14 9SR<\/li>\n<\/ul>\n<p>Sie k\u00f6nnen sich jederzeit an diese Stelle wenden, um sich beraten zu lassen: Der Service ist kostenlos und unparteiisch, und wenn Sie sich in irgendeinem Stadium Ihrer Beschwerde an diese Stelle wenden, hat dies keine Auswirkungen auf Ihre gesetzlichen Rechte.<\/p>\n\t\t\t\t\t\t\t\t<\/div>\n\t\t\t\t<\/div>\n\t\t\t\t<\/div>\n\t\t\t\t\t<\/div>\n\t\t\t\t<\/div>\n\t\t\t\t<\/div>\n\t\t","protected":false},"excerpt":{"rendered":"<p>Beschwerdeverfahren f\u00fcr Kunden mit Sitz in Gro\u00dfbritannien Wir sind f\u00fcr viele verschiedene Versicherer t\u00e4tig. Sie finden das f\u00fcr Sie relevante Beschwerdeverfahren in Ihrem Vertragstext und auf der zugeh\u00f6rigen Website. Wenn sich Ihre Beschwerde auf den von uns erbrachten Service bezieht, wird sie von Ihrem Versicherer unabh\u00e4ngig untersucht, und wir werden ihm alle erforderlichen Informationen zur [&hellip;]<\/p>\n","protected":false},"author":3,"featured_media":0,"parent":0,"menu_order":0,"comment_status":"closed","ping_status":"closed","template":"","meta":{"_acf_changed":false,"inline_featured_image":false,"footnotes":""},"class_list":["post-13441","page","type-page","status-publish","hentry"],"acf":[],"yoast_head":"<!-- This site is optimized with the Yoast SEO plugin v26.4 - https:\/\/yoast.com\/wordpress\/plugins\/seo\/ -->\n<title>UK-Beschwerdeverfahren - Global Excel Management Inc.<\/title>\n<meta name=\"robots\" content=\"index, follow, max-snippet:-1, max-image-preview:large, max-video-preview:-1\" \/>\n<link rel=\"canonical\" href=\"https:\/\/globalexcel.com\/de\/uk-beschwerdeverfahren\/\" \/>\n<meta property=\"og:locale\" content=\"de_DE\" \/>\n<meta property=\"og:type\" content=\"article\" \/>\n<meta property=\"og:title\" content=\"UK-Beschwerdeverfahren - Global Excel Management Inc.\" \/>\n<meta property=\"og:description\" content=\"Beschwerdeverfahren f\u00fcr Kunden mit Sitz in Gro\u00dfbritannien Wir sind f\u00fcr viele verschiedene Versicherer t\u00e4tig. Sie finden das f\u00fcr Sie relevante Beschwerdeverfahren in Ihrem Vertragstext und auf der zugeh\u00f6rigen Website. Wenn sich Ihre Beschwerde auf den von uns erbrachten Service bezieht, wird sie von Ihrem Versicherer unabh\u00e4ngig untersucht, und wir werden ihm alle erforderlichen Informationen zur [&hellip;]\" \/>\n<meta property=\"og:url\" content=\"https:\/\/globalexcel.com\/de\/uk-beschwerdeverfahren\/\" \/>\n<meta property=\"og:site_name\" content=\"Global Excel Management Inc.\" \/>\n<meta property=\"article:modified_time\" content=\"2024-05-14T20:33:41+00:00\" \/>\n<meta name=\"twitter:card\" content=\"summary_large_image\" \/>\n<meta name=\"twitter:label1\" content=\"Gesch\u00e4tzte Lesezeit\" \/>\n\t<meta name=\"twitter:data1\" content=\"2\u00a0Minuten\" \/>\n<script type=\"application\/ld+json\" class=\"yoast-schema-graph\">{\"@context\":\"https:\/\/schema.org\",\"@graph\":[{\"@type\":\"WebPage\",\"@id\":\"https:\/\/globalexcel.com\/de\/uk-beschwerdeverfahren\/\",\"url\":\"https:\/\/globalexcel.com\/de\/uk-beschwerdeverfahren\/\",\"name\":\"UK-Beschwerdeverfahren - Global Excel Management Inc.\",\"isPartOf\":{\"@id\":\"https:\/\/globalexcel.com\/#website\"},\"datePublished\":\"2023-08-09T12:53:04+00:00\",\"dateModified\":\"2024-05-14T20:33:41+00:00\",\"breadcrumb\":{\"@id\":\"https:\/\/globalexcel.com\/de\/uk-beschwerdeverfahren\/#breadcrumb\"},\"inLanguage\":\"de\",\"potentialAction\":[{\"@type\":\"ReadAction\",\"target\":[\"https:\/\/globalexcel.com\/de\/uk-beschwerdeverfahren\/\"]}]},{\"@type\":\"BreadcrumbList\",\"@id\":\"https:\/\/globalexcel.com\/de\/uk-beschwerdeverfahren\/#breadcrumb\",\"itemListElement\":[{\"@type\":\"ListItem\",\"position\":1,\"name\":\"Home\",\"item\":\"https:\/\/globalexcel.com\/es\/\"},{\"@type\":\"ListItem\",\"position\":2,\"name\":\"UK-Beschwerdeverfahren\"}]},{\"@type\":\"WebSite\",\"@id\":\"https:\/\/globalexcel.com\/#website\",\"url\":\"https:\/\/globalexcel.com\/\",\"name\":\"Global Excel Management Inc.\",\"description\":\"Ihr Partner im Umgang mit Gesundheitskosten\",\"publisher\":{\"@id\":\"https:\/\/globalexcel.com\/#organization\"},\"potentialAction\":[{\"@type\":\"SearchAction\",\"target\":{\"@type\":\"EntryPoint\",\"urlTemplate\":\"https:\/\/globalexcel.com\/?s={search_term_string}\"},\"query-input\":{\"@type\":\"PropertyValueSpecification\",\"valueRequired\":true,\"valueName\":\"search_term_string\"}}],\"inLanguage\":\"de\"},{\"@type\":\"Organization\",\"@id\":\"https:\/\/globalexcel.com\/#organization\",\"name\":\"Global Excel Management Inc.\",\"url\":\"https:\/\/globalexcel.com\/\",\"logo\":{\"@type\":\"ImageObject\",\"inLanguage\":\"de\",\"@id\":\"https:\/\/globalexcel.com\/#\/schema\/logo\/image\/\",\"url\":\"https:\/\/globalexcel.com\/wp-content\/uploads\/gemLogoColor.svg\",\"contentUrl\":\"https:\/\/globalexcel.com\/wp-content\/uploads\/gemLogoColor.svg\",\"caption\":\"Global Excel Management Inc.\"},\"image\":{\"@id\":\"https:\/\/globalexcel.com\/#\/schema\/logo\/image\/\"}}]}<\/script>\n<!-- \/ Yoast SEO plugin. -->","yoast_head_json":{"title":"UK-Beschwerdeverfahren - Global Excel Management Inc.","robots":{"index":"index","follow":"follow","max-snippet":"max-snippet:-1","max-image-preview":"max-image-preview:large","max-video-preview":"max-video-preview:-1"},"canonical":"https:\/\/globalexcel.com\/de\/uk-beschwerdeverfahren\/","og_locale":"de_DE","og_type":"article","og_title":"UK-Beschwerdeverfahren - Global Excel Management Inc.","og_description":"Beschwerdeverfahren f\u00fcr Kunden mit Sitz in Gro\u00dfbritannien Wir sind f\u00fcr viele verschiedene Versicherer t\u00e4tig. Sie finden das f\u00fcr Sie relevante Beschwerdeverfahren in Ihrem Vertragstext und auf der zugeh\u00f6rigen Website. Wenn sich Ihre Beschwerde auf den von uns erbrachten Service bezieht, wird sie von Ihrem Versicherer unabh\u00e4ngig untersucht, und wir werden ihm alle erforderlichen Informationen zur [&hellip;]","og_url":"https:\/\/globalexcel.com\/de\/uk-beschwerdeverfahren\/","og_site_name":"Global Excel Management Inc.","article_modified_time":"2024-05-14T20:33:41+00:00","twitter_card":"summary_large_image","twitter_misc":{"Gesch\u00e4tzte Lesezeit":"2\u00a0Minuten"},"schema":{"@context":"https:\/\/schema.org","@graph":[{"@type":"WebPage","@id":"https:\/\/globalexcel.com\/de\/uk-beschwerdeverfahren\/","url":"https:\/\/globalexcel.com\/de\/uk-beschwerdeverfahren\/","name":"UK-Beschwerdeverfahren - Global Excel Management Inc.","isPartOf":{"@id":"https:\/\/globalexcel.com\/#website"},"datePublished":"2023-08-09T12:53:04+00:00","dateModified":"2024-05-14T20:33:41+00:00","breadcrumb":{"@id":"https:\/\/globalexcel.com\/de\/uk-beschwerdeverfahren\/#breadcrumb"},"inLanguage":"de","potentialAction":[{"@type":"ReadAction","target":["https:\/\/globalexcel.com\/de\/uk-beschwerdeverfahren\/"]}]},{"@type":"BreadcrumbList","@id":"https:\/\/globalexcel.com\/de\/uk-beschwerdeverfahren\/#breadcrumb","itemListElement":[{"@type":"ListItem","position":1,"name":"Home","item":"https:\/\/globalexcel.com\/es\/"},{"@type":"ListItem","position":2,"name":"UK-Beschwerdeverfahren"}]},{"@type":"WebSite","@id":"https:\/\/globalexcel.com\/#website","url":"https:\/\/globalexcel.com\/","name":"Global Excel Management Inc.","description":"Ihr Partner im Umgang mit Gesundheitskosten","publisher":{"@id":"https:\/\/globalexcel.com\/#organization"},"potentialAction":[{"@type":"SearchAction","target":{"@type":"EntryPoint","urlTemplate":"https:\/\/globalexcel.com\/?s={search_term_string}"},"query-input":{"@type":"PropertyValueSpecification","valueRequired":true,"valueName":"search_term_string"}}],"inLanguage":"de"},{"@type":"Organization","@id":"https:\/\/globalexcel.com\/#organization","name":"Global Excel Management Inc.","url":"https:\/\/globalexcel.com\/","logo":{"@type":"ImageObject","inLanguage":"de","@id":"https:\/\/globalexcel.com\/#\/schema\/logo\/image\/","url":"https:\/\/globalexcel.com\/wp-content\/uploads\/gemLogoColor.svg","contentUrl":"https:\/\/globalexcel.com\/wp-content\/uploads\/gemLogoColor.svg","caption":"Global Excel Management Inc."},"image":{"@id":"https:\/\/globalexcel.com\/#\/schema\/logo\/image\/"}}]}},"_links":{"self":[{"href":"https:\/\/globalexcel.com\/de\/wp-json\/wp\/v2\/pages\/13441","targetHints":{"allow":["GET"]}}],"collection":[{"href":"https:\/\/globalexcel.com\/de\/wp-json\/wp\/v2\/pages"}],"about":[{"href":"https:\/\/globalexcel.com\/de\/wp-json\/wp\/v2\/types\/page"}],"author":[{"embeddable":true,"href":"https:\/\/globalexcel.com\/de\/wp-json\/wp\/v2\/users\/3"}],"replies":[{"embeddable":true,"href":"https:\/\/globalexcel.com\/de\/wp-json\/wp\/v2\/comments?post=13441"}],"version-history":[{"count":5,"href":"https:\/\/globalexcel.com\/de\/wp-json\/wp\/v2\/pages\/13441\/revisions"}],"predecessor-version":[{"id":14134,"href":"https:\/\/globalexcel.com\/de\/wp-json\/wp\/v2\/pages\/13441\/revisions\/14134"}],"wp:attachment":[{"href":"https:\/\/globalexcel.com\/de\/wp-json\/wp\/v2\/media?parent=13441"}],"curies":[{"name":"wp","href":"https:\/\/api.w.org\/{rel}","templated":true}]}}